{"id":22507,"date":"2018-05-22T15:13:47","date_gmt":"2018-05-22T18:13:47","guid":{"rendered":"https:\/\/kpn.com.uy\/web\/?page_id=22507"},"modified":"2018-06-05T11:10:48","modified_gmt":"2018-06-05T14:10:48","slug":"tradicion-kpn","status":"publish","type":"page","link":"https:\/\/kpn.com.uy\/web\/tradicion-kpn\/","title":{"rendered":"TRADICI\u00d3N KPN"},"content":{"rendered":"<p><b>Sin perder nuestra costumbre, este a\u00f1o realizamos nuevamente una linda jornada con nuestros clientes y amigos para presentar de primera mano las nuevas tecnolog\u00edas que han surgido, referidas a diversos sistemas de posicionamiento y medici\u00f3n. A su vez, compartimos experiencias de nuestros clientes y escuchamos nuevas inquietudes para ofrecer cada a\u00f1o lo que demandan nuestros clientes.<\/b><\/p>\n<p>Esta novena edici\u00f3n, cont\u00f3 con la presencia destacada de gerentes regionales de las marcas Trimble, Delair-tech, Spectra y Seafloor, quienes estuvieron presentando las nuevas tecnolog\u00edas\u00a0 y respondiendo a las distintas consultas de nuestros clientes.<\/p>\n<p>Se destacaron para este a\u00f1o las siguientes novedades:<\/p>\n<ul>\n<li>Dron profesional UX11 de la marca Delair-tech,\u00a0de ala fija, para mapeo de grandes \u00e1reas con precisi\u00f3n de cent\u00edmetros y PPK opcional para obtener resultados de nivel topogr\u00e1fico.<\/li>\n<li>Nueva estaci\u00f3n total Trimble C5:\u00a0 autoenfoque, potente medidor l\u00e1ser, pantallas t\u00e1ctiles de alta resoluci\u00f3n dobles y tecnolog\u00edas de localizaci\u00f3n L2P.<\/li>\n<li>Ecosonda Echoboat de la marca Seafloor:\u00a0 es una plataforma de levantamiento port\u00e1til, controlada a distancia, desarrollado para levantamientos hidrogr\u00e1ficos.<\/li>\n<\/ul>\n<p>Como no pod\u00eda ser de otra manera, las presentaciones y demostraciones de los equipos fueron acompa\u00f1adas desde temprano con un excelente desayuno y una gran parrillada en el almuerzo, incluyendo cerveza artesanal y ricos postres para culminar el evento.<\/p>\n<p>Agradecemos a nuestros clientes por participar de este evento y confiar en nosotros.<\/p>\n<p>\u00a1Estamos a las \u00f3rdenes!<\/p>\n<p><img fetchpriority=\"high\" decoding=\"async\" class=\"alignnone size-full wp-image-22517\" src=\"https:\/\/kpn.com.uy\/web\/wp-content\/uploads\/2018\/05\/DSCN1928.jpg\" alt=\"\" width=\"888\" height=\"632\" srcset=\"https:\/\/kpn.com.uy\/web\/wp-content\/uploads\/2018\/05\/DSCN1928.jpg 888w, https:\/\/kpn.com.uy\/web\/wp-content\/uploads\/2018\/05\/DSCN1928-500x356.jpg 500w, https:\/\/kpn.com.uy\/web\/wp-content\/uploads\/2018\/05\/DSCN1928-401x285.jpg 401w, https:\/\/kpn.com.uy\/web\/wp-content\/uploads\/2018\/05\/DSCN1928-480x342.jpg 480w, https:\/\/kpn.com.uy\/web\/wp-content\/uploads\/2018\/05\/DSCN1928-640x455.jpg 640w, https:\/\/kpn.com.uy\/web\/wp-content\/uploads\/2018\/05\/DSCN1928-129x92.jpg 129w, https:\/\/kpn.com.uy\/web\/wp-content\/uploads\/2018\/05\/DSCN1928-100x71.jpg 100w, https:\/\/kpn.com.uy\/web\/wp-content\/uploads\/2018\/05\/DSCN1928-200x142.jpg 200w, https:\/\/kpn.com.uy\/web\/wp-content\/uploads\/2018\/05\/DSCN1928-300x214.jpg 300w\" sizes=\"(max-width: 888px) 100vw, 888px\" \/><\/p>\n<p><img decoding=\"async\" class=\"alignnone size-full wp-image-22521\" src=\"https:\/\/kpn.com.uy\/web\/wp-content\/uploads\/2018\/05\/DSCN1859-copia.jpg\" alt=\"\" width=\"856\" height=\"608\" srcset=\"https:\/\/kpn.com.uy\/web\/wp-content\/uploads\/2018\/05\/DSCN1859-copia.jpg 856w, https:\/\/kpn.com.uy\/web\/wp-content\/uploads\/2018\/05\/DSCN1859-copia-500x355.jpg 500w, https:\/\/kpn.com.uy\/web\/wp-content\/uploads\/2018\/05\/DSCN1859-copia-401x285.jpg 401w, https:\/\/kpn.com.uy\/web\/wp-content\/uploads\/2018\/05\/DSCN1859-copia-480x341.jpg 480w, https:\/\/kpn.com.uy\/web\/wp-content\/uploads\/2018\/05\/DSCN1859-copia-640x455.jpg 640w, https:\/\/kpn.com.uy\/web\/wp-content\/uploads\/2018\/05\/DSCN1859-copia-130x92.jpg 130w, https:\/\/kpn.com.uy\/web\/wp-content\/uploads\/2018\/05\/DSCN1859-copia-100x71.jpg 100w, https:\/\/kpn.com.uy\/web\/wp-content\/uploads\/2018\/05\/DSCN1859-copia-200x142.jpg 200w, https:\/\/kpn.com.uy\/web\/wp-content\/uploads\/2018\/05\/DSCN1859-copia-300x213.jpg 300w\" sizes=\"(max-width: 856px) 100vw, 856px\" \/><img decoding=\"async\" class=\"alignnone wp-image-22518\" src=\"https:\/\/kpn.com.uy\/web\/wp-content\/uploads\/2018\/05\/DSCN1920.jpg\" alt=\"\" width=\"823\" height=\"734\" srcset=\"https:\/\/kpn.com.uy\/web\/wp-content\/uploads\/2018\/05\/DSCN1920.jpg 808w, https:\/\/kpn.com.uy\/web\/wp-content\/uploads\/2018\/05\/DSCN1920-500x446.jpg 500w, https:\/\/kpn.com.uy\/web\/wp-content\/uploads\/2018\/05\/DSCN1920-401x357.jpg 401w, https:\/\/kpn.com.uy\/web\/wp-content\/uploads\/2018\/05\/DSCN1920-480x428.jpg 480w, https:\/\/kpn.com.uy\/web\/wp-content\/uploads\/2018\/05\/DSCN1920-640x570.jpg 640w, https:\/\/kpn.com.uy\/web\/wp-content\/uploads\/2018\/05\/DSCN1920-103x92.jpg 103w, https:\/\/kpn.com.uy\/web\/wp-content\/uploads\/2018\/05\/DSCN1920-100x89.jpg 100w, https:\/\/kpn.com.uy\/web\/wp-content\/uploads\/2018\/05\/DSCN1920-200x178.jpg 200w, https:\/\/kpn.com.uy\/web\/wp-content\/uploads\/2018\/05\/DSCN1920-300x267.jpg 300w\" sizes=\"(max-width: 823px) 100vw, 823px\" \/> <img loading=\"lazy\" decoding=\"async\" class=\"alignnone size-full wp-image-22525\" src=\"https:\/\/kpn.com.uy\/web\/wp-content\/uploads\/2018\/05\/DSCN1827-copia.jpg\" alt=\"\" width=\"880\" height=\"616\" srcset=\"https:\/\/kpn.com.uy\/web\/wp-content\/uploads\/2018\/05\/DSCN1827-copia.jpg 880w, https:\/\/kpn.com.uy\/web\/wp-content\/uploads\/2018\/05\/DSCN1827-copia-500x350.jpg 500w, https:\/\/kpn.com.uy\/web\/wp-content\/uploads\/2018\/05\/DSCN1827-copia-401x281.jpg 401w, https:\/\/kpn.com.uy\/web\/wp-content\/uploads\/2018\/05\/DSCN1827-copia-480x336.jpg 480w, https:\/\/kpn.com.uy\/web\/wp-content\/uploads\/2018\/05\/DSCN1827-copia-640x448.jpg 640w, https:\/\/kpn.com.uy\/web\/wp-content\/uploads\/2018\/05\/DSCN1827-copia-131x92.jpg 131w, https:\/\/kpn.com.uy\/web\/wp-content\/uploads\/2018\/05\/DSCN1827-copia-100x70.jpg 100w, https:\/\/kpn.com.uy\/web\/wp-content\/uploads\/2018\/05\/DSCN1827-copia-200x140.jpg 200w, https:\/\/kpn.com.uy\/web\/wp-content\/uploads\/2018\/05\/DSCN1827-copia-300x210.jpg 300w\" sizes=\"(max-width: 880px) 100vw, 880px\" \/><\/p>\n<p><img loading=\"lazy\" decoding=\"async\" class=\"alignnone size-full wp-image-22542\" src=\"https:\/\/kpn.com.uy\/web\/wp-content\/uploads\/2018\/05\/WhatsApp-Image-2018-05-24-at-12.36.00-1.jpeg\" alt=\"\" width=\"1024\" height=\"768\" srcset=\"https:\/\/kpn.com.uy\/web\/wp-content\/uploads\/2018\/05\/WhatsApp-Image-2018-05-24-at-12.36.00-1.jpeg 1024w, https:\/\/kpn.com.uy\/web\/wp-content\/uploads\/2018\/05\/WhatsApp-Image-2018-05-24-at-12.36.00-1-500x375.jpeg 500w, https:\/\/kpn.com.uy\/web\/wp-content\/uploads\/2018\/05\/WhatsApp-Image-2018-05-24-at-12.36.00-1-401x301.jpeg 401w, https:\/\/kpn.com.uy\/web\/wp-content\/uploads\/2018\/05\/WhatsApp-Image-2018-05-24-at-12.36.00-1-480x360.jpeg 480w, https:\/\/kpn.com.uy\/web\/wp-content\/uploads\/2018\/05\/WhatsApp-Image-2018-05-24-at-12.36.00-1-640x480.jpeg 640w, https:\/\/kpn.com.uy\/web\/wp-content\/uploads\/2018\/05\/WhatsApp-Image-2018-05-24-at-12.36.00-1-123x92.jpeg 123w, https:\/\/kpn.com.uy\/web\/wp-content\/uploads\/2018\/05\/WhatsApp-Image-2018-05-24-at-12.36.00-1-100x75.jpeg 100w, https:\/\/kpn.com.uy\/web\/wp-content\/uploads\/2018\/05\/WhatsApp-Image-2018-05-24-at-12.36.00-1-200x150.jpeg 200w, https:\/\/kpn.com.uy\/web\/wp-content\/uploads\/2018\/05\/WhatsApp-Image-2018-05-24-at-12.36.00-1-300x225.jpeg 300w\" sizes=\"(max-width: 1024px) 100vw, 1024px\" \/><\/p>\n<p><img loading=\"lazy\" decoding=\"async\" class=\"alignnone size-full wp-image-22543\" src=\"https:\/\/kpn.com.uy\/web\/wp-content\/uploads\/2018\/05\/WhatsApp-Image-2018-06-05-at-11.05.45.jpeg\" alt=\"\" width=\"1024\" height=\"450\" srcset=\"https:\/\/kpn.com.uy\/web\/wp-content\/uploads\/2018\/05\/WhatsApp-Image-2018-06-05-at-11.05.45.jpeg 1024w, https:\/\/kpn.com.uy\/web\/wp-content\/uploads\/2018\/05\/WhatsApp-Image-2018-06-05-at-11.05.45-500x220.jpeg 500w, https:\/\/kpn.com.uy\/web\/wp-content\/uploads\/2018\/05\/WhatsApp-Image-2018-06-05-at-11.05.45-401x176.jpeg 401w, https:\/\/kpn.com.uy\/web\/wp-content\/uploads\/2018\/05\/WhatsApp-Image-2018-06-05-at-11.05.45-480x211.jpeg 480w, https:\/\/kpn.com.uy\/web\/wp-content\/uploads\/2018\/05\/WhatsApp-Image-2018-06-05-at-11.05.45-640x281.jpeg 640w, https:\/\/kpn.com.uy\/web\/wp-content\/uploads\/2018\/05\/WhatsApp-Image-2018-06-05-at-11.05.45-209x92.jpeg 209w, https:\/\/kpn.com.uy\/web\/wp-content\/uploads\/2018\/05\/WhatsApp-Image-2018-06-05-at-11.05.45-100x44.jpeg 100w, https:\/\/kpn.com.uy\/web\/wp-content\/uploads\/2018\/05\/WhatsApp-Image-2018-06-05-at-11.05.45-200x88.jpeg 200w, https:\/\/kpn.com.uy\/web\/wp-content\/uploads\/2018\/05\/WhatsApp-Image-2018-06-05-at-11.05.45-300x132.jpeg 300w\" sizes=\"(max-width: 1024px) 100vw, 1024px\" \/><\/p>\n","protected":false},"excerpt":{"rendered":"<p>Sin perder nuestra costumbre, este a\u00f1o realizamos nuevamente una linda jornada con nuestros clientes y amigos para presentar de primera mano las nuevas tecnolog\u00edas que han surgido, referidas<\/p>\n","protected":false},"author":1,"featured_media":22519,"parent":0,"menu_order":0,"comment_status":"closed","ping_status":"closed","template":"","meta":{"_exactmetrics_skip_tracking":false,"_exactmetrics_sitenote_active":false,"_exactmetrics_sitenote_note":"","_exactmetrics_sitenote_category":0,"_monsterinsights_skip_tracking":false,"_monsterinsights_sitenote_active":false,"_monsterinsights_sitenote_note":"","_monsterinsights_sitenote_category":0,"footnotes":""},"class_list":["post-22507","page","type-page","status-publish","has-post-thumbnail","hentry"],"_links":{"self":[{"href":"https:\/\/kpn.com.uy\/web\/wp-json\/wp\/v2\/pages\/22507","targetHints":{"allow":["GET"]}}],"collection":[{"href":"https:\/\/kpn.com.uy\/web\/wp-json\/wp\/v2\/pages"}],"about":[{"href":"https:\/\/kpn.com.uy\/web\/wp-json\/wp\/v2\/types\/page"}],"author":[{"embeddable":true,"href":"https:\/\/kpn.com.uy\/web\/wp-json\/wp\/v2\/users\/1"}],"replies":[{"embeddable":true,"href":"https:\/\/kpn.com.uy\/web\/wp-json\/wp\/v2\/comments?post=22507"}],"version-history":[{"count":3,"href":"https:\/\/kpn.com.uy\/web\/wp-json\/wp\/v2\/pages\/22507\/revisions"}],"predecessor-version":[{"id":22544,"href":"https:\/\/kpn.com.uy\/web\/wp-json\/wp\/v2\/pages\/22507\/revisions\/22544"}],"wp:featuredmedia":[{"embeddable":true,"href":"https:\/\/kpn.com.uy\/web\/wp-json\/wp\/v2\/media\/22519"}],"wp:attachment":[{"href":"https:\/\/kpn.com.uy\/web\/wp-json\/wp\/v2\/media?parent=22507"}],"curies":[{"name":"wp","href":"https:\/\/api.w.org\/{rel}","templated":true}]}}