{"id":584,"date":"2016-12-07T23:56:18","date_gmt":"2016-12-08T02:56:18","guid":{"rendered":"https:\/\/kpn.com.uy\/web\/?page_id=584"},"modified":"2021-05-04T12:13:21","modified_gmt":"2021-05-04T15:13:21","slug":"empresa","status":"publish","type":"page","link":"https:\/\/kpn.com.uy\/web\/empresa\/","title":{"rendered":"Empresa"},"content":{"rendered":"<p>[vc_row][vc_column width=&#8221;1\/2&#8243; css=&#8221;.vc_custom_1505423194523{margin-top: -10px !important;}&#8221;][vc_column_text 0=&#8221;&#8221;]<\/p>\n<h4>KPN &#8211; METIOR <b>forma parte del grupo KPN Holding (<a href=\"https:\/\/www.kpnsafety.com\/\">https:\/\/www.kpnsafety.com\/<\/a>)<\/b>, brinda diferentes soluciones tecnol\u00f3gicas de posicionamiento y medici\u00f3n a diferentes aplicaciones profesionales, entre ellas:<\/h4>\n<h4>+ Geodesia<br \/>+ Agrimensura<br \/>+ Topograf\u00eda y SIG<br \/>+ Arquitectura y BIM<br \/>+ Construcci\u00f3n<br \/>+ Fotogrametr\u00eda<br \/>+ Agricultura de Precisi\u00f3n<br \/>+ Miner\u00eda<\/h4>\n<h4>KPN siempre busca nuevos desaf\u00edos para dar una soluci\u00f3n integral a nuestros clientes y buen soporte post-venta.<\/h4>\n<h4>Presentes en Uruguay, Paraguay y Bolivia.<\/h4>\n<p>[\/vc_column_text][\/vc_column][vc_column width=&#8221;1\/2&#8243;][vc_single_image image=&#8221;21826&#8243; img_size=&#8221;full&#8221; alignment=&#8221;center&#8221;][\/vc_column][\/vc_row][vc_row full_width=&#8221;stretch_row&#8221; css=&#8221;.vc_custom_1501598686074{padding-bottom: 60px !important;background-color: #f7f7f7 !important;}&#8221; el_class=&#8221;dark-row&#8221;][vc_column css=&#8221;.vc_custom_1486430569147{padding-bottom: 17px !important;}&#8221;][vc_column_text 0=&#8221;&#8221;]<\/p>\n<h2 style=\"text-align: center;\">\u00a0<\/h2>\n<h2 style=\"text-align: center;\"><span style=\"color: #333333;\">C\u00f3mo Trabajamos<\/span><\/h2>\n<p>[\/vc_column_text][\/vc_column][vc_column width=&#8221;1\/3&#8243;][vc_icon icon_fontawesome=&#8221;fa fa-cogs&#8221; color=&#8221;custom&#8221; size=&#8221;lg&#8221; align=&#8221;center&#8221; custom_color=&#8221;#333333&#8243;][vc_column_text css=&#8221;.vc_custom_1504884888905{margin-top: -25px !important;}&#8221;]<\/p>\n<h4 style=\"text-align: center; font-size: 22px;\"><span style=\"color: #333333;\">SERVICIO A NUESTROS CLIENTES<\/span><\/h4>\n<p style=\"text-align: center;\">KPN cuenta con un centro de capacitaci\u00f3n para nuestros clientes, donde se brindan cursos y workshops de las tecnolog\u00edas que comercializamos. Contamos con un laboratorio de calibraci\u00f3n y reparaci\u00f3n de equipos unico en Uruguay, los t\u00e9cnicos est\u00e1n certificados por las marcas que representamos.<\/p>\n<p>[\/vc_column_text][\/vc_column][vc_column width=&#8221;1\/3&#8243;][vc_icon icon_fontawesome=&#8221;fa fa-users&#8221; color=&#8221;custom&#8221; size=&#8221;lg&#8221; align=&#8221;center&#8221; custom_color=&#8221;#333333&#8243;][vc_column_text css=&#8221;.vc_custom_1504884907171{margin-top: -25px !important;}&#8221;]<\/p>\n<h4 style=\"text-align: center; font-size: 22px;\"><span style=\"color: #333333;\">EQUIPO DE TRABAJO S\u00d3LIDO<\/span><\/h4>\n<p style=\"text-align: center;\">La filosof\u00eda de KPN es brindar una soluci\u00f3n adecuada a cada cliente, para eso nuestro equipo de trabajo est\u00e1 conformado por diferentes profesionales especializados en diferentes rubros, los cuales dar\u00e1n una respuesta que mejor adapta a la necesidades y brindar un soporte a las consultas del cliente.<\/p>\n<p>[\/vc_column_text][\/vc_column][vc_column width=&#8221;1\/3&#8243; css=&#8221;.vc_custom_1499444453295{padding-top: -10px !important;}&#8221;][vc_icon icon_fontawesome=&#8221;fa fa-thumbs-o-up&#8221; color=&#8221;custom&#8221; size=&#8221;lg&#8221; align=&#8221;center&#8221; custom_color=&#8221;#333333&#8243;][vc_column_text css=&#8221;.vc_custom_1504884926100{margin-top: -25px !important;}&#8221;]<\/p>\n<h4 style=\"text-align: center; font-size: 22px;\"><span style=\"color: #333333;\">CONTAMOS CON GRANDES MARCAS<\/span><\/h4>\n<p style=\"text-align: center;\">KPN es representante de varias marcas para Uruguay y Paraguay, entre ellas Trimble, Ag-Leader, Spectra &#8211; Precision, Moba, Nedo, Pix4d, Microsurvey, Seco &#8211; Laser-Line, Kolida, entre otras.<\/p>\n<p>[\/vc_column_text][\/vc_column][\/vc_row]<\/p><p><\/p>","protected":false},"excerpt":{"rendered":"<p>[vc_row][vc_column width=&#8221;1\/2&#8243; css=&#8221;.vc_custom_1505423194523{margin-top: -10px !important;}&#8221;][vc_column_text 0=&#8221;&#8221;] KPN &#8211; METIOR forma parte del grupo KPN Holding (https:\/\/www.kpnsafety.com\/), brinda diferentes soluciones tecnol\u00f3gicas de posicionamiento y medici\u00f3n a diferentes aplicaciones profesionales,<\/p>\n","protected":false},"author":1,"featured_media":0,"parent":0,"menu_order":0,"comment_status":"closed","ping_status":"closed","template":"","meta":{"_exactmetrics_skip_tracking":false,"_exactmetrics_sitenote_active":false,"_exactmetrics_sitenote_note":"","_exactmetrics_sitenote_category":0,"_monsterinsights_skip_tracking":false,"_monsterinsights_sitenote_active":false,"_monsterinsights_sitenote_note":"","_monsterinsights_sitenote_category":0,"footnotes":""},"class_list":["post-584","page","type-page","status-publish","hentry"],"_links":{"self":[{"href":"https:\/\/kpn.com.uy\/web\/wp-json\/wp\/v2\/pages\/584","targetHints":{"allow":["GET"]}}],"collection":[{"href":"https:\/\/kpn.com.uy\/web\/wp-json\/wp\/v2\/pages"}],"about":[{"href":"https:\/\/kpn.com.uy\/web\/wp-json\/wp\/v2\/types\/page"}],"author":[{"embeddable":true,"href":"https:\/\/kpn.com.uy\/web\/wp-json\/wp\/v2\/users\/1"}],"replies":[{"embeddable":true,"href":"https:\/\/kpn.com.uy\/web\/wp-json\/wp\/v2\/comments?post=584"}],"version-history":[{"count":73,"href":"https:\/\/kpn.com.uy\/web\/wp-json\/wp\/v2\/pages\/584\/revisions"}],"predecessor-version":[{"id":23992,"href":"https:\/\/kpn.com.uy\/web\/wp-json\/wp\/v2\/pages\/584\/revisions\/23992"}],"wp:attachment":[{"href":"https:\/\/kpn.com.uy\/web\/wp-json\/wp\/v2\/media?parent=584"}],"curies":[{"name":"wp","href":"https:\/\/api.w.org\/{rel}","templated":true}]}}