{"id":698,"date":"2016-12-28T15:04:43","date_gmt":"2016-12-28T18:04:43","guid":{"rendered":"https:\/\/kpn.com.uy\/web\/?page_id=698"},"modified":"2018-07-19T11:55:15","modified_gmt":"2018-07-19T14:55:15","slug":"alquiler-equipos","status":"publish","type":"page","link":"https:\/\/kpn.com.uy\/web\/alquiler-equipos\/","title":{"rendered":"Alquiler de Equipos"},"content":{"rendered":"<p>[vc_row full_width=&#8221;stretch_row_content&#8221; css=&#8221;.vc_custom_1503598961512{padding-top: 0px !important;background-color: #ffffff !important;}&#8221;][vc_column 0=&#8221;&#8221;][vc_column_text]<\/p>\n<h3 style=\"text-align: center;\">Caracter\u00edsticas de nuestros servicios:<\/h3>\n<p>[\/vc_column_text][\/vc_column][\/vc_row][vc_row full_width=&#8221;stretch_row&#8221; gap=&#8221;35&#8243; css=&#8221;.vc_custom_1503598908250{padding-top: 0px !important;padding-bottom: 0px !important;}&#8221;][vc_column offset=&#8221;vc_col-md-4&#8243;][vc_icon icon_fontawesome=&#8221;fa fa-wrench&#8221; color=&#8221;custom&#8221; background_style=&#8221;rounded-outline&#8221; background_color=&#8221;custom&#8221; align=&#8221;center&#8221; custom_background_color=&#8221;#333333&#8243; custom_color=&#8221;#222222&#8243;][vc_column_text]<\/p>\n<h3 style=\"text-align: center;\">Amplia Gama de Equipos.<\/h3>\n<p style=\"text-align: center;\">Estaciones Totales, GNSS, Niveles Digitales, \u00d3pticos y Laser, Esc\u00e1ner Laser, Drones UAV, entre otros para aplicaciones en Hidrograf\u00eda, Navegaci\u00f3n, Mapping y GIS, etc.<br \/>\nCon sus correspondientes accesorios necesarios para su utilizaci\u00f3n.<\/p>\n<p>[\/vc_column_text][\/vc_column][vc_column offset=&#8221;vc_col-md-4&#8243;][vc_icon icon_fontawesome=&#8221;fa fa-bookmark&#8221; color=&#8221;custom&#8221; background_style=&#8221;rounded-outline&#8221; background_color=&#8221;custom&#8221; align=&#8221;center&#8221; custom_background_color=&#8221;#333333&#8243; custom_color=&#8221;#222222&#8243;][vc_column_text]<\/p>\n<h3 style=\"text-align: center;\">Certificados.<\/h3>\n<p style=\"text-align: center;\">Todos los productos con su certificado de calibraci\u00f3n, revisado por nuestro equipo t\u00e9cnico.<\/p>\n<p>[\/vc_column_text][\/vc_column][vc_column offset=&#8221;vc_col-md-4&#8243;][vc_icon icon_fontawesome=&#8221;fa fa-info&#8221; color=&#8221;custom&#8221; background_style=&#8221;rounded-outline&#8221; background_color=&#8221;custom&#8221; align=&#8221;center&#8221; custom_background_color=&#8221;#333333&#8243; custom_color=&#8221;#222222&#8243;][vc_column_text]<\/p>\n<h3 style=\"text-align: center;\">Capacitaci\u00f3n.<\/h3>\n<p style=\"text-align: center;\">Contamos con una capacitaci\u00f3n para la operaci\u00f3n del equipo y soporte telef\u00f3nico durante el trabajo de campo. El alquiler puede ir acompa\u00f1ado de un operador perteneciente a nuestra empresa.<\/p>\n<p>[\/vc_column_text][\/vc_column][\/vc_row][vc_row full_width=&#8221;stretch_row_content&#8221; css=&#8221;.vc_custom_1503598917316{padding-top: 0px !important;}&#8221;][vc_column 0=&#8221;&#8221;][vc_separator][\/vc_column][\/vc_row][vc_row css=&#8221;.vc_custom_1486433843732{padding-top: 0px !important;}&#8221;][vc_column offset=&#8221;vc_col-lg-offset-2 vc_col-lg-8 vc_col-md-12&#8243;][vc_column_text]<\/p>\n<h3 style=\"text-align: center;\">Alquiler de instrumentos topogr\u00e1ficos y de construcci\u00f3n para cualquier tipo de tarea que usted necesite.<\/h3>\n<p>[\/vc_column_text][\/vc_column][\/vc_row][vc_row][vc_column width=&#8221;1\/4&#8243;][vc_column_text]<\/p>\n<h3 style=\"text-align: center;\">GNSS<\/h3>\n<p>[\/vc_column_text][vc_single_image image=&#8221;21344&#8243; img_size=&#8221;full&#8221;][vc_column_text css=&#8221;.vc_custom_1503598012991{padding-top: 20px !important;}&#8221;]<\/p>\n<p style=\"text-align: center;\"><a class=\"btn btn-sm btn-primary\" href=\"https:\/\/kpn.com.uy\/web\/?page_id=397\">Consultar<\/a><\/p>\n<p>[\/vc_column_text][\/vc_column][vc_column width=&#8221;1\/4&#8243;][vc_column_text]<\/p>\n<h3 style=\"text-align: center;\">Estaciones Totales<\/h3>\n<p>[\/vc_column_text][vc_single_image image=&#8221;21334&#8243; img_size=&#8221;full&#8221;][vc_column_text css=&#8221;.vc_custom_1503598012991{padding-top: 20px !important;}&#8221;]<\/p>\n<p style=\"text-align: center;\"><a class=\"btn btn-sm btn-primary\" href=\"https:\/\/kpn.com.uy\/web\/?page_id=397\">Consultar<\/a><\/p>\n<p>[\/vc_column_text][\/vc_column][vc_column width=&#8221;1\/4&#8243;][vc_column_text]<\/p>\n<h3 style=\"text-align: center;\">Nivel Digital<\/h3>\n<p>[\/vc_column_text][vc_single_image image=&#8221;21336&#8243; img_size=&#8221;full&#8221;][vc_column_text css=&#8221;.vc_custom_1503598012991{padding-top: 20px !important;}&#8221;]<\/p>\n<p style=\"text-align: center;\"><a class=\"btn btn-sm btn-primary\" href=\"https:\/\/kpn.com.uy\/web\/?page_id=397\">Consultar<\/a><\/p>\n<p>[\/vc_column_text][\/vc_column][vc_column width=&#8221;1\/4&#8243;][vc_column_text]<\/p>\n<h3 style=\"text-align: center;\">Nivel \u00d3ptico<\/h3>\n<p>[\/vc_column_text][vc_single_image image=&#8221;21072&#8243; img_size=&#8221;full&#8221;][vc_column_text css=&#8221;.vc_custom_1503598012991{padding-top: 20px !important;}&#8221;]<\/p>\n<p style=\"text-align: center;\"><a class=\"btn btn-sm btn-primary\" href=\"https:\/\/kpn.com.uy\/web\/?page_id=397\">Consultar<\/a><\/p>\n<p>[\/vc_column_text][\/vc_column][\/vc_row][vc_row][vc_column width=&#8221;1\/4&#8243;][vc_column_text]<\/p>\n<h3 style=\"text-align: center;\">Escaner L\u00e1ser 3D<\/h3>\n<p>[\/vc_column_text][vc_single_image image=&#8221;22594&#8243; img_size=&#8221;full&#8221;][vc_column_text css=&#8221;.vc_custom_1503598012991{padding-top: 20px !important;}&#8221;]<\/p>\n<p style=\"text-align: center;\"><a class=\"btn btn-sm btn-primary\" href=\"https:\/\/kpn.com.uy\/web\/?page_id=397\">Consultar<\/a><\/p>\n<p>[\/vc_column_text][\/vc_column][vc_column width=&#8221;1\/4&#8243;][vc_column_text]<\/p>\n<h3 style=\"text-align: center;\">Dron<\/h3>\n<p>[\/vc_column_text][vc_single_image image=&#8221;22599&#8243; img_size=&#8221;full&#8221;][vc_column_text css=&#8221;.vc_custom_1503598012991{padding-top: 20px !important;}&#8221;]<\/p>\n<p style=\"text-align: center;\"><a class=\"btn btn-sm btn-primary\" href=\"https:\/\/kpn.com.uy\/web\/?page_id=397\">Consultar<\/a><\/p>\n<p>[\/vc_column_text][\/vc_column][vc_column width=&#8221;1\/4&#8243;][vc_column_text]<\/p>\n<h3 style=\"text-align: center;\">Nivel L\u00e1ser<\/h3>\n<p>[\/vc_column_text][vc_single_image image=&#8221;22577&#8243; img_size=&#8221;full&#8221;][vc_column_text css=&#8221;.vc_custom_1503598012991{padding-top: 20px !important;}&#8221;]<\/p>\n<p style=\"text-align: center;\"><a class=\"btn btn-sm btn-primary\" href=\"https:\/\/kpn.com.uy\/web\/?page_id=397\">Consultar<\/a><\/p>\n<p>[\/vc_column_text][\/vc_column][vc_column width=&#8221;1\/4&#8243;][vc_column_text]<\/p>\n<h3 style=\"text-align: center;\">Detector<\/h3>\n<p>[\/vc_column_text][vc_single_image image=&#8221;22578&#8243; img_size=&#8221;full&#8221;][vc_column_text css=&#8221;.vc_custom_1503598012991{padding-top: 20px !important;}&#8221;]<\/p>\n<p style=\"text-align: center;\"><a class=\"btn btn-sm btn-primary\" href=\"https:\/\/kpn.com.uy\/web\/?page_id=397\">Consultar<\/a><\/p>\n<p>[\/vc_column_text][\/vc_column][\/vc_row]<\/p>\n","protected":false},"excerpt":{"rendered":"<p>[vc_row full_width=&#8221;stretch_row_content&#8221; css=&#8221;.vc_custom_1503598961512{padding-top: 0px !important;background-color: #ffffff !important;}&#8221;][vc_column 0=&#8221;&#8221;][vc_column_text] Caracter\u00edsticas de nuestros servicios: [\/vc_column_text][\/vc_column][\/vc_row][vc_row full_width=&#8221;stretch_row&#8221; gap=&#8221;35&#8243; css=&#8221;.vc_custom_1503598908250{padding-top: 0px !important;padding-bottom: 0px !important;}&#8221;][vc_column offset=&#8221;vc_col-md-4&#8243;][vc_icon icon_fontawesome=&#8221;fa fa-wrench&#8221; color=&#8221;custom&#8221; background_style=&#8221;rounded-outline&#8221; background_color=&#8221;custom&#8221; align=&#8221;center&#8221; custom_background_color=&#8221;#333333&#8243;<\/p>\n","protected":false},"author":1,"featured_media":0,"parent":0,"menu_order":0,"comment_status":"closed","ping_status":"closed","template":"","meta":{"_exactmetrics_skip_tracking":false,"_exactmetrics_sitenote_active":false,"_exactmetrics_sitenote_note":"","_exactmetrics_sitenote_category":0,"_monsterinsights_skip_tracking":false,"_monsterinsights_sitenote_active":false,"_monsterinsights_sitenote_note":"","_monsterinsights_sitenote_category":0,"footnotes":""},"class_list":["post-698","page","type-page","status-publish","hentry"],"_links":{"self":[{"href":"https:\/\/kpn.com.uy\/web\/wp-json\/wp\/v2\/pages\/698","targetHints":{"allow":["GET"]}}],"collection":[{"href":"https:\/\/kpn.com.uy\/web\/wp-json\/wp\/v2\/pages"}],"about":[{"href":"https:\/\/kpn.com.uy\/web\/wp-json\/wp\/v2\/types\/page"}],"author":[{"embeddable":true,"href":"https:\/\/kpn.com.uy\/web\/wp-json\/wp\/v2\/users\/1"}],"replies":[{"embeddable":true,"href":"https:\/\/kpn.com.uy\/web\/wp-json\/wp\/v2\/comments?post=698"}],"version-history":[{"count":52,"href":"https:\/\/kpn.com.uy\/web\/wp-json\/wp\/v2\/pages\/698\/revisions"}],"predecessor-version":[{"id":22600,"href":"https:\/\/kpn.com.uy\/web\/wp-json\/wp\/v2\/pages\/698\/revisions\/22600"}],"wp:attachment":[{"href":"https:\/\/kpn.com.uy\/web\/wp-json\/wp\/v2\/media?parent=698"}],"curies":[{"name":"wp","href":"https:\/\/api.w.org\/{rel}","templated":true}]}}