{"id":19966,"date":"2017-06-08T12:03:45","date_gmt":"2017-06-08T15:03:45","guid":{"rendered":"https:\/\/kpn.com.uy\/web\/?product=sistema-de-fuerza-hidraulica"},"modified":"2017-11-02T15:47:32","modified_gmt":"2017-11-02T18:47:32","slug":"sistema-de-fuerza-hidraulica","status":"publish","type":"product","link":"https:\/\/kpn.com.uy\/web\/producto\/sistema-de-fuerza-hidraulica\/","title":{"rendered":"Sistema de Fuerza Hidr\u00e1ulica"},"content":{"rendered":"<p>Supervisa y controlar la fuerza en la marcha usando monitor Integra de Ag Leader desde la cabina. El nuevo sistema de Fuerza hidraulica ajusta la presi\u00f3n instant\u00e1nea basado en la topograf\u00eda de campo y las condiciones del suelo.<\/p>\n","protected":false},"excerpt":{"rendered":"<p>Supervisa y controlar la fuerza en la marcha usando monitor Integra de Ag Leader desde la cabina. El nuevo sistema de Fuerza hidraulica ajusta la presi\u00f3n instant\u00e1nea basado en la topograf\u00eda de campo y las condiciones del suelo.<\/p>\n","protected":false},"featured_media":20317,"template":"","meta":{"_exactmetrics_skip_tracking":false,"_exactmetrics_sitenote_active":false,"_exactmetrics_sitenote_note":"","_exactmetrics_sitenote_category":0,"_monsterinsights_skip_tracking":false,"_monsterinsights_sitenote_active":false,"_monsterinsights_sitenote_note":"","_monsterinsights_sitenote_category":0},"product_brand":[],"product_cat":[94,66],"product_tag":[],"class_list":{"0":"post-19966","1":"product","2":"type-product","3":"status-publish","4":"has-post-thumbnail","6":"product_cat-agleader","7":"product_cat-controldesiembra","9":"first","10":"instock","11":"shipping-taxable","12":"product-type-simple","13":"col-xxl","14":"col-xl-4","15":"col-lg-6","16":"col-sm-6"},"_links":{"self":[{"href":"https:\/\/kpn.com.uy\/web\/wp-json\/wp\/v2\/product\/19966","targetHints":{"allow":["GET"]}}],"collection":[{"href":"https:\/\/kpn.com.uy\/web\/wp-json\/wp\/v2\/product"}],"about":[{"href":"https:\/\/kpn.com.uy\/web\/wp-json\/wp\/v2\/types\/product"}],"wp:featuredmedia":[{"embeddable":true,"href":"https:\/\/kpn.com.uy\/web\/wp-json\/wp\/v2\/media\/20317"}],"wp:attachment":[{"href":"https:\/\/kpn.com.uy\/web\/wp-json\/wp\/v2\/media?parent=19966"}],"wp:term":[{"taxonomy":"product_brand","embeddable":true,"href":"https:\/\/kpn.com.uy\/web\/wp-json\/wp\/v2\/product_brand?post=19966"},{"taxonomy":"product_cat","embeddable":true,"href":"https:\/\/kpn.com.uy\/web\/wp-json\/wp\/v2\/product_cat?post=19966"},{"taxonomy":"product_tag","embeddable":true,"href":"https:\/\/kpn.com.uy\/web\/wp-json\/wp\/v2\/product_tag?post=19966"}],"curies":[{"name":"wp","href":"https:\/\/api.w.org\/{rel}","templated":true}]}}