{"id":19986,"date":"2017-06-08T12:04:00","date_gmt":"2017-06-08T15:04:00","guid":{"rendered":"https:\/\/kpn.com.uy\/web\/?product=geosteer-sistema-de-direccion-automatica"},"modified":"2017-11-02T15:41:26","modified_gmt":"2017-11-02T18:41:26","slug":"geosteer-sistema-de-direccion-automatica","status":"publish","type":"product","link":"https:\/\/kpn.com.uy\/web\/producto\/geosteer-sistema-de-direccion-automatica\/","title":{"rendered":"GeoSteer Sistema de Direcci\u00f3n Autom\u00e1tica"},"content":{"rendered":"<p>Sencillo. Econ\u00f3mica. Preciso. Ag Leader puede revolucionar la forma de hacer agricultura con nuestras tecnolog\u00edas Autosteer. Si desea una precisi\u00f3n sub-pulgadas<\/p>\n","protected":false},"excerpt":{"rendered":"<p>Sencillo. Econ\u00f3mica. Preciso. Ag Leader puede revolucionar la forma de hacer agricultura con nuestras tecnolog\u00edas Autosteer. Si desea una precisi\u00f3n sub-pulgadas<\/p>\n","protected":false},"featured_media":20327,"template":"","meta":{"_exactmetrics_skip_tracking":false,"_exactmetrics_sitenote_active":false,"_exactmetrics_sitenote_note":"","_exactmetrics_sitenote_category":0,"_monsterinsights_skip_tracking":false,"_monsterinsights_sitenote_active":false,"_monsterinsights_sitenote_note":"","_monsterinsights_sitenote_category":0},"product_brand":[],"product_cat":[94,68],"product_tag":[],"class_list":{"0":"post-19986","1":"product","2":"type-product","3":"status-publish","4":"has-post-thumbnail","6":"product_cat-agleader","7":"product_cat-orientacionydireccion","9":"first","10":"instock","11":"shipping-taxable","12":"product-type-simple","13":"col-xxl","14":"col-xl-4","15":"col-lg-6","16":"col-sm-6"},"_links":{"self":[{"href":"https:\/\/kpn.com.uy\/web\/wp-json\/wp\/v2\/product\/19986","targetHints":{"allow":["GET"]}}],"collection":[{"href":"https:\/\/kpn.com.uy\/web\/wp-json\/wp\/v2\/product"}],"about":[{"href":"https:\/\/kpn.com.uy\/web\/wp-json\/wp\/v2\/types\/product"}],"wp:featuredmedia":[{"embeddable":true,"href":"https:\/\/kpn.com.uy\/web\/wp-json\/wp\/v2\/media\/20327"}],"wp:attachment":[{"href":"https:\/\/kpn.com.uy\/web\/wp-json\/wp\/v2\/media?parent=19986"}],"wp:term":[{"taxonomy":"product_brand","embeddable":true,"href":"https:\/\/kpn.com.uy\/web\/wp-json\/wp\/v2\/product_brand?post=19986"},{"taxonomy":"product_cat","embeddable":true,"href":"https:\/\/kpn.com.uy\/web\/wp-json\/wp\/v2\/product_cat?post=19986"},{"taxonomy":"product_tag","embeddable":true,"href":"https:\/\/kpn.com.uy\/web\/wp-json\/wp\/v2\/product_tag?post=19986"}],"curies":[{"name":"wp","href":"https:\/\/api.w.org\/{rel}","templated":true}]}}