{"id":20004,"date":"2017-06-08T12:04:09","date_gmt":"2017-06-08T15:04:09","guid":{"rendered":"https:\/\/kpn.com.uy\/web\/?product=corte-por-seccion-para-liquido-y-granular"},"modified":"2017-07-29T19:19:44","modified_gmt":"2017-07-29T22:19:44","slug":"corte-por-seccion-para-liquido-y-granular","status":"publish","type":"product","link":"https:\/\/kpn.com.uy\/web\/producto\/corte-por-seccion-para-liquido-y-granular\/","title":{"rendered":"Corte por seccion para l\u00edquido y granular"},"content":{"rendered":"<p>Utilice DirectCommand para aplicaci\u00f3n de l\u00edquidos eliminando aplicaciones excesivas<\/p>\n","protected":false},"excerpt":{"rendered":"<p>Utilice DirectCommand para aplicaci\u00f3n de l\u00edquidos eliminando aplicaciones excesivas<\/p>\n","protected":false},"featured_media":20336,"template":"","meta":{"_exactmetrics_skip_tracking":false,"_exactmetrics_sitenote_active":false,"_exactmetrics_sitenote_note":"","_exactmetrics_sitenote_category":0,"_monsterinsights_skip_tracking":false,"_monsterinsights_sitenote_active":false,"_monsterinsights_sitenote_note":"","_monsterinsights_sitenote_category":0},"product_brand":[],"product_cat":[94,64],"product_tag":[],"class_list":{"0":"post-20004","1":"product","2":"type-product","3":"status-publish","4":"has-post-thumbnail","6":"product_cat-agleader","7":"product_cat-monitoresdisplay","9":"first","10":"instock","11":"shipping-taxable","12":"product-type-simple","13":"col-xxl","14":"col-xl-4","15":"col-lg-6","16":"col-sm-6"},"_links":{"self":[{"href":"https:\/\/kpn.com.uy\/web\/wp-json\/wp\/v2\/product\/20004","targetHints":{"allow":["GET"]}}],"collection":[{"href":"https:\/\/kpn.com.uy\/web\/wp-json\/wp\/v2\/product"}],"about":[{"href":"https:\/\/kpn.com.uy\/web\/wp-json\/wp\/v2\/types\/product"}],"wp:featuredmedia":[{"embeddable":true,"href":"https:\/\/kpn.com.uy\/web\/wp-json\/wp\/v2\/media\/20336"}],"wp:attachment":[{"href":"https:\/\/kpn.com.uy\/web\/wp-json\/wp\/v2\/media?parent=20004"}],"wp:term":[{"taxonomy":"product_brand","embeddable":true,"href":"https:\/\/kpn.com.uy\/web\/wp-json\/wp\/v2\/product_brand?post=20004"},{"taxonomy":"product_cat","embeddable":true,"href":"https:\/\/kpn.com.uy\/web\/wp-json\/wp\/v2\/product_cat?post=20004"},{"taxonomy":"product_tag","embeddable":true,"href":"https:\/\/kpn.com.uy\/web\/wp-json\/wp\/v2\/product_tag?post=20004"}],"curies":[{"name":"wp","href":"https:\/\/api.w.org\/{rel}","templated":true}]}}