{"id":20010,"date":"2017-06-08T12:04:11","date_gmt":"2017-06-08T15:04:11","guid":{"rendered":"https:\/\/kpn.com.uy\/web\/?product=control-de-altura-de-la-barra"},"modified":"2017-11-30T11:49:10","modified_gmt":"2017-11-30T14:49:10","slug":"control-de-altura-de-la-barra","status":"publish","type":"product","link":"https:\/\/kpn.com.uy\/web\/producto\/control-de-altura-de-la-barra\/","title":{"rendered":"Control de altura de la barra"},"content":{"rendered":"","protected":false},"excerpt":{"rendered":"<p>Las pantallas Ag Leader cuentan con soporte completo del sistema de control de altura de la pluma NORAC UC5 \u2122, asegurando una cobertura de cosecha ideal sin derivas ni desperdicio de producto.\u00a0Toda la configuraci\u00f3n, calibraci\u00f3n y funcionamiento en tiempo de operaci\u00f3n del UC5 se controla utilizando una pantalla compatible con Ag Leader con su elecci\u00f3n de la interfaz propietaria de Ag Leader o mediante la pantalla del terminal virtual ISOBUS.<\/p>\n","protected":false},"featured_media":20339,"template":"","meta":{"_exactmetrics_skip_tracking":false,"_exactmetrics_sitenote_active":false,"_exactmetrics_sitenote_note":"","_exactmetrics_sitenote_category":0,"_monsterinsights_skip_tracking":false,"_monsterinsights_sitenote_active":false,"_monsterinsights_sitenote_note":"","_monsterinsights_sitenote_category":0},"product_brand":[],"product_cat":[94,64],"product_tag":[],"class_list":{"0":"post-20010","1":"product","2":"type-product","3":"status-publish","4":"has-post-thumbnail","6":"product_cat-agleader","7":"product_cat-monitoresdisplay","9":"first","10":"instock","11":"shipping-taxable","12":"product-type-simple","13":"col-xxl","14":"col-xl-4","15":"col-lg-6","16":"col-sm-6"},"_links":{"self":[{"href":"https:\/\/kpn.com.uy\/web\/wp-json\/wp\/v2\/product\/20010","targetHints":{"allow":["GET"]}}],"collection":[{"href":"https:\/\/kpn.com.uy\/web\/wp-json\/wp\/v2\/product"}],"about":[{"href":"https:\/\/kpn.com.uy\/web\/wp-json\/wp\/v2\/types\/product"}],"wp:featuredmedia":[{"embeddable":true,"href":"https:\/\/kpn.com.uy\/web\/wp-json\/wp\/v2\/media\/20339"}],"wp:attachment":[{"href":"https:\/\/kpn.com.uy\/web\/wp-json\/wp\/v2\/media?parent=20010"}],"wp:term":[{"taxonomy":"product_brand","embeddable":true,"href":"https:\/\/kpn.com.uy\/web\/wp-json\/wp\/v2\/product_brand?post=20010"},{"taxonomy":"product_cat","embeddable":true,"href":"https:\/\/kpn.com.uy\/web\/wp-json\/wp\/v2\/product_cat?post=20010"},{"taxonomy":"product_tag","embeddable":true,"href":"https:\/\/kpn.com.uy\/web\/wp-json\/wp\/v2\/product_tag?post=20010"}],"curies":[{"name":"wp","href":"https:\/\/api.w.org\/{rel}","templated":true}]}}