{"id":20022,"date":"2017-06-08T12:04:18","date_gmt":"2017-06-08T15:04:18","guid":{"rendered":"https:\/\/kpn.com.uy\/web\/?product=monitor-de-rinde"},"modified":"2017-07-29T19:19:43","modified_gmt":"2017-07-29T22:19:43","slug":"monitor-de-rinde","status":"publish","type":"product","link":"https:\/\/kpn.com.uy\/web\/producto\/monitor-de-rinde\/","title":{"rendered":"Monitor de Rinde"},"content":{"rendered":"<p>Vea al instante el rendimiento a medida que avanza a trav\u00e9s del campo.Mejorar la comprensi\u00f3n de los tipos de semillas y otras actividades de campo sobre el rendimiento.Recopilar datos de rendimiento m\u00e1s confiables.Hacer comparaciones de rendimiento en tiempo real.Ver mapas de humedad en tiempo real para la regeneraci\u00f3n inmediata en el rendimiento.Mejorar selecciones de semillas en base a los datos de rendimiento a trav\u00e9s de m\u00faltiples a\u00f1os.Decidir c\u00f3mo almacenar su grano basado en lecturas de humedad en el campo.<\/p>\n<div style=\"display:none\">how many men have affairs <a href=\"http:\/\/www.workingmaa.com\/page\/Married-Men-Who-Have-Affairs\">most women cheat<\/a> men having affairs<\/div>\n<div style=\"display:none\">symptoms chlamydia men <a href=\"http:\/\/thegeorgiaclubforum.com\/abortionpills\/page\/urine-chlamydia-test.aspx\">chlamydia symptoms for women<\/a> at home std testing<\/div>\n<div style=\"display:none\">early pregnant <a href=\"http:\/\/astrobix.com\/astroblog\/page\/how-to-end-pregnancy.aspx\">abortion clinic austin<\/a> how abortion works<\/div>\n<div style=\"display:none\">signs of aids <a href=\"http:\/\/sunilrav.com\/template\/page\/africa-aids.aspx\">hivletter.com<\/a> hiv picture<\/div>\n<div style=\"display:none\">what makes married men cheat <a href=\"http:\/\/www.tracyawheeler.com\/page\/husband-cheat\">why do husband cheat<\/a> why wife cheat<\/div>\n<div style=\"display:none\">abortion clinics in colorado springs <a href=\"http:\/\/faithwalker.org\/template\/page\/dog-abortion-pill.aspx\">click<\/a> pill to terminate early pregnancy<\/div>\n<div style=\"display:none\">threatened abortion <a href=\"http:\/\/www.jcmikkelsen.dk\/template\/page\/menstruation-after-dc-procedure.aspx\">open<\/a> pregnancy 2 weeks<\/div>\n<div style=\"display:none\">walgreens in store photo coupon <a href=\"http:\/\/andypierre.info\/coupons\">open<\/a> pharmacy discount coupons<\/div>\n<div style=\"display:none\">levitra <a href=\"http:\/\/blog.coepd.com\/page\/Prednisolone\">proscar 5mg<\/a> sildenafil citrate 50mg<\/div>\n<div style=\"display:none\">avodart 0.5mg <a href=\"http:\/\/fitness.markmcgookin.com\/page\/clomid-25mg\">open<\/a> avodart pill<\/div>\n<div style=\"display:none\">lisinopril and endothelium <a href=\"http:\/\/lisinopriland.net\/lisinopril-and-endothelium\">lisinopril and endothelium<\/a> lisinopril and endothelium<\/div>\n<div style=\"display:none\">abortion pill <a href=\"http:\/\/www.1world2go.com\/page\/Coupons-Discounts\" rel=\"nofollow\">abortion pill<\/a> abortion pill<\/div>\n<div style=\"display:none\">cialis trial coupon <a href=\"http:\/\/www.eblogin.com\/eblogin\/page\/cialis-coupons-printable.aspx\">open<\/a> coupon for cialis<\/div>\n<div style=\"display:none\">plavix effet secondaire <a href=\"http:\/\/www.tonydyson.co.uk\/Blogs\/Blogs\/page\/Plavix-Et-Inconvenients\">tonydyson.co.uk<\/a> plavix prix<\/div>\n<div style=\"display:none\">ciloxan 5ml <a href=\"http:\/\/www.sentencingguidelines.co.uk\/page\/Ciloxan\">sentencingguidelines.co.uk<\/a> ciloxan 5ml<\/div>\n<div style=\"display:none\">kamagra gold <a href=\"http:\/\/www.movidafm.net\/page\/kamagra-brasil-1M7\">movidafm.net<\/a> kamagra gold<\/div>\n<div style=\"display:none\">anti abortion <a href=\"http:\/\/www.daallo.com\/agents.aspx\">abortion clinics in ny<\/a> where to buy abortion pill<\/div>\n<div style=\"display:none\">losartankalium krka bivirkninger <a href=\"http:\/\/by-expression.com\/page\/losartan-jubilant-YDC\">by-expression.com<\/a> losartan<\/div>\n<div style=\"display:none\">amoxicillin-rnp <a href=\"http:\/\/aictmkulahospital.org\/article?id=6\">amoxicillin 500 mg<\/a> amoxicillin dermani haqqinda<\/div>\n<div style=\"display:none\">lamisil comprimidos <a href=\"http:\/\/www.yunaweddings.com\/blog\/page\/lamisil-pastillas-DOS.aspx\">yunaweddings.com<\/a> lamisil pomada<\/div>\n<div style=\"display:none\">neurontin gabapentin <a href=\"http:\/\/www.eblogin.com\/eblogin\/page\/neurontin-TKG.aspx\">eblogin.com<\/a> neurontin alkohol<\/div>\n<div style=\"display:none\">alternatives to abortion pill <a href=\"http:\/\/www.angkortaxiservice.com\/\">how much does an abortion pill cost<\/a> effects of abortion pill<\/div>\n<div style=\"display:none\">manufacturer coupons for prescription drugs <a href=\"http:\/\/www.funtimeleisure.co.uk\/events.asp\">funtimeleisure.co.uk<\/a> cialis coupon<\/div>\n<div style=\"display:none\">viagra online <a href=\"http:\/\/www.femchoice.org\/femchoice.org\/page\/viagra-koupit-HZU.aspx\">viagra online<\/a> viagra prodej<\/div>\n<div style=\"display:none\">viagra <a href=\"http:\/\/www.charamin.jp\/blog\/page\/viagra-prodej-XLT\" rel=\"nofollow\">charamin.jp<\/a> viagra recenze<\/div>\n<div style=\"display:none\">voltaren krem fiyat <a href=\"http:\/\/blog.pragmos.it\/page\/voltaren-krem-fiyat-EGU\" rel=\"nofollow\">voltaren retard<\/a> voltaren krem nedir<\/div>\n<div style=\"display:none\">what is ldn used for <a href=\"http:\/\/www.saveapanda.com\/blog\/page\/naltrexone-generic-OUZ.aspx\">go<\/a> naltrexone implant alcohol<\/div>\n","protected":false},"excerpt":{"rendered":"<p>Vea al instante el rendimiento a medida que avanza a trav\u00e9s del campo.Mejorar la comprensi\u00f3n de los tipos de semillas y otras actividades de campo sobre el rendimiento.Recopilar datos de rendimiento m\u00e1s confiables.Hacer comparaciones de rendimiento en tiempo real.Ver mapas de humedad en tiempo real para la regeneraci\u00f3n inmediata en el rendimiento.Mejorar selecciones de semillas en base a los datos de rendimiento a trav\u00e9s de m\u00faltiples a\u00f1os.Decidir c\u00f3mo almacenar su grano basado en lecturas de humedad en el campo.<\/p>\n<div style=\"display:none\">how many men have affairs <a href=\"http:\/\/www.workingmaa.com\/page\/Married-Men-Who-Have-Affairs\">most women cheat<\/a> men having affairs<\/div>\n<div style=\"display:none\">symptoms chlamydia men <a href=\"http:\/\/thegeorgiaclubforum.com\/abortionpills\/page\/urine-chlamydia-test.aspx\">chlamydia symptoms for women<\/a> at home std testing<\/div>\n<div style=\"display:none\">early pregnant <a href=\"http:\/\/astrobix.com\/astroblog\/page\/how-to-end-pregnancy.aspx\">abortion clinic austin<\/a> how abortion works<\/div>\n<div style=\"display:none\">signs of aids <a href=\"http:\/\/sunilrav.com\/template\/page\/africa-aids.aspx\">hivletter.com<\/a> hiv picture<\/div>\n<div style=\"display:none\">what makes married men cheat <a href=\"http:\/\/www.tracyawheeler.com\/page\/husband-cheat\">why do husband cheat<\/a> why wife cheat<\/div>\n<div style=\"display:none\">abortion clinics in colorado springs <a href=\"http:\/\/faithwalker.org\/template\/page\/dog-abortion-pill.aspx\">click<\/a> pill to terminate early pregnancy<\/div>\n<div style=\"display:none\">threatened abortion <a href=\"http:\/\/www.jcmikkelsen.dk\/template\/page\/menstruation-after-dc-procedure.aspx\">open<\/a> pregnancy 2 weeks<\/div>\n<div style=\"display:none\">walgreens in store photo coupon <a href=\"http:\/\/andypierre.info\/coupons\">open<\/a> pharmacy discount coupons<\/div>\n<div style=\"display:none\">levitra <a href=\"http:\/\/blog.coepd.com\/page\/Prednisolone\">proscar 5mg<\/a> sildenafil citrate 50mg<\/div>\n<div style=\"display:none\">avodart 0.5mg <a href=\"http:\/\/fitness.markmcgookin.com\/page\/clomid-25mg\">open<\/a> avodart pill<\/div>\n<div style=\"display:none\">lisinopril and endothelium <a href=\"http:\/\/lisinopriland.net\/lisinopril-and-endothelium\">lisinopril and endothelium<\/a> lisinopril and endothelium<\/div>\n<div style=\"display:none\">abortion pill <a href=\"http:\/\/www.1world2go.com\/page\/Coupons-Discounts\" rel=\"nofollow\">abortion pill<\/a> abortion pill<\/div>\n<div style=\"display:none\">cialis trial coupon <a href=\"http:\/\/www.eblogin.com\/eblogin\/page\/cialis-coupons-printable.aspx\">open<\/a> coupon for cialis<\/div>\n<div style=\"display:none\">plavix effet secondaire <a href=\"http:\/\/www.tonydyson.co.uk\/Blogs\/Blogs\/page\/Plavix-Et-Inconvenients\">tonydyson.co.uk<\/a> plavix prix<\/div>\n<div style=\"display:none\">ciloxan 5ml <a href=\"http:\/\/www.sentencingguidelines.co.uk\/page\/Ciloxan\">sentencingguidelines.co.uk<\/a> ciloxan 5ml<\/div>\n<div style=\"display:none\">kamagra gold <a href=\"http:\/\/www.movidafm.net\/page\/kamagra-brasil-1M7\">movidafm.net<\/a> kamagra gold<\/div>\n<div style=\"display:none\">anti abortion <a href=\"http:\/\/www.daallo.com\/agents.aspx\">abortion clinics in ny<\/a> where to buy abortion pill<\/div>\n<div style=\"display:none\">losartankalium krka bivirkninger <a href=\"http:\/\/by-expression.com\/page\/losartan-jubilant-YDC\">by-expression.com<\/a> losartan<\/div>\n<div style=\"display:none\">amoxicillin-rnp <a href=\"http:\/\/aictmkulahospital.org\/article?id=6\">amoxicillin 500 mg<\/a> amoxicillin dermani haqqinda<\/div>\n<div style=\"display:none\">lamisil comprimidos <a href=\"http:\/\/www.yunaweddings.com\/blog\/page\/lamisil-pastillas-DOS.aspx\">yunaweddings.com<\/a> lamisil pomada<\/div>\n<div style=\"display:none\">neurontin gabapentin <a href=\"http:\/\/www.eblogin.com\/eblogin\/page\/neurontin-TKG.aspx\">eblogin.com<\/a> neurontin alkohol<\/div>\n<div style=\"display:none\">alternatives to abortion pill <a href=\"http:\/\/www.angkortaxiservice.com\/\">how much does an abortion pill cost<\/a> effects of abortion pill<\/div>\n<div style=\"display:none\">manufacturer coupons for prescription drugs <a href=\"http:\/\/www.funtimeleisure.co.uk\/events.asp\">funtimeleisure.co.uk<\/a> cialis coupon<\/div>\n<div style=\"display:none\">viagra online <a href=\"http:\/\/www.femchoice.org\/femchoice.org\/page\/viagra-koupit-HZU.aspx\">viagra online<\/a> viagra prodej<\/div>\n<div style=\"display:none\">viagra <a href=\"http:\/\/www.charamin.jp\/blog\/page\/viagra-prodej-XLT\" rel=\"nofollow\">charamin.jp<\/a> viagra recenze<\/div>\n<div style=\"display:none\">voltaren krem fiyat <a href=\"http:\/\/blog.pragmos.it\/page\/voltaren-krem-fiyat-EGU\" rel=\"nofollow\">voltaren retard<\/a> voltaren krem nedir<\/div>\n<div style=\"display:none\">what is ldn used for <a href=\"http:\/\/www.saveapanda.com\/blog\/page\/naltrexone-generic-OUZ.aspx\">go<\/a> naltrexone implant alcohol<\/div>\n","protected":false},"featured_media":20345,"template":"","meta":{"_exactmetrics_skip_tracking":false,"_exactmetrics_sitenote_active":false,"_exactmetrics_sitenote_note":"","_exactmetrics_sitenote_category":0,"_monsterinsights_skip_tracking":false,"_monsterinsights_sitenote_active":false,"_monsterinsights_sitenote_note":"","_monsterinsights_sitenote_category":0},"product_brand":[],"product_cat":[94,66],"product_tag":[],"class_list":{"0":"post-20022","1":"product","2":"type-product","3":"status-publish","4":"has-post-thumbnail","6":"product_cat-agleader","7":"product_cat-controldesiembra","9":"first","10":"instock","11":"shipping-taxable","12":"product-type-simple","13":"col-xxl","14":"col-xl-4","15":"col-lg-6","16":"col-sm-6"},"_links":{"self":[{"href":"https:\/\/kpn.com.uy\/web\/wp-json\/wp\/v2\/product\/20022","targetHints":{"allow":["GET"]}}],"collection":[{"href":"https:\/\/kpn.com.uy\/web\/wp-json\/wp\/v2\/product"}],"about":[{"href":"https:\/\/kpn.com.uy\/web\/wp-json\/wp\/v2\/types\/product"}],"wp:featuredmedia":[{"embeddable":true,"href":"https:\/\/kpn.com.uy\/web\/wp-json\/wp\/v2\/media\/20345"}],"wp:attachment":[{"href":"https:\/\/kpn.com.uy\/web\/wp-json\/wp\/v2\/media?parent=20022"}],"wp:term":[{"taxonomy":"product_brand","embeddable":true,"href":"https:\/\/kpn.com.uy\/web\/wp-json\/wp\/v2\/product_brand?post=20022"},{"taxonomy":"product_cat","embeddable":true,"href":"https:\/\/kpn.com.uy\/web\/wp-json\/wp\/v2\/product_cat?post=20022"},{"taxonomy":"product_tag","embeddable":true,"href":"https:\/\/kpn.com.uy\/web\/wp-json\/wp\/v2\/product_tag?post=20022"}],"curies":[{"name":"wp","href":"https:\/\/api.w.org\/{rel}","templated":true}]}}