{"id":20024,"date":"2017-06-08T12:04:19","date_gmt":"2017-06-08T15:04:19","guid":{"rendered":"https:\/\/kpn.com.uy\/web\/?product=piloto-aut-hidraulico-steer-comand"},"modified":"2017-11-03T13:00:57","modified_gmt":"2017-11-03T16:00:57","slug":"piloto-aut-hidraulico-steer-comand","status":"publish","type":"product","link":"https:\/\/kpn.com.uy\/web\/producto\/piloto-aut-hidraulico-steer-comand\/","title":{"rendered":"Piloto Aut. Hidraulico Steer Comand"},"content":{"rendered":"","protected":false},"excerpt":{"rendered":"<p>Ag Leader puede revolucionar la forma de producir con nuestras tecnolog\u00edas Autosteer. Si desea una precisi\u00f3n inferior al cent\u00edmetro<\/p>\n","protected":false},"featured_media":20346,"template":"","meta":{"_exactmetrics_skip_tracking":false,"_exactmetrics_sitenote_active":false,"_exactmetrics_sitenote_note":"","_exactmetrics_sitenote_category":0,"_monsterinsights_skip_tracking":false,"_monsterinsights_sitenote_active":false,"_monsterinsights_sitenote_note":"","_monsterinsights_sitenote_category":0},"product_brand":[],"product_cat":[94],"product_tag":[],"class_list":{"0":"post-20024","1":"product","2":"type-product","3":"status-publish","4":"has-post-thumbnail","6":"product_cat-agleader","8":"first","9":"instock","10":"shipping-taxable","11":"product-type-simple","12":"col-xxl","13":"col-xl-4","14":"col-lg-6","15":"col-sm-6"},"_links":{"self":[{"href":"https:\/\/kpn.com.uy\/web\/wp-json\/wp\/v2\/product\/20024","targetHints":{"allow":["GET"]}}],"collection":[{"href":"https:\/\/kpn.com.uy\/web\/wp-json\/wp\/v2\/product"}],"about":[{"href":"https:\/\/kpn.com.uy\/web\/wp-json\/wp\/v2\/types\/product"}],"wp:featuredmedia":[{"embeddable":true,"href":"https:\/\/kpn.com.uy\/web\/wp-json\/wp\/v2\/media\/20346"}],"wp:attachment":[{"href":"https:\/\/kpn.com.uy\/web\/wp-json\/wp\/v2\/media?parent=20024"}],"wp:term":[{"taxonomy":"product_brand","embeddable":true,"href":"https:\/\/kpn.com.uy\/web\/wp-json\/wp\/v2\/product_brand?post=20024"},{"taxonomy":"product_cat","embeddable":true,"href":"https:\/\/kpn.com.uy\/web\/wp-json\/wp\/v2\/product_cat?post=20024"},{"taxonomy":"product_tag","embeddable":true,"href":"https:\/\/kpn.com.uy\/web\/wp-json\/wp\/v2\/product_tag?post=20024"}],"curies":[{"name":"wp","href":"https:\/\/api.w.org\/{rel}","templated":true}]}}