{"id":20026,"date":"2017-06-08T12:04:20","date_gmt":"2017-06-08T15:04:20","guid":{"rendered":"https:\/\/kpn.com.uy\/web\/?product=agfiniti-software"},"modified":"2017-11-03T12:37:41","modified_gmt":"2017-11-03T15:37:41","slug":"agfiniti-software","status":"publish","type":"product","link":"https:\/\/kpn.com.uy\/web\/producto\/agfiniti-software\/","title":{"rendered":"Agfiniti Software"},"content":{"rendered":"<p>AgFiniti Mobile<br \/>\nLl\u00e9vese consigo sus datos cuando salga de la cabina. AgFiniti Mobile sincroniza los datos recogidos desde su monitor con su iPad sin necesidad de cables. Comparta los datos con su asesor, estudie la evoluci\u00f3n de la campa\u00f1a, ay\u00fadese en la toma de decisiones, \u00a1y mucho m\u00e1s!<\/p>\n","protected":false},"excerpt":{"rendered":"<p style=\"text-align: left;\">La plataforma en la nube AgFiniti es el eje principal en el sistema de manejo de los datos de sus operaciones. Combinada con los sofisticados y modernos monitores de Ag Leader, AgFiniti provee a todas sus operaciones de datos cu\u00e1ndo y d\u00f3nde los necesite. Cuando se vaya de la parcela, sus mapas e informes aparecer\u00e1n autom\u00e1ticamente en su iPad\u00ae mediante la aplicaci\u00f3n AgFiniti Mobile, o en<br \/>\nsu propio ordenador, tablet o smartphone. Acceda a su informaci\u00f3n cuando quiera, tanto si est\u00e1 reunido con<br \/>\nel propietario de la parcela, como si est\u00e1 haciendo un reconocimiento de campo, o consultando informaci\u00f3n<br \/>\nde distintos monitores. Poder ver sus datos sin tener que manejar otras aplicaciones de escritorio le permitir\u00e1 tomar mejores decisiones.<\/p>\n","protected":false},"featured_media":21942,"template":"","meta":{"_exactmetrics_skip_tracking":false,"_exactmetrics_sitenote_active":false,"_exactmetrics_sitenote_note":"","_exactmetrics_sitenote_category":0,"_monsterinsights_skip_tracking":false,"_monsterinsights_sitenote_active":false,"_monsterinsights_sitenote_note":"","_monsterinsights_sitenote_category":0},"product_brand":[],"product_cat":[94,108,69,71],"product_tag":[],"class_list":{"0":"post-20026","1":"product","2":"type-product","3":"status-publish","4":"has-post-thumbnail","6":"product_cat-agleader","7":"product_cat-agricultura","8":"product_cat-softwareagricultura","9":"product_cat-softwareingenieria","11":"first","12":"instock","13":"shipping-taxable","14":"product-type-simple","15":"col-xxl","16":"col-xl-4","17":"col-lg-6","18":"col-sm-6"},"_links":{"self":[{"href":"https:\/\/kpn.com.uy\/web\/wp-json\/wp\/v2\/product\/20026","targetHints":{"allow":["GET"]}}],"collection":[{"href":"https:\/\/kpn.com.uy\/web\/wp-json\/wp\/v2\/product"}],"about":[{"href":"https:\/\/kpn.com.uy\/web\/wp-json\/wp\/v2\/types\/product"}],"wp:featuredmedia":[{"embeddable":true,"href":"https:\/\/kpn.com.uy\/web\/wp-json\/wp\/v2\/media\/21942"}],"wp:attachment":[{"href":"https:\/\/kpn.com.uy\/web\/wp-json\/wp\/v2\/media?parent=20026"}],"wp:term":[{"taxonomy":"product_brand","embeddable":true,"href":"https:\/\/kpn.com.uy\/web\/wp-json\/wp\/v2\/product_brand?post=20026"},{"taxonomy":"product_cat","embeddable":true,"href":"https:\/\/kpn.com.uy\/web\/wp-json\/wp\/v2\/product_cat?post=20026"},{"taxonomy":"product_tag","embeddable":true,"href":"https:\/\/kpn.com.uy\/web\/wp-json\/wp\/v2\/product_tag?post=20026"}],"curies":[{"name":"wp","href":"https:\/\/api.w.org\/{rel}","templated":true}]}}