{"id":20028,"date":"2017-06-08T12:04:21","date_gmt":"2017-06-08T15:04:21","guid":{"rendered":"https:\/\/kpn.com.uy\/web\/?product=sms-software-2"},"modified":"2021-05-31T10:53:26","modified_gmt":"2021-05-31T13:53:26","slug":"sms-software-2","status":"publish","type":"product","link":"https:\/\/kpn.com.uy\/web\/producto\/sms-software-2\/","title":{"rendered":"SMS Software"},"content":{"rendered":"<p><strong>Principales caracter\u00edsticas<\/strong><br \/>\n\u2022 Use AgFiniti para ver datos de SMS desde cualquiera de sus dispositivos m\u00f3viles.<br \/>\n\u2022 Organice, planifique y gestione sus operaciones de campo.<br \/>\n\u2022 Vea e imprima mapas, informes y res\u00famenes de sus trabajos.<br \/>\n\u2022 Recoja en mapas todas sus labores de una parcela (laboreo, siembra, pulverizaci\u00f3n, cosecha, etc.).<br \/>\n\u2022 Elabore informes y mapas que puedan documentar su actividad de cara a la Administraci\u00f3n.<br \/>\n\u2022 Registre y guarde las tendencias en su parcela a lo largo de los a\u00f1os.<br \/>\n\u2022 Analice datos para determinar zonas a mejorar y tome decisiones m\u00e1s rentables.<br \/>\n\u2022 Registre f\u00e1cilmente los datos de gastos e ingresos, los cuales podr\u00e1 incluir en sus informes financieros, e imprima<br \/>\nextractos de los mismos.<\/p>\n<p>&nbsp;<\/p>\n<p><strong>SMS Basic<\/strong><br \/>\nUse la informaci\u00f3n recogida en todas sus operaciones \u2013siembra, tratamiento, cosecha y dem\u00e1s- para convertir los datos en decisiones inteligentes con la potente aplicaci\u00f3n de escritorio SMS Basic.<\/p>\n<p><strong>SMS Advanced<\/strong><br \/>\nSMS Advanced es la versi\u00f3n m\u00e1s completa del SMS de Ag Leader, que ofrece a los agricultores y a sus asesores de confianza, datos de la gesti\u00f3n a lo largo de muchas hect\u00e1reas, parcelas y labores. SMS Advanced incorpora todas las prestaciones de SMS Basic, m\u00e1s herramientas y prestaciones adicionales dise\u00f1adas para mejorar los an\u00e1lisis y la&nbsp; generaci\u00f3n de informes.<\/p>\n<p><strong>SMS Mobile<\/strong><br \/>\nRecoja datos de campo como informaci\u00f3n del estado del cultivo, muestreos de suelo, per\u00edmetros de la parcela y mucho m\u00e1s con SMS Mobile. Una vez hecha la captura de los datos, transfi\u00e9ralos a las aplicaciones de escritorio SMS Basic y Advanced para un an\u00e1lisis de los mismos en mayor profundidad.<\/p>\n","protected":false},"excerpt":{"rendered":"<h3>Software de agricultura de precisi\u00f3n, f\u00e1cil de usar, para tomar decisiones durante todo el a\u00f1o<\/h3>\n<h3>[maxbutton id=\"1\" url=\"https:\/\/www.agleader.com\/wp-content\/uploads\/2019\/10\/2019-Product-Catalog_A4_ES_LR.pdf\" text=\"DESCARGAR CAT\u00c1LOGO\" ]<\/h3>\n<h3><strong>Una soluci\u00f3n de software para cada estaci\u00f3n.<\/strong><\/h3>\n<p>La agricultura de precisi\u00f3n consiste en responder las preguntas que aporten m\u00e1s rentabilidad en todas sus actividades de campo. El software SMS es una herramienta para la toma de decisiones f\u00e1cil de usar y que le ayudar\u00e1 a obtener el m\u00e1ximo rendimiento posible de cada hect\u00e1rea.<\/p>\n<h4>Siembra<\/h4>\n<ul>\n<li>Seleccione las semillas en funci\u00f3n de los datos de rendimiento hist\u00f3ricos.<\/li>\n<li>Cree informes y gr\u00e1ficos que muestren informaci\u00f3n del rendimiento de la sembradora.\u00a0<\/li>\n<li>Cumpla los requerimientos gubernamentales de notificaci\u00f3n.<br \/>\n<h4>Aplicaci\u00f3n<\/h4>\n<ul>\n<li>Haga seguimiento de las operaciones de aplicaci\u00f3n de dosificaci\u00f3n variable.<\/li>\n<li>Registre las operaciones de aplicaci\u00f3n para el mantenimiento de registros.<\/li>\n<li>Cree prescripciones de dosificaci\u00f3n variable.<br \/>\n<h4>Cosecha<\/h4>\n<ul>\n<li>Analice los datos de cosecha.<\/li>\n<li>Averig\u00fce las tendencias de rendimiento utilizando datos de varios a\u00f1os.<\/li>\n<li>Cree informes de cosecha y gr\u00e1ficos o utilice herramientas de consulta.<br \/>\n<h4>Administraci\u00f3n del lote<\/h4>\n<ul>\n<li>Administre el muestreo de suelos.<\/li>\n<li>Cree planos de drenaje de lote.<\/li>\n<li>Descargue mapas de estudio de suelos y visualice fondos a\u00e9reos y de carretera.\u00a0<\/li>\n<li>Planifique y documente planes y pr\u00e1cticas de cultivo.<\/li>\n<\/ul>\n<\/li>\n<\/ul>\n<\/li>\n<\/ul>\n<\/li>\n<\/ul>\n","protected":false},"featured_media":24111,"template":"","meta":{"_exactmetrics_skip_tracking":false,"_exactmetrics_sitenote_active":false,"_exactmetrics_sitenote_note":"","_exactmetrics_sitenote_category":0,"_monsterinsights_skip_tracking":false,"_monsterinsights_sitenote_active":false,"_monsterinsights_sitenote_note":"","_monsterinsights_sitenote_category":0},"product_brand":[],"product_cat":[94,108,377,69,71,91],"product_tag":[],"class_list":{"0":"post-20028","1":"product","2":"type-product","3":"status-publish","4":"has-post-thumbnail","6":"product_cat-agleader","7":"product_cat-agricultura","8":"product_cat-agricultura-programas-cad","9":"product_cat-softwareagricultura","10":"product_cat-softwareingenieria","11":"product_cat-softwaremapping","13":"first","14":"instock","15":"shipping-taxable","16":"product-type-simple","17":"col-xxl","18":"col-xl-4","19":"col-lg-6","20":"col-sm-6"},"_links":{"self":[{"href":"https:\/\/kpn.com.uy\/web\/wp-json\/wp\/v2\/product\/20028","targetHints":{"allow":["GET"]}}],"collection":[{"href":"https:\/\/kpn.com.uy\/web\/wp-json\/wp\/v2\/product"}],"about":[{"href":"https:\/\/kpn.com.uy\/web\/wp-json\/wp\/v2\/types\/product"}],"wp:featuredmedia":[{"embeddable":true,"href":"https:\/\/kpn.com.uy\/web\/wp-json\/wp\/v2\/media\/24111"}],"wp:attachment":[{"href":"https:\/\/kpn.com.uy\/web\/wp-json\/wp\/v2\/media?parent=20028"}],"wp:term":[{"taxonomy":"product_brand","embeddable":true,"href":"https:\/\/kpn.com.uy\/web\/wp-json\/wp\/v2\/product_brand?post=20028"},{"taxonomy":"product_cat","embeddable":true,"href":"https:\/\/kpn.com.uy\/web\/wp-json\/wp\/v2\/product_cat?post=20028"},{"taxonomy":"product_tag","embeddable":true,"href":"https:\/\/kpn.com.uy\/web\/wp-json\/wp\/v2\/product_tag?post=20028"}],"curies":[{"name":"wp","href":"https:\/\/api.w.org\/{rel}","templated":true}]}}