{"id":20042,"date":"2017-06-08T12:04:28","date_gmt":"2017-06-08T15:04:28","guid":{"rendered":"https:\/\/kpn.com.uy\/web\/?product=gps-oregon-200"},"modified":"2017-07-29T19:19:43","modified_gmt":"2017-07-29T22:19:43","slug":"gps-oregon-200","status":"publish","type":"product","link":"https:\/\/kpn.com.uy\/web\/producto\/gps-oregon-200\/","title":{"rendered":"GPS Oregon 200"},"content":{"rendered":"<p>El GPS Oregon 200 muestra claramente el camino en su gran pantalla t\u00e1ctil a color de 3\u0094 visible incluso con luz solar directa. Su interfaz f\u00e1cil de utilizar te permitir\u00e1 disfrutar m\u00e1s de la naturaleza y pasar menos tiempo buscando informaci\u00f3n. Duradero y resistente al agua<\/p>\n","protected":false},"excerpt":{"rendered":"<p>El GPS Oregon 200 muestra claramente el camino en su gran pantalla t\u00e1ctil a color de 3\u0094 visible incluso con luz solar directa. Su interfaz f\u00e1cil de utilizar te permitir\u00e1 disfrutar m\u00e1s de la naturaleza y pasar menos tiempo buscando informaci\u00f3n. Duradero y resistente al agua<\/p>\n","protected":false},"featured_media":20355,"template":"","meta":{"_exactmetrics_skip_tracking":false,"_exactmetrics_sitenote_active":false,"_exactmetrics_sitenote_note":"","_exactmetrics_sitenote_category":0,"_monsterinsights_skip_tracking":false,"_monsterinsights_sitenote_active":false,"_monsterinsights_sitenote_note":"","_monsterinsights_sitenote_category":0},"product_brand":[],"product_cat":[95,73],"product_tag":[],"class_list":{"0":"post-20042","1":"product","2":"type-product","3":"status-publish","4":"has-post-thumbnail","6":"product_cat-garmin","7":"product_cat-multiproposito","9":"first","10":"instock","11":"shipping-taxable","12":"product-type-simple","13":"col-xxl","14":"col-xl-4","15":"col-lg-6","16":"col-sm-6"},"_links":{"self":[{"href":"https:\/\/kpn.com.uy\/web\/wp-json\/wp\/v2\/product\/20042","targetHints":{"allow":["GET"]}}],"collection":[{"href":"https:\/\/kpn.com.uy\/web\/wp-json\/wp\/v2\/product"}],"about":[{"href":"https:\/\/kpn.com.uy\/web\/wp-json\/wp\/v2\/types\/product"}],"wp:featuredmedia":[{"embeddable":true,"href":"https:\/\/kpn.com.uy\/web\/wp-json\/wp\/v2\/media\/20355"}],"wp:attachment":[{"href":"https:\/\/kpn.com.uy\/web\/wp-json\/wp\/v2\/media?parent=20042"}],"wp:term":[{"taxonomy":"product_brand","embeddable":true,"href":"https:\/\/kpn.com.uy\/web\/wp-json\/wp\/v2\/product_brand?post=20042"},{"taxonomy":"product_cat","embeddable":true,"href":"https:\/\/kpn.com.uy\/web\/wp-json\/wp\/v2\/product_cat?post=20042"},{"taxonomy":"product_tag","embeddable":true,"href":"https:\/\/kpn.com.uy\/web\/wp-json\/wp\/v2\/product_tag?post=20042"}],"curies":[{"name":"wp","href":"https:\/\/api.w.org\/{rel}","templated":true}]}}