{"id":20062,"date":"2017-06-08T12:04:38","date_gmt":"2017-06-08T15:04:38","guid":{"rendered":"https:\/\/kpn.com.uy\/web\/?product=gps-nuvi-550"},"modified":"2017-07-29T19:19:14","modified_gmt":"2017-07-29T22:19:14","slug":"gps-nuvi-550","status":"publish","type":"product","link":"https:\/\/kpn.com.uy\/web\/producto\/gps-nuvi-550\/","title":{"rendered":"GPS Nuvi 550"},"content":{"rendered":"<p>Receptor de alta sensibilidad. El n\u00fcvi 550 es un GPS multifunci\u00f3n compacto y resistente al agua (seg\u00fan iPX7). Dispone de los modos Conducci\u00f3n<\/p>\n","protected":false},"excerpt":{"rendered":"<p>Receptor de alta sensibilidad. El n\u00fcvi 550 es un GPS multifunci\u00f3n compacto y resistente al agua (seg\u00fan iPX7). Dispone de los modos Conducci\u00f3n<\/p>\n","protected":false},"featured_media":20365,"template":"","meta":{"_exactmetrics_skip_tracking":false,"_exactmetrics_sitenote_active":false,"_exactmetrics_sitenote_note":"","_exactmetrics_sitenote_category":0,"_monsterinsights_skip_tracking":false,"_monsterinsights_sitenote_active":false,"_monsterinsights_sitenote_note":"","_monsterinsights_sitenote_category":0},"product_brand":[],"product_cat":[74,95],"product_tag":[],"class_list":{"0":"post-20062","1":"product","2":"type-product","3":"status-publish","4":"has-post-thumbnail","6":"product_cat-autos","7":"product_cat-garmin","9":"first","10":"instock","11":"shipping-taxable","12":"product-type-simple","13":"col-xxl","14":"col-xl-4","15":"col-lg-6","16":"col-sm-6"},"_links":{"self":[{"href":"https:\/\/kpn.com.uy\/web\/wp-json\/wp\/v2\/product\/20062","targetHints":{"allow":["GET"]}}],"collection":[{"href":"https:\/\/kpn.com.uy\/web\/wp-json\/wp\/v2\/product"}],"about":[{"href":"https:\/\/kpn.com.uy\/web\/wp-json\/wp\/v2\/types\/product"}],"wp:featuredmedia":[{"embeddable":true,"href":"https:\/\/kpn.com.uy\/web\/wp-json\/wp\/v2\/media\/20365"}],"wp:attachment":[{"href":"https:\/\/kpn.com.uy\/web\/wp-json\/wp\/v2\/media?parent=20062"}],"wp:term":[{"taxonomy":"product_brand","embeddable":true,"href":"https:\/\/kpn.com.uy\/web\/wp-json\/wp\/v2\/product_brand?post=20062"},{"taxonomy":"product_cat","embeddable":true,"href":"https:\/\/kpn.com.uy\/web\/wp-json\/wp\/v2\/product_cat?post=20062"},{"taxonomy":"product_tag","embeddable":true,"href":"https:\/\/kpn.com.uy\/web\/wp-json\/wp\/v2\/product_tag?post=20062"}],"curies":[{"name":"wp","href":"https:\/\/api.w.org\/{rel}","templated":true}]}}