{"id":20110,"date":"2017-06-08T12:05:03","date_gmt":"2017-06-08T15:05:03","guid":{"rendered":"https:\/\/kpn.com.uy\/web\/?product=distanciometro-leica-4"},"modified":"2017-07-29T19:19:12","modified_gmt":"2017-07-29T22:19:12","slug":"distanciometro-leica-4","status":"publish","type":"product","link":"https:\/\/kpn.com.uy\/web\/producto\/distanciometro-leica-4\/","title":{"rendered":"Distanci\u00f3metro Leica"},"content":{"rendered":"<p>Distanci\u00f3metro l\u00e1ser en formato de tel\u00e9fono m\u00f3vil. Extremadamente peque\u00f1o y ligero. Rango de medici\u00f3n de 0<\/p>\n","protected":false},"excerpt":{"rendered":"<p>Distanci\u00f3metro l\u00e1ser en formato de tel\u00e9fono m\u00f3vil. Extremadamente peque\u00f1o y ligero. Rango de medici\u00f3n de 0<\/p>\n","protected":false},"featured_media":20389,"template":"","meta":{"_exactmetrics_skip_tracking":false,"_exactmetrics_sitenote_active":false,"_exactmetrics_sitenote_note":"","_exactmetrics_sitenote_category":0,"_monsterinsights_skip_tracking":false,"_monsterinsights_sitenote_active":false,"_monsterinsights_sitenote_note":"","_monsterinsights_sitenote_category":0},"product_brand":[],"product_cat":[78,99],"product_tag":[],"class_list":{"0":"post-20110","1":"product","2":"type-product","3":"status-publish","4":"has-post-thumbnail","6":"product_cat-distanciometros","7":"product_cat-nedo","9":"first","10":"instock","11":"shipping-taxable","12":"product-type-simple","13":"col-xxl","14":"col-xl-4","15":"col-lg-6","16":"col-sm-6"},"_links":{"self":[{"href":"https:\/\/kpn.com.uy\/web\/wp-json\/wp\/v2\/product\/20110","targetHints":{"allow":["GET"]}}],"collection":[{"href":"https:\/\/kpn.com.uy\/web\/wp-json\/wp\/v2\/product"}],"about":[{"href":"https:\/\/kpn.com.uy\/web\/wp-json\/wp\/v2\/types\/product"}],"wp:featuredmedia":[{"embeddable":true,"href":"https:\/\/kpn.com.uy\/web\/wp-json\/wp\/v2\/media\/20389"}],"wp:attachment":[{"href":"https:\/\/kpn.com.uy\/web\/wp-json\/wp\/v2\/media?parent=20110"}],"wp:term":[{"taxonomy":"product_brand","embeddable":true,"href":"https:\/\/kpn.com.uy\/web\/wp-json\/wp\/v2\/product_brand?post=20110"},{"taxonomy":"product_cat","embeddable":true,"href":"https:\/\/kpn.com.uy\/web\/wp-json\/wp\/v2\/product_cat?post=20110"},{"taxonomy":"product_tag","embeddable":true,"href":"https:\/\/kpn.com.uy\/web\/wp-json\/wp\/v2\/product_tag?post=20110"}],"curies":[{"name":"wp","href":"https:\/\/api.w.org\/{rel}","templated":true}]}}