{"id":20120,"date":"2017-06-08T12:05:09","date_gmt":"2017-06-08T15:05:09","guid":{"rendered":"https:\/\/kpn.com.uy\/web\/?product=laser-construccion"},"modified":"2017-10-05T15:02:01","modified_gmt":"2017-10-05T18:02:01","slug":"laser-construccion","status":"publish","type":"product","link":"https:\/\/kpn.com.uy\/web\/producto\/laser-construccion\/","title":{"rendered":"L\u00e1ser Construcci\u00f3n"},"content":{"rendered":"<p>Tubus1 &#8211; el nuevo l\u00e1ser para la construcci\u00f3n de canales de Nedo. Calidad sin compromisos para el profesional<\/p>\n","protected":false},"excerpt":{"rendered":"<p>Tubus1 &#8211; el nuevo l\u00e1ser para la construcci\u00f3n de canales de Nedo. Calidad sin compromisos para el profesional<\/p>\n","protected":false},"featured_media":20394,"template":"","meta":{"_exactmetrics_skip_tracking":false,"_exactmetrics_sitenote_active":false,"_exactmetrics_sitenote_note":"","_exactmetrics_sitenote_category":0,"_monsterinsights_skip_tracking":false,"_monsterinsights_sitenote_active":false,"_monsterinsights_sitenote_note":"","_monsterinsights_sitenote_category":0},"product_brand":[],"product_cat":[258,99,82,265],"product_tag":[],"class_list":{"0":"post-20120","1":"product","2":"type-product","3":"status-publish","4":"has-post-thumbnail","6":"product_cat-arquitectura","7":"product_cat-nedo","8":"product_cat-nivellaser","9":"product_cat-nivel-laser-arquitectura","11":"first","12":"instock","13":"shipping-taxable","14":"product-type-simple","15":"col-xxl","16":"col-xl-4","17":"col-lg-6","18":"col-sm-6"},"_links":{"self":[{"href":"https:\/\/kpn.com.uy\/web\/wp-json\/wp\/v2\/product\/20120","targetHints":{"allow":["GET"]}}],"collection":[{"href":"https:\/\/kpn.com.uy\/web\/wp-json\/wp\/v2\/product"}],"about":[{"href":"https:\/\/kpn.com.uy\/web\/wp-json\/wp\/v2\/types\/product"}],"wp:featuredmedia":[{"embeddable":true,"href":"https:\/\/kpn.com.uy\/web\/wp-json\/wp\/v2\/media\/20394"}],"wp:attachment":[{"href":"https:\/\/kpn.com.uy\/web\/wp-json\/wp\/v2\/media?parent=20120"}],"wp:term":[{"taxonomy":"product_brand","embeddable":true,"href":"https:\/\/kpn.com.uy\/web\/wp-json\/wp\/v2\/product_brand?post=20120"},{"taxonomy":"product_cat","embeddable":true,"href":"https:\/\/kpn.com.uy\/web\/wp-json\/wp\/v2\/product_cat?post=20120"},{"taxonomy":"product_tag","embeddable":true,"href":"https:\/\/kpn.com.uy\/web\/wp-json\/wp\/v2\/product_tag?post=20120"}],"curies":[{"name":"wp","href":"https:\/\/api.w.org\/{rel}","templated":true}]}}