{"id":20128,"date":"2017-06-08T12:05:13","date_gmt":"2017-06-08T15:05:13","guid":{"rendered":"https:\/\/kpn.com.uy\/web\/?product=nivel-ae-as"},"modified":"2019-01-07T12:39:04","modified_gmt":"2019-01-07T15:39:04","slug":"nivel-ae-as","status":"publish","type":"product","link":"https:\/\/kpn.com.uy\/web\/producto\/nivel-ae-as\/","title":{"rendered":"NIKON AE AS"},"content":{"rendered":"<p>Equipos de altas prestaciones, con anteojo cargado con nitr\u00f3geno para evitar condensaciones a\u00fan en condiciones de elevada humedad. Compensador autom\u00e1tico robusto y de alta sensibilidad, amortiguado en forma neum\u00e1tica, que minimiza los errores generados por campos electromagn\u00e9ticos. Posibilidad de incorporar una amplia gama de accesorios opcionales.<\/p>\n<p>Posibilidad de aumentar o disminuir la cantidad de aumentos mediante oculares intercambiables (opcional). Accesorios disponibles: Illuminator-3 (iluminaci\u00f3n del reticulo) \/ Micr\u00f3metro de placas paralelas<\/p>\n<p>Garant\u00eda de 2 a\u00f1os ante cualquier defecto o vicio de fabricaci\u00f3n, no as\u00ed por mal trato o uso indebido.<\/p>\n<p>El suministro incluye:<\/p>\n<p><img decoding=\"async\" class=\"puce\" src=\"http:\/\/www.runco.com.ar\/squelettes-dist\/puce.gif\" alt=\"-\" width=\"8\" height=\"11\" \/>\u00a0Nivel autom\u00e1tico AS-2C \/ AE-7C<br \/>\n<img decoding=\"async\" class=\"puce\" src=\"http:\/\/www.runco.com.ar\/squelettes-dist\/puce.gif\" alt=\"-\" width=\"8\" height=\"11\" \/>\u00a0Herramientas de ajuste.<br \/>\n<img decoding=\"async\" class=\"puce\" src=\"http:\/\/www.runco.com.ar\/squelettes-dist\/puce.gif\" alt=\"-\" width=\"8\" height=\"11\" \/>\u00a0Plomada f\u00edsica.<br \/>\n<img decoding=\"async\" class=\"puce\" src=\"http:\/\/www.runco.com.ar\/squelettes-dist\/puce.gif\" alt=\"-\" width=\"8\" height=\"11\" \/>\u00a0Capuch\u00f3n de objetivo.<br \/>\n<img decoding=\"async\" class=\"puce\" src=\"http:\/\/www.runco.com.ar\/squelettes-dist\/puce.gif\" alt=\"-\" width=\"8\" height=\"11\" \/>\u00a0Cubierta para lluvia.<br \/>\n<img decoding=\"async\" class=\"puce\" src=\"http:\/\/www.runco.com.ar\/squelettes-dist\/puce.gif\" alt=\"-\" width=\"8\" height=\"11\" \/>\u00a0Manual de usuario.<br \/>\n<img decoding=\"async\" class=\"puce\" src=\"http:\/\/www.runco.com.ar\/squelettes-dist\/puce.gif\" alt=\"-\" width=\"8\" height=\"11\" \/>\u00a0Estuche de transporte en pl\u00e1stico alto impacto.<br \/>\n<img decoding=\"async\" class=\"puce\" src=\"http:\/\/www.runco.com.ar\/squelettes-dist\/puce.gif\" alt=\"-\" width=\"8\" height=\"11\" \/>\u00a0Tr\u00edpode de aluminio de patas extensibles.<\/p>\n<table class=\"spip\">\n<tbody>\n<tr class=\"row_odd odd\">\n<td>MODELOS<\/td>\n<td><strong>AE-7C<\/strong><\/td>\n<td><strong>AS-2C<\/strong><\/td>\n<\/tr>\n<tr class=\"row_even even\">\n<td>AUMENTO DEL ANTEOJO<\/td>\n<td>30X<\/td>\n<td>34X<\/td>\n<\/tr>\n<tr class=\"row_odd odd\">\n<td>IDEM C\/ OCULARES OPCIONALES (MIN \/ MAX)<\/td>\n<td>19X \/ 37X<\/td>\n<td>22X \/ 43X<\/td>\n<\/tr>\n<tr class=\"row_even even\">\n<td>DI\u00c1METRO DEL OBJETIVO<\/td>\n<td>40mm<\/td>\n<td>45mm<\/td>\n<\/tr>\n<tr class=\"row_odd odd\">\n<td>ERROR MEDIO (mm\/Km)<\/td>\n<td>1 &#8211; 0,45*<\/td>\n<td>0,8 &#8211; 0,4*<\/td>\n<\/tr>\n<tr class=\"row_even even\">\n<td><\/td>\n<td><\/td>\n<td><\/td>\n<\/tr>\n<\/tbody>\n<\/table>\n<p>&nbsp;<\/p>\n<p><a href=\"http:\/\/www.spectraprecision.com\/media\/custom\/upload\/File-1419956535.pdf\"><a class=\"maxbutton-1 maxbutton maxbutton-descargarpdf\" target=\"_blank\" rel=\"noopener\" href=\"http:\/\/www.spectraprecision.com\/media\/custom\/upload\/File-1419956535.pdf\"><span class='mb-text'>DESCARGAR PDF<\/span><\/a> <\/a><\/p>\n<a class=\"maxbutton-1 maxbutton maxbutton-descargarpdf\" target=\"_blank\" rel=\"noopener\" href=\"http:\/\/www.geocom.cl\/assets\/ae_as_datasheet1.pdf\"><span class='mb-text'>DESCARGAR PDF<\/span><\/a>\n","protected":false},"excerpt":{"rendered":"<p>Niveles autom\u00e1ticos de precisi\u00f3n marca Nikon. Altamente precisos y capaces de soportar condiciones severas, incluyendo lluvia, temperaturas extremas, polvo y vibraci\u00f3n. Con carcasa totalmente met\u00e1lica, y con la ya legendaria \u00f3ptica de Nikon. Certificados bajo la estricta norma de calidad ISO 9001.<br class=\"autobr\" \/>Con anteojo sellado de im\u00e1gen directa, de alto contraste y luminosidad, y tornillo tangencial de movimientos finos de doble comando.<\/p>\n<ul>\n<li>Impermeabilizaci\u00f3n IPx6<\/li>\n<li>Telescopio herm\u00e9tico relleno de nitr\u00f3geno: \u00f3ptica fiable y clara en condiciones h\u00famedas<\/li>\n<li>Compensador de amortiguaci\u00f3n por aire: minimiza los errores generados en lugares con campos electromagn\u00e9ticos<\/li>\n<li>Accesorios disponibles: micr\u00f3metro \u00f3ptico, ocular acodado y lentes de aumento.<\/li>\n<li>Disponible en versiones AS-2 (34X, 0.8mm\/km y 0.4mm\/km con micr\u00f3metro) y AE-7 (30X, 1.0mm\/km y 0.45mm\/km con micr\u00f3metro)<\/li>\n<\/ul>\n","protected":false},"featured_media":22572,"template":"","meta":{"_exactmetrics_skip_tracking":false,"_exactmetrics_sitenote_active":false,"_exactmetrics_sitenote_note":"","_exactmetrics_sitenote_category":0,"_monsterinsights_skip_tracking":false,"_monsterinsights_sitenote_active":false,"_monsterinsights_sitenote_note":"","_monsterinsights_sitenote_category":0},"product_brand":[],"product_cat":[258,100,264,76],"product_tag":[],"class_list":{"0":"post-20128","1":"product","2":"type-product","3":"status-publish","4":"has-post-thumbnail","6":"product_cat-arquitectura","7":"product_cat-nikon","8":"product_cat-nivel-optico","9":"product_cat-nivelesopticos","11":"first","12":"instock","13":"shipping-taxable","14":"product-type-simple","15":"col-xxl","16":"col-xl-4","17":"col-lg-6","18":"col-sm-6"},"_links":{"self":[{"href":"https:\/\/kpn.com.uy\/web\/wp-json\/wp\/v2\/product\/20128","targetHints":{"allow":["GET"]}}],"collection":[{"href":"https:\/\/kpn.com.uy\/web\/wp-json\/wp\/v2\/product"}],"about":[{"href":"https:\/\/kpn.com.uy\/web\/wp-json\/wp\/v2\/types\/product"}],"wp:featuredmedia":[{"embeddable":true,"href":"https:\/\/kpn.com.uy\/web\/wp-json\/wp\/v2\/media\/22572"}],"wp:attachment":[{"href":"https:\/\/kpn.com.uy\/web\/wp-json\/wp\/v2\/media?parent=20128"}],"wp:term":[{"taxonomy":"product_brand","embeddable":true,"href":"https:\/\/kpn.com.uy\/web\/wp-json\/wp\/v2\/product_brand?post=20128"},{"taxonomy":"product_cat","embeddable":true,"href":"https:\/\/kpn.com.uy\/web\/wp-json\/wp\/v2\/product_cat?post=20128"},{"taxonomy":"product_tag","embeddable":true,"href":"https:\/\/kpn.com.uy\/web\/wp-json\/wp\/v2\/product_tag?post=20128"}],"curies":[{"name":"wp","href":"https:\/\/api.w.org\/{rel}","templated":true}]}}