{"id":20136,"date":"2017-06-08T12:05:17","date_gmt":"2017-06-08T15:05:17","guid":{"rendered":"https:\/\/kpn.com.uy\/web\/?product=catalogo-niveles-opticos"},"modified":"2017-08-22T19:47:44","modified_gmt":"2017-08-22T22:47:44","slug":"catalogo-niveles-opticos","status":"publish","type":"product","link":"https:\/\/kpn.com.uy\/web\/producto\/catalogo-niveles-opticos\/","title":{"rendered":"Cat\u00e1logo Niveles \u00d3pticos"},"content":{"rendered":"","protected":false},"excerpt":{"rendered":"<p>La industria de la construcci\u00f3n exige una alta productividad, precisi\u00f3n y fiabilidad en un ambiente dif\u00edcil. Nikon es una marca conocida por su superior calidad, precisi\u00f3n y seguridad \u00f3ptica, y cuenta con una red de apoyo y un servicio global.<br \/>\nLa gama de niveles autom\u00e1ticos, teodolitos y estaciones totales para construcci\u00f3n Nikon utilizadas para el<br \/>\nposicionamiento, nivelaci\u00f3n y alineaci\u00f3n, proporcionan un valor elevado, una alta precisi\u00f3n y un alto grado de fiabilidad que permiten que el usuario afronte los retos diarios de la industria de la construcci\u00f3n y lleve a cabo su trabajo.<\/p>\n<p><a href=\"https:\/\/kpn.com.uy\/web\/wp-content\/uploads\/2017\/08\/folleto_niveles_nikon.pdf\" target=\"_blank\" rel=\"noopener noreferrer\"><span class=\"btn btn-sm btn-primary\">Descargar PDF<\/span><\/a><\/p>\n","protected":false},"featured_media":20402,"template":"","meta":{"_exactmetrics_skip_tracking":false,"_exactmetrics_sitenote_active":false,"_exactmetrics_sitenote_note":"","_exactmetrics_sitenote_category":0,"_monsterinsights_skip_tracking":false,"_monsterinsights_sitenote_active":false,"_monsterinsights_sitenote_note":"","_monsterinsights_sitenote_category":0},"product_brand":[],"product_cat":[61,100],"product_tag":[],"class_list":{"0":"post-20136","1":"product","2":"type-product","3":"status-publish","4":"has-post-thumbnail","6":"product_cat-catalogos","7":"product_cat-nikon","9":"first","10":"instock","11":"shipping-taxable","12":"product-type-simple","13":"col-xxl","14":"col-xl-4","15":"col-lg-6","16":"col-sm-6"},"_links":{"self":[{"href":"https:\/\/kpn.com.uy\/web\/wp-json\/wp\/v2\/product\/20136","targetHints":{"allow":["GET"]}}],"collection":[{"href":"https:\/\/kpn.com.uy\/web\/wp-json\/wp\/v2\/product"}],"about":[{"href":"https:\/\/kpn.com.uy\/web\/wp-json\/wp\/v2\/types\/product"}],"wp:featuredmedia":[{"embeddable":true,"href":"https:\/\/kpn.com.uy\/web\/wp-json\/wp\/v2\/media\/20402"}],"wp:attachment":[{"href":"https:\/\/kpn.com.uy\/web\/wp-json\/wp\/v2\/media?parent=20136"}],"wp:term":[{"taxonomy":"product_brand","embeddable":true,"href":"https:\/\/kpn.com.uy\/web\/wp-json\/wp\/v2\/product_brand?post=20136"},{"taxonomy":"product_cat","embeddable":true,"href":"https:\/\/kpn.com.uy\/web\/wp-json\/wp\/v2\/product_cat?post=20136"},{"taxonomy":"product_tag","embeddable":true,"href":"https:\/\/kpn.com.uy\/web\/wp-json\/wp\/v2\/product_tag?post=20136"}],"curies":[{"name":"wp","href":"https:\/\/api.w.org\/{rel}","templated":true}]}}