{"id":20138,"date":"2017-06-08T12:05:17","date_gmt":"2017-06-08T15:05:17","guid":{"rendered":"https:\/\/kpn.com.uy\/web\/?product=pix4dmapper"},"modified":"2021-07-06T12:35:11","modified_gmt":"2021-07-06T15:35:11","slug":"pix4dmapper","status":"publish","type":"product","link":"https:\/\/kpn.com.uy\/web\/producto\/pix4dmapper\/","title":{"rendered":"Pix4Dmapper"},"content":{"rendered":"<p>Eval\u00fae, modifique, interprete y mejore sus resultados directamente en el software utilizando el m\u00f3dulo\u00a0<i>rayCloud<\/i>\u00a0para generar anotaciones sobre los objetos relevados y mejorar las precisi\u00f3nes del proyecto, y el m\u00f3dulo\u00a0<i>Mosaic Editor<\/i>\u00a0para la edici\u00f3n de las l\u00edneas de uni\u00f3n del ortomosaico y mejorar la est\u00e9tica del producto final. Genere ortomosaicos, DSM y nubes de puntos a partir de im\u00e1genes a\u00e9reas y oblicuas utilizando cualquier c\u00e1mara y objetivo, incluyendo im\u00e1genes multibanda. Mantenga el control total sobre sus proyectos en todo momento mediante la evaluaci\u00f3n y edici\u00f3n de todos los puntos de enlace (PAF, puntos de control y puntos caracter\u00edsticos). El flujo de trabajo completamente autom\u00e1tico permite que el programa se encargue de la calibraci\u00f3n y el procesamiento para lograr un resultado preciso de calidad centim\u00e9trica, semejante a las precisiones LiDAR 3D.\u00a0<br class=\"autobr\" \/>Ahorre en viajes innecesarios al campo y eval\u00fae la calidad de los datos adquiridos mientras que todav\u00eda est\u00e9 en el lugar de vuelo utilizando el modo de comprobaci\u00f3n r\u00e1pida de Pix4D. La licencia incluye dos dispositivos de modo que usted puede instalar el software tanto en su computadora port\u00e1til para una verificaci\u00f3n r\u00e1pida in situ, como en su PC de escritorio para in procesamiento completo.\u00a0<br class=\"autobr\" \/>Eval\u00fae y edite sus proyectos utilizando el\u00a0<i>rayCloud Editor<\/i>\u00a0y\u00a0<i>Mosaic Editor<\/i>. Mejorar la exactitud de sus proyectos y restituya los objetos directamente en el software, y luego, incorpore sin problemas sus resultados en cualquier GIS, CAD o paquete de software de fotogrametr\u00eda tradicional.<\/p>\n<p><a href=\"http:\/\/https:\/\/www.youtube.com\/watch?v=wTj0ua3KorM&amp;t=9s\">http:\/\/https:\/\/www.youtube.com\/watch?v=wTj0ua3KorM&amp;t=9s<\/a><\/p>\n","protected":false},"excerpt":{"rendered":"<p>Este completo software de escritorio genera a partir de im\u00e1genes,obtenidas desde el aire o tierra, ortomosaicos de alta gama con calidad m\u00e9trica, DSM (modelo digital de superficie) y nubes de puntos en s\u00f3lo un par de clicks, con un flujo de trabajo completamente autom\u00e1tico<\/p>\n[maxbutton id=\"1\" url=\"https:\/\/kpn.com.uy\/web\/wp-content\/uploads\/2017\/06\/Pix4D-Mapper-ES.pdf\" ]\n","protected":false},"featured_media":24188,"template":"","meta":{"_exactmetrics_skip_tracking":false,"_exactmetrics_sitenote_active":false,"_exactmetrics_sitenote_note":"","_exactmetrics_sitenote_category":0,"_monsterinsights_skip_tracking":false,"_monsterinsights_sitenote_active":false,"_monsterinsights_sitenote_note":"","_monsterinsights_sitenote_category":0},"product_brand":[],"product_cat":[101,380,71],"product_tag":[],"class_list":{"0":"post-20138","1":"product","2":"type-product","3":"status-publish","4":"has-post-thumbnail","6":"product_cat-pix4d","7":"product_cat-procesamiento-de-imagenes","8":"product_cat-softwareingenieria","10":"first","11":"instock","12":"shipping-taxable","13":"product-type-simple","14":"col-xxl","15":"col-xl-4","16":"col-lg-6","17":"col-sm-6"},"_links":{"self":[{"href":"https:\/\/kpn.com.uy\/web\/wp-json\/wp\/v2\/product\/20138","targetHints":{"allow":["GET"]}}],"collection":[{"href":"https:\/\/kpn.com.uy\/web\/wp-json\/wp\/v2\/product"}],"about":[{"href":"https:\/\/kpn.com.uy\/web\/wp-json\/wp\/v2\/types\/product"}],"wp:featuredmedia":[{"embeddable":true,"href":"https:\/\/kpn.com.uy\/web\/wp-json\/wp\/v2\/media\/24188"}],"wp:attachment":[{"href":"https:\/\/kpn.com.uy\/web\/wp-json\/wp\/v2\/media?parent=20138"}],"wp:term":[{"taxonomy":"product_brand","embeddable":true,"href":"https:\/\/kpn.com.uy\/web\/wp-json\/wp\/v2\/product_brand?post=20138"},{"taxonomy":"product_cat","embeddable":true,"href":"https:\/\/kpn.com.uy\/web\/wp-json\/wp\/v2\/product_cat?post=20138"},{"taxonomy":"product_tag","embeddable":true,"href":"https:\/\/kpn.com.uy\/web\/wp-json\/wp\/v2\/product_tag?post=20138"}],"curies":[{"name":"wp","href":"https:\/\/api.w.org\/{rel}","templated":true}]}}