{"id":20164,"date":"2017-06-08T12:05:31","date_gmt":"2017-06-08T15:05:31","guid":{"rendered":"https:\/\/kpn.com.uy\/web\/?product=nivel-gl-412422"},"modified":"2017-10-05T14:59:38","modified_gmt":"2017-10-05T17:59:38","slug":"nivel-gl-412422","status":"publish","type":"product","link":"https:\/\/kpn.com.uy\/web\/producto\/nivel-gl-412422\/","title":{"rendered":"Nivel GL 412\/422"},"content":{"rendered":"<p><strong>Aplicaciones de GL412 y GL422: <\/strong><br \/>\n\u2022 Nivelado de encofrados para hormig\u00f3n y bases\/z\u00f3calos<br \/>\n\u2022 Alineaci\u00f3n vertical y plomada para construcci\u00f3n general,tal como anclajes y alineaci\u00f3n de encofrados<br \/>\n\u2022 Nivelaci\u00f3n y excavaci\u00f3n<br \/>\n\u2022 Zonas hormigonadas con escorrent\u00eda para campos de deporte, canchas de tenis, entradas para autom\u00f3viles<br \/>\n\u2022 Instalaci\u00f3n de tuber\u00edas de desag\u00fce de aguas pluviales y alcantarillado<br \/>\n\u2022 Terraplenes de pendientes pronunciadas, zanjas y cunetas<br \/>\n\u2022 Garajes de estacionamiento, rampas y drenajes.<\/p>\n<p><a href=\"https:\/\/kpn.com.uy\/web\/wp-content\/uploads\/2017\/08\/Datasheet-GL412-and-GL422-Spanish.pdf\" target=\"_blank\" rel=\"noopener noreferrer\"><span class=\"btn btn-sm btn-primary\">Descargar PDF<\/span><\/a><\/p>\n","protected":false},"excerpt":{"rendered":"<p>Nuevo l\u00e1ser de pendiente robusto con control remoto bidireccional y funciones superiores de nivelaci\u00f3n, c\u00e1lculo de pendientes y alineaci\u00f3n vertical.<\/p>\n","protected":false},"featured_media":20416,"template":"","meta":{"_exactmetrics_skip_tracking":false,"_exactmetrics_sitenote_active":false,"_exactmetrics_sitenote_note":"","_exactmetrics_sitenote_category":0,"_monsterinsights_skip_tracking":false,"_monsterinsights_sitenote_active":false,"_monsterinsights_sitenote_note":"","_monsterinsights_sitenote_category":0},"product_brand":[],"product_cat":[258,265,82,104],"product_tag":[],"class_list":{"0":"post-20164","1":"product","2":"type-product","3":"status-publish","4":"has-post-thumbnail","6":"product_cat-arquitectura","7":"product_cat-nivel-laser-arquitectura","8":"product_cat-nivellaser","9":"product_cat-spectra","11":"first","12":"instock","13":"shipping-taxable","14":"product-type-simple","15":"col-xxl","16":"col-xl-4","17":"col-lg-6","18":"col-sm-6"},"_links":{"self":[{"href":"https:\/\/kpn.com.uy\/web\/wp-json\/wp\/v2\/product\/20164","targetHints":{"allow":["GET"]}}],"collection":[{"href":"https:\/\/kpn.com.uy\/web\/wp-json\/wp\/v2\/product"}],"about":[{"href":"https:\/\/kpn.com.uy\/web\/wp-json\/wp\/v2\/types\/product"}],"wp:featuredmedia":[{"embeddable":true,"href":"https:\/\/kpn.com.uy\/web\/wp-json\/wp\/v2\/media\/20416"}],"wp:attachment":[{"href":"https:\/\/kpn.com.uy\/web\/wp-json\/wp\/v2\/media?parent=20164"}],"wp:term":[{"taxonomy":"product_brand","embeddable":true,"href":"https:\/\/kpn.com.uy\/web\/wp-json\/wp\/v2\/product_brand?post=20164"},{"taxonomy":"product_cat","embeddable":true,"href":"https:\/\/kpn.com.uy\/web\/wp-json\/wp\/v2\/product_cat?post=20164"},{"taxonomy":"product_tag","embeddable":true,"href":"https:\/\/kpn.com.uy\/web\/wp-json\/wp\/v2\/product_tag?post=20164"}],"curies":[{"name":"wp","href":"https:\/\/api.w.org\/{rel}","templated":true}]}}