{"id":20166,"date":"2017-06-08T12:05:31","date_gmt":"2017-06-08T15:05:31","guid":{"rendered":"https:\/\/kpn.com.uy\/web\/?product=nivel-hv-301"},"modified":"2017-10-05T14:59:46","modified_gmt":"2017-10-05T17:59:46","slug":"nivel-hv-301","status":"publish","type":"product","link":"https:\/\/kpn.com.uy\/web\/producto\/nivel-hv-301\/","title":{"rendered":"Nivel HV 301"},"content":{"rendered":"<p><strong>L\u00e1ser para la construcci\u00f3n general, altamente visible y f\u00e1cil de usar<\/strong><br \/>\nEl Spectra Precision\u2122 Laser HV301 autom\u00e1tico y autonivelante es un l\u00e1ser econ\u00f3mico con una versatilidad y visibilidad excepcional.<br \/>\nYa sea que la obra se realice en el interior o en el exterior, el HV301 puede manejar una amplia variedad de aplicaciones horizontales, verticales y de aplomado.<br \/>\nEl rayo de alta visibilidad permite obtener referencias de aplomado\/perpendiculares y rotativas simult\u00e1neas a 90 grados.<br \/>\nEl rayo intenso se puede ver f\u00e1cilmente en las aplicaciones de marcado de 1 metro (4 pies), incluso en ambientes interiores con mucha luminosidad.<\/p>\n<p><a href=\"https:\/\/kpn.com.uy\/web\/wp-content\/uploads\/2017\/08\/Folleto_Trimble_HV301.pdf\" target=\"_blank\" rel=\"noopener noreferrer\"><span class=\"btn btn-sm btn-primary\">Descargar PDF<\/span><\/a><\/p>\n","protected":false},"excerpt":{"rendered":"<p><strong>Nuevo l\u00e1ser multiprop\u00f3sito para la construcci\u00f3n para aplicaciones de interior y de exterior.<\/strong><\/p>\n","protected":false},"featured_media":20417,"template":"","meta":{"_exactmetrics_skip_tracking":false,"_exactmetrics_sitenote_active":false,"_exactmetrics_sitenote_note":"","_exactmetrics_sitenote_category":0,"_monsterinsights_skip_tracking":false,"_monsterinsights_sitenote_active":false,"_monsterinsights_sitenote_note":"","_monsterinsights_sitenote_category":0},"product_brand":[],"product_cat":[258,265,82,104],"product_tag":[],"class_list":{"0":"post-20166","1":"product","2":"type-product","3":"status-publish","4":"has-post-thumbnail","6":"product_cat-arquitectura","7":"product_cat-nivel-laser-arquitectura","8":"product_cat-nivellaser","9":"product_cat-spectra","11":"first","12":"instock","13":"shipping-taxable","14":"product-type-simple","15":"col-xxl","16":"col-xl-4","17":"col-lg-6","18":"col-sm-6"},"_links":{"self":[{"href":"https:\/\/kpn.com.uy\/web\/wp-json\/wp\/v2\/product\/20166","targetHints":{"allow":["GET"]}}],"collection":[{"href":"https:\/\/kpn.com.uy\/web\/wp-json\/wp\/v2\/product"}],"about":[{"href":"https:\/\/kpn.com.uy\/web\/wp-json\/wp\/v2\/types\/product"}],"wp:featuredmedia":[{"embeddable":true,"href":"https:\/\/kpn.com.uy\/web\/wp-json\/wp\/v2\/media\/20417"}],"wp:attachment":[{"href":"https:\/\/kpn.com.uy\/web\/wp-json\/wp\/v2\/media?parent=20166"}],"wp:term":[{"taxonomy":"product_brand","embeddable":true,"href":"https:\/\/kpn.com.uy\/web\/wp-json\/wp\/v2\/product_brand?post=20166"},{"taxonomy":"product_cat","embeddable":true,"href":"https:\/\/kpn.com.uy\/web\/wp-json\/wp\/v2\/product_cat?post=20166"},{"taxonomy":"product_tag","embeddable":true,"href":"https:\/\/kpn.com.uy\/web\/wp-json\/wp\/v2\/product_tag?post=20166"}],"curies":[{"name":"wp","href":"https:\/\/api.w.org\/{rel}","templated":true}]}}