{"id":20172,"date":"2017-06-08T12:05:35","date_gmt":"2017-06-08T15:05:35","guid":{"rendered":"https:\/\/kpn.com.uy\/web\/?product=nivel-hv-401"},"modified":"2017-10-05T14:59:09","modified_gmt":"2017-10-05T17:59:09","slug":"nivel-hv-401","status":"publish","type":"product","link":"https:\/\/kpn.com.uy\/web\/producto\/nivel-hv-401\/","title":{"rendered":"Nivel HV 401"},"content":{"rendered":"<p><strong>Aplicaciones del HV401:<\/strong><br \/>\n\u2022 Mediciones de corte y relleno<br \/>\n\u2022 Dise\u00f1os y l\u00edneas de excavaci\u00f3n<br \/>\n\u2022 Posicionamiento de encofrados de hormig\u00f3n\/\u201dmarcado de zapatas\u201d<br \/>\n\u2022 Comprobaciones de ejecuci\u00f3n<br \/>\n\u2022 Dise\u00f1o de l\u00edneas de control de la construcci\u00f3n en plataformas de hormig\u00f3n para el uso por parte de subcontratistas<br \/>\n\u2022 Control de la elevaci\u00f3n en emplazamientos m\u00e1s grandes<br \/>\n\u2022 Taludes<br \/>\n\u2022 Nivelaci\u00f3n y alineaci\u00f3n interior<\/p>\n<p><a href=\"https:\/\/kpn.com.uy\/web\/wp-content\/uploads\/2017\/08\/hv401.pdf\" target=\"_blank\" rel=\"noopener noreferrer\"><span class=\"btn btn-sm btn-primary\">Descargar PDF<\/span><\/a><\/p>\n","protected":false},"excerpt":{"rendered":"<p><strong>L\u00e1ser robusto y muy vers\u00e1til para la construcci\u00f3n general<\/strong><br \/>\nEl Spectra Precision\u00ae Laser HV401, altamente visible y multifunci\u00f3n, es un l\u00e1ser avanzado con una precisi\u00f3n y durabilidad excepcional para los proyectos de construcci\u00f3n general. Reemplace el m\u00e9todo convencional de l\u00edneas con cordel e instrumentos \u00f3pticos: el HV401 puede instalarse f\u00e1cilmente y lo puede manejar una sola persona en una amplia serie de aplicaciones comerciales para incrementar la precisi\u00f3n, maximizar la rentabilidad de la inversi\u00f3n y para mejorar la productividad.<\/p>\n","protected":false},"featured_media":20420,"template":"","meta":{"_exactmetrics_skip_tracking":false,"_exactmetrics_sitenote_active":false,"_exactmetrics_sitenote_note":"","_exactmetrics_sitenote_category":0,"_monsterinsights_skip_tracking":false,"_monsterinsights_sitenote_active":false,"_monsterinsights_sitenote_note":"","_monsterinsights_sitenote_category":0},"product_brand":[],"product_cat":[258,265,82,104],"product_tag":[],"class_list":{"0":"post-20172","1":"product","2":"type-product","3":"status-publish","4":"has-post-thumbnail","6":"product_cat-arquitectura","7":"product_cat-nivel-laser-arquitectura","8":"product_cat-nivellaser","9":"product_cat-spectra","11":"first","12":"instock","13":"shipping-taxable","14":"product-type-simple","15":"col-xxl","16":"col-xl-4","17":"col-lg-6","18":"col-sm-6"},"_links":{"self":[{"href":"https:\/\/kpn.com.uy\/web\/wp-json\/wp\/v2\/product\/20172","targetHints":{"allow":["GET"]}}],"collection":[{"href":"https:\/\/kpn.com.uy\/web\/wp-json\/wp\/v2\/product"}],"about":[{"href":"https:\/\/kpn.com.uy\/web\/wp-json\/wp\/v2\/types\/product"}],"wp:featuredmedia":[{"embeddable":true,"href":"https:\/\/kpn.com.uy\/web\/wp-json\/wp\/v2\/media\/20420"}],"wp:attachment":[{"href":"https:\/\/kpn.com.uy\/web\/wp-json\/wp\/v2\/media?parent=20172"}],"wp:term":[{"taxonomy":"product_brand","embeddable":true,"href":"https:\/\/kpn.com.uy\/web\/wp-json\/wp\/v2\/product_brand?post=20172"},{"taxonomy":"product_cat","embeddable":true,"href":"https:\/\/kpn.com.uy\/web\/wp-json\/wp\/v2\/product_cat?post=20172"},{"taxonomy":"product_tag","embeddable":true,"href":"https:\/\/kpn.com.uy\/web\/wp-json\/wp\/v2\/product_tag?post=20172"}],"curies":[{"name":"wp","href":"https:\/\/api.w.org\/{rel}","templated":true}]}}