{"id":20176,"date":"2017-06-08T12:05:37","date_gmt":"2017-06-08T15:05:37","guid":{"rendered":"https:\/\/kpn.com.uy\/web\/?product=nivel-ll-100"},"modified":"2017-10-05T14:58:28","modified_gmt":"2017-10-05T17:58:28","slug":"nivel-ll-100","status":"publish","type":"product","link":"https:\/\/kpn.com.uy\/web\/producto\/nivel-ll-100\/","title":{"rendered":"Nivel LL 100"},"content":{"rendered":"<p><strong>Aplicaciones del LL100:<\/strong><br \/>\n\u2022 Control general de la altura<br \/>\n\u2022 Verificaci\u00f3n y determinaci\u00f3n de la altura en obras de construcci\u00f3n peque\u00f1as<br \/>\n\u2022 Nivelaci\u00f3n de encofrados y de cimientos<br \/>\n\u2022 Determinaci\u00f3n del quitado y recubrimiento del suelo<br \/>\n\u2022 Ideal para la construcci\u00f3n de barandas y terrazas, piscinas y plantas peque\u00f1as de aguas residuales<br \/>\n\u2022 Inclinaciones bases en entradas y rampas<\/p>\n<p><a href=\"https:\/\/kpn.com.uy\/web\/wp-content\/uploads\/2017\/08\/LL100.pdf\" target=\"_blank\" rel=\"noopener noreferrer\"><span class=\"btn btn-sm btn-primary\">Descargar PDF<\/span><\/a><\/p>\n","protected":false},"excerpt":{"rendered":"<p><strong>El l\u00e1ser exacto y resistente, resiste las condiciones m\u00e1s dif\u00edciles de las obras de construcci\u00f3n.<\/strong><br \/>\nEl Spectra Precision\u00ae Laser LL100, autom\u00e1tico y autonivelante, siente nuevos hitos de fiabilidad robusta y es apropiado para una amplia variedad de aplicaciones de construcci\u00f3n generales. Incluso bajo las condiciones m\u00e1s duras de la obra de construcci\u00f3n, el l\u00e1ser LL100 ofrece un rendimiento altamente preciso y confiable, aumentando con ello la productividad general y permitiendo ahorros de gastos.<\/p>\n","protected":false},"featured_media":20422,"template":"","meta":{"_exactmetrics_skip_tracking":false,"_exactmetrics_sitenote_active":false,"_exactmetrics_sitenote_note":"","_exactmetrics_sitenote_category":0,"_monsterinsights_skip_tracking":false,"_monsterinsights_sitenote_active":false,"_monsterinsights_sitenote_note":"","_monsterinsights_sitenote_category":0},"product_brand":[],"product_cat":[258,265,82,104],"product_tag":[],"class_list":{"0":"post-20176","1":"product","2":"type-product","3":"status-publish","4":"has-post-thumbnail","6":"product_cat-arquitectura","7":"product_cat-nivel-laser-arquitectura","8":"product_cat-nivellaser","9":"product_cat-spectra","11":"first","12":"instock","13":"shipping-taxable","14":"product-type-simple","15":"col-xxl","16":"col-xl-4","17":"col-lg-6","18":"col-sm-6"},"_links":{"self":[{"href":"https:\/\/kpn.com.uy\/web\/wp-json\/wp\/v2\/product\/20176","targetHints":{"allow":["GET"]}}],"collection":[{"href":"https:\/\/kpn.com.uy\/web\/wp-json\/wp\/v2\/product"}],"about":[{"href":"https:\/\/kpn.com.uy\/web\/wp-json\/wp\/v2\/types\/product"}],"wp:featuredmedia":[{"embeddable":true,"href":"https:\/\/kpn.com.uy\/web\/wp-json\/wp\/v2\/media\/20422"}],"wp:attachment":[{"href":"https:\/\/kpn.com.uy\/web\/wp-json\/wp\/v2\/media?parent=20176"}],"wp:term":[{"taxonomy":"product_brand","embeddable":true,"href":"https:\/\/kpn.com.uy\/web\/wp-json\/wp\/v2\/product_brand?post=20176"},{"taxonomy":"product_cat","embeddable":true,"href":"https:\/\/kpn.com.uy\/web\/wp-json\/wp\/v2\/product_cat?post=20176"},{"taxonomy":"product_tag","embeddable":true,"href":"https:\/\/kpn.com.uy\/web\/wp-json\/wp\/v2\/product_tag?post=20176"}],"curies":[{"name":"wp","href":"https:\/\/api.w.org\/{rel}","templated":true}]}}