{"id":20178,"date":"2017-06-08T12:05:38","date_gmt":"2017-06-08T15:05:38","guid":{"rendered":"https:\/\/kpn.com.uy\/web\/?product=nivel-ll-300"},"modified":"2017-10-05T14:58:16","modified_gmt":"2017-10-05T17:58:16","slug":"nivel-ll-300","status":"publish","type":"product","link":"https:\/\/kpn.com.uy\/web\/producto\/nivel-ll-300\/","title":{"rendered":"Nivel LL 300"},"content":{"rendered":"<p>El Spectra Precision\u00ae Laser LL300 autom\u00e1tico y autonivelante de Trimble es el nivel l\u00e1ser m\u00e1s robusto disponible, lo suficientemente fuerte para manejar una amplia variedad de aplicaciones de construcci\u00f3n generales y de concreto (hormig\u00f3n). Incluso en las condiciones m\u00e1s duras de la obra, el LL300 ofrece un rendimiento altamente preciso y confiable, lo que le permite trabajar de forma m\u00e1s r\u00e1pida e inteligente.<br \/>\nM\u00e1s contratistas de todo el mundo usan los l\u00e1seres de Spectra Precision para incrementar la productividad y<br \/>\nbeneficios en la obra de construcci\u00f3n en lugar de otras marcas.<br \/>\nCada uno de ellos brinda la s\u00f3lida robustez que ha convertido al nombre Spectra Precision Laser en un est\u00e1ndar de la industria.<\/p>\n<p><a href=\"https:\/\/kpn.com.uy\/web\/wp-content\/uploads\/2017\/08\/ll300.pdf\" target=\"_blank\" rel=\"noopener noreferrer\"><span class=\"btn btn-sm btn-primary\">Descargar PDF<\/span><\/a><\/p>\n","protected":false},"excerpt":{"rendered":"<p><strong>El nivel l\u00e1ser m\u00e1s robusto que pueda tener jam\u00e1s.<\/strong><br \/>\nFabricado para los contratistas generales que requieren precisi\u00f3n, facilidad de uso y durabilidad.<\/p>\n","protected":false},"featured_media":20423,"template":"","meta":{"_exactmetrics_skip_tracking":false,"_exactmetrics_sitenote_active":false,"_exactmetrics_sitenote_note":"","_exactmetrics_sitenote_category":0,"_monsterinsights_skip_tracking":false,"_monsterinsights_sitenote_active":false,"_monsterinsights_sitenote_note":"","_monsterinsights_sitenote_category":0},"product_brand":[],"product_cat":[258,265,82,104],"product_tag":[],"class_list":{"0":"post-20178","1":"product","2":"type-product","3":"status-publish","4":"has-post-thumbnail","6":"product_cat-arquitectura","7":"product_cat-nivel-laser-arquitectura","8":"product_cat-nivellaser","9":"product_cat-spectra","11":"first","12":"instock","13":"shipping-taxable","14":"product-type-simple","15":"col-xxl","16":"col-xl-4","17":"col-lg-6","18":"col-sm-6"},"_links":{"self":[{"href":"https:\/\/kpn.com.uy\/web\/wp-json\/wp\/v2\/product\/20178","targetHints":{"allow":["GET"]}}],"collection":[{"href":"https:\/\/kpn.com.uy\/web\/wp-json\/wp\/v2\/product"}],"about":[{"href":"https:\/\/kpn.com.uy\/web\/wp-json\/wp\/v2\/types\/product"}],"wp:featuredmedia":[{"embeddable":true,"href":"https:\/\/kpn.com.uy\/web\/wp-json\/wp\/v2\/media\/20423"}],"wp:attachment":[{"href":"https:\/\/kpn.com.uy\/web\/wp-json\/wp\/v2\/media?parent=20178"}],"wp:term":[{"taxonomy":"product_brand","embeddable":true,"href":"https:\/\/kpn.com.uy\/web\/wp-json\/wp\/v2\/product_brand?post=20178"},{"taxonomy":"product_cat","embeddable":true,"href":"https:\/\/kpn.com.uy\/web\/wp-json\/wp\/v2\/product_cat?post=20178"},{"taxonomy":"product_tag","embeddable":true,"href":"https:\/\/kpn.com.uy\/web\/wp-json\/wp\/v2\/product_tag?post=20178"}],"curies":[{"name":"wp","href":"https:\/\/api.w.org\/{rel}","templated":true}]}}