{"id":20188,"date":"2017-06-08T12:05:44","date_gmt":"2017-06-08T15:05:44","guid":{"rendered":"https:\/\/kpn.com.uy\/web\/?product=topostudio"},"modified":"2021-06-14T10:20:34","modified_gmt":"2021-06-14T13:20:34","slug":"topostudio","status":"publish","type":"product","link":"https:\/\/kpn.com.uy\/web\/producto\/topostudio\/","title":{"rendered":"TopoStudio"},"content":{"rendered":"<p>TopoStudio es producto de la evoluci\u00f3n de software anterior con una trayectoria de 30 a\u00f1os de desarrollo. Proyectado y dise\u00f1ado por Ingenieros Agrimensores tiene el respaldo de la expriencia real de sus creadores y se ha nutrido de las sugerencias de los usuarios para mejorar el concepto original. En su pa\u00eds de origen, Uruguay, se le considera el standard para tareas de agrimensura y topograf\u00eda.<\/p><p><\/p>","protected":false},"excerpt":{"rendered":"[maxbutton id=\"1\" url=\"https:\/\/production-resources.bricsys.com\/static\/common\/applications\/attachments\/143\/61\/documentation00.pdf?_gl=1*tbcudf*_ga*MTg1MjgzMDAxMS4xNjIxNjEzODU4*_ga_BC9YG14JH3*MTYyMTYyNTc0My4yLjAuMTYyMTYyNTc0My42MA..\" text=\"DESCARGAR CAT\u00c1LOGO\" ]\n<p><strong>Trabaja en 2D o 3D de forma transparente:<\/strong><\/p>\n<p>TopoStudio acepta puntos en 2D o 3D, con descripciones alfanum\u00e9ricas f\u00e1ciles de entender y cuenta con una bibilioteca de s\u00edmbolos predefinidos asociables (opcionalmente) con cada punto. Utiliza las coordenadas en forma autom\u00e1tica y transparente para suministrar informaci\u00f3n reducida al horizonte, sea en c\u00e1lculos o dibujo. No es necesario preocuparse cual de los dos tipos de punto se est\u00e1 utilizando.<\/p>\n<p><strong> Curvas de Nivel:<\/strong><\/p>\n<p>En esta operaci\u00f3n se toma en cuenta la cota de nivel de los puntos y el MDT resultante puede renderizarse para visualizarlo en el espacio. El cambio del punto de vista, la iluminaci\u00f3n y la rotaci\u00f3n en tiempo real se realizan de forma simple y efectiva gracias a la perfecta integraci\u00f3n con Bricscad.<\/p>\n<p><strong>Un poderoso Gestor de Puntos:<\/strong><\/p>\n<p>El Gestor de Puntos (GP) integrado, no solamente lista en forma completa la base de datos sino que incorpora 9 herramientas para manejarlos en forma efectiva. Es posible filtrar, escalar, editar (y mucho m\u00e1s&#8230;) solamente con un click. El GP es una gran ayuda para crear listas de puntos (en orden ascendente, descendente o mixto) para el procesado por tandas.<\/p>\n<p><strong>Herramientas inteligentes:<\/strong><\/p>\n<p>C\u00e1lculo del \u00e1rea y acotado de figuras, incluso con lados curvos, completamente autom\u00e1tico. Si se necesita agregar una lista de coordenadas al dibujo, basta con seleccionar los v\u00e9rtices para generar una prolija planilla con su encabezado. Los valores resultantes pueden modificarse para utilizar, por ejemplo, un sistema local con origen en un punto elegido o para exhibir valores todos positivos. La transformaci\u00f3n de puntos (traslaci\u00f3n, rotaci\u00f3n y escalado) es r\u00e1pida y sencilla. Los puntos girados mantienen su nombre y s\u00edmbolo alineados horizontalmente.<\/p>\n<p>La rutina de curvas horizontales calcula y dibuja cualquier arco circular a partir del ingreso de datos suficientes. Los restantes par\u00e1metros no ingresados se calculan de inmediato.<\/p>\n<p>A su vez, si se elige una curva en la pantalla, la rutina calcular\u00e1 y exhibir\u00e1 todos sus datos.<\/p>\n<p>Un poderoso algoritmo por m\u00ednimos cuadrados calcula y dibuja la recta o circunferencia que mejor se ajusta a un grupo de puntos. Marcando o desmarcando algunos puntos se puede controlar su influencia y observar el resultado de inmediato.<\/p>\n<p>Una bibilioteca de tipos de l\u00ednea y otra de s\u00edmbolos son de gran ayuda para crear dibujos de calidad profesional. Ambas admiten factores de escala para adecuar su apariencia y legibilidad.<\/p>\n<p>Por \u00faltimo, una calculadora RPN integrada ser\u00e1 de gran utilidad en ocasiones especiales. Acepta valores sexagesimales directamente e incluye una pesta\u00f1a con rutinas de conversi\u00f3n a grados centesimales, radianes o rumbos. Otra pesta\u00f1a resuelve la transformaci\u00f3n de coordenadas rectangulares a polares y viceversa as\u00ed como la reducci\u00f3n de distancias inclinadas. El resultado de una operaci\u00f3n de c\u00e1lculo se memoriza autom\u00e1ticamente y puede reutilizarse en la caja de di\u00e1logo que invoc\u00f3 a la calculadora.<\/p>\n","protected":false},"featured_media":20428,"template":"","meta":{"_exactmetrics_skip_tracking":false,"_exactmetrics_sitenote_active":false,"_exactmetrics_sitenote_note":"","_exactmetrics_sitenote_category":0,"_monsterinsights_skip_tracking":false,"_monsterinsights_sitenote_active":false,"_monsterinsights_sitenote_note":"","_monsterinsights_sitenote_category":0},"product_brand":[],"product_cat":[79,113,71],"product_tag":[],"class_list":{"0":"post-20188","1":"product","2":"type-product","3":"status-publish","4":"has-post-thumbnail","6":"product_cat-cad","7":"product_cat-programas-cad","8":"product_cat-softwareingenieria","10":"first","11":"instock","12":"shipping-taxable","13":"product-type-simple","14":"col-xxl","15":"col-xl-4","16":"col-lg-6","17":"col-sm-6"},"_links":{"self":[{"href":"https:\/\/kpn.com.uy\/web\/wp-json\/wp\/v2\/product\/20188","targetHints":{"allow":["GET"]}}],"collection":[{"href":"https:\/\/kpn.com.uy\/web\/wp-json\/wp\/v2\/product"}],"about":[{"href":"https:\/\/kpn.com.uy\/web\/wp-json\/wp\/v2\/types\/product"}],"wp:featuredmedia":[{"embeddable":true,"href":"https:\/\/kpn.com.uy\/web\/wp-json\/wp\/v2\/media\/20428"}],"wp:attachment":[{"href":"https:\/\/kpn.com.uy\/web\/wp-json\/wp\/v2\/media?parent=20188"}],"wp:term":[{"taxonomy":"product_brand","embeddable":true,"href":"https:\/\/kpn.com.uy\/web\/wp-json\/wp\/v2\/product_brand?post=20188"},{"taxonomy":"product_cat","embeddable":true,"href":"https:\/\/kpn.com.uy\/web\/wp-json\/wp\/v2\/product_cat?post=20188"},{"taxonomy":"product_tag","embeddable":true,"href":"https:\/\/kpn.com.uy\/web\/wp-json\/wp\/v2\/product_tag?post=20188"}],"curies":[{"name":"wp","href":"https:\/\/api.w.org\/{rel}","templated":true}]}}