{"id":20192,"date":"2017-06-08T12:05:46","date_gmt":"2017-06-08T15:05:46","guid":{"rendered":"https:\/\/kpn.com.uy\/web\/?product=17-business-center"},"modified":"2017-11-24T10:29:12","modified_gmt":"2017-11-24T13:29:12","slug":"02-business-center","status":"publish","type":"product","link":"https:\/\/kpn.com.uy\/web\/producto\/02-business-center\/","title":{"rendered":"Trimble Business Center"},"content":{"rendered":"<p><strong>Soluci\u00f3n de software completa<\/strong><br \/>\nFlujos de trabajo completos para que los proveedores de servicios especializados, topograf\u00eda y SIG puedan generar productos finales a partir de tipos de datos tradicionales o ampliar a los datos de im\u00e1genes y nubes de puntos m\u00e1s recientes de los sensores a\u00e9reos, m\u00f3viles y terrestres.<br \/>\nUn software lo hace todo: elimina los flujos de trabajo obsoletos, es compatible con las necesidades y flexibilidad<br \/>\nde las empresas multidisciplinarias, y reduce los costos que conlleva la compra de software y la capacitaci\u00f3n.<\/p>\n<p><a href=\"https:\/\/kpn.com.uy\/web\/wp-content\/uploads\/2017\/08\/022543-256M-ESP_TrimBusCenter_TN_A4_0416_LR.pdf\" target=\"_blank\" rel=\"noopener noreferrer\"><span class=\"btn btn-sm btn-primary\">Descargar PDF<\/span><\/a><\/p>\n","protected":false},"excerpt":{"rendered":"<p>POSIBILITA LOS FLUJOS DE TRABAJO ENTRE EL CAMPO Y LA OFICINA PERMITIENDO OBTENER RESULTADOS CONFIABLES<br \/>\nAprov\u00e9chese en forma segura de la potencia de los datos geoespaciales. Trimble\u00ae Business Center le permite editar, procesar, ajustar y crear productos finales con eficiencia y confianza.<\/p>\n","protected":false},"featured_media":21701,"template":"","meta":{"_exactmetrics_skip_tracking":false,"_exactmetrics_sitenote_active":false,"_exactmetrics_sitenote_note":"","_exactmetrics_sitenote_category":0,"_monsterinsights_skip_tracking":false,"_monsterinsights_sitenote_active":false,"_monsterinsights_sitenote_note":"","_monsterinsights_sitenote_category":0},"product_brand":[],"product_cat":[272,93],"product_tag":[],"class_list":{"0":"post-20192","1":"product","2":"type-product","3":"status-publish","4":"has-post-thumbnail","6":"product_cat-software-fotogrametria","7":"product_cat-trimble","9":"first","10":"instock","11":"shipping-taxable","12":"product-type-simple","13":"col-xxl","14":"col-xl-4","15":"col-lg-6","16":"col-sm-6"},"_links":{"self":[{"href":"https:\/\/kpn.com.uy\/web\/wp-json\/wp\/v2\/product\/20192","targetHints":{"allow":["GET"]}}],"collection":[{"href":"https:\/\/kpn.com.uy\/web\/wp-json\/wp\/v2\/product"}],"about":[{"href":"https:\/\/kpn.com.uy\/web\/wp-json\/wp\/v2\/types\/product"}],"wp:featuredmedia":[{"embeddable":true,"href":"https:\/\/kpn.com.uy\/web\/wp-json\/wp\/v2\/media\/21701"}],"wp:attachment":[{"href":"https:\/\/kpn.com.uy\/web\/wp-json\/wp\/v2\/media?parent=20192"}],"wp:term":[{"taxonomy":"product_brand","embeddable":true,"href":"https:\/\/kpn.com.uy\/web\/wp-json\/wp\/v2\/product_brand?post=20192"},{"taxonomy":"product_cat","embeddable":true,"href":"https:\/\/kpn.com.uy\/web\/wp-json\/wp\/v2\/product_cat?post=20192"},{"taxonomy":"product_tag","embeddable":true,"href":"https:\/\/kpn.com.uy\/web\/wp-json\/wp\/v2\/product_tag?post=20192"}],"curies":[{"name":"wp","href":"https:\/\/api.w.org\/{rel}","templated":true}]}}