{"id":20194,"date":"2017-06-08T12:05:46","date_gmt":"2017-06-08T15:05:46","guid":{"rendered":"https:\/\/kpn.com.uy\/web\/?product=13-nivel-dini"},"modified":"2021-01-07T09:50:06","modified_gmt":"2021-01-07T12:50:06","slug":"13-nivel-dini","status":"publish","type":"product","link":"https:\/\/kpn.com.uy\/web\/producto\/13-nivel-dini\/","title":{"rendered":"NIVEL DINI"},"content":{"rendered":"<p><a href=\"https:\/\/kpn.com.uy\/web\/wp-content\/uploads\/2017\/08\/Hoja-de-datos_DiNi.pdf\" target=\"_blank\" rel=\"noopener noreferrer\"><span class=\"btn btn-sm btn-primary\">Descargar PDF<\/span><\/a><\/p>\n<p>&nbsp;<\/p>\n<p><strong>PRINCIPALES CARACTER\u00cdSTICAS:<\/strong><br \/>\n&#8211; Determine la informaci\u00f3n de altura precisa mediante la r\u00e1pida y sencilla pulsaci\u00f3n de una tecla<br \/>\n&#8211; Elimine errores y reduzca la repetici\u00f3n de trabajos utilizando lecturas digitales<br \/>\n&#8211; Disfrute de una transferencia de datos muy f\u00e1cil entre el instrumento y la oficina<br \/>\n&#8211; Mida en un campo de medici\u00f3n de tan solo 30 cm<br \/>\n&#8211; Nivele un 60% m\u00e1s r\u00e1pido que con la nivelaci\u00f3n autom\u00e1tica convencional<\/p>\n<p>&nbsp;<\/p>\n","protected":false},"excerpt":{"rendered":"<p>El nivel digital Trimble\u00ae DiNi\u00ae es un sensor digital para la medici\u00f3n de alturas que forma parte del conjunto de productos Trimble\u2019s Integrated Surveying\u2122 de Trimble. El Trimble DiNi es una herramienta que ha sido probada en el campo y que ha sido dise\u00f1ada para los trabajos que requieren de una determinaci\u00f3n r\u00e1pida y precisa de la altura. Utilice el Trimble DiNi para aplicaciones tales como la nivelaci\u00f3n precisa de superficies planas e inclinadas, el establecimiento de la componente vertical de la pendiente y perfiles del terreno, control y monitorizaci\u00f3n y el establecimiento de la componente vertical de las redes de control.<\/p>\n","protected":false},"featured_media":21335,"template":"","meta":{"_exactmetrics_skip_tracking":false,"_exactmetrics_sitenote_active":false,"_exactmetrics_sitenote_note":"","_exactmetrics_sitenote_category":0,"_monsterinsights_skip_tracking":false,"_monsterinsights_sitenote_active":false,"_monsterinsights_sitenote_note":"","_monsterinsights_sitenote_category":0},"product_brand":[],"product_cat":[285],"product_tag":[],"class_list":{"0":"post-20194","1":"product","2":"type-product","3":"status-publish","4":"has-post-thumbnail","6":"product_cat-nivel-digital-trimble","8":"first","9":"instock","10":"shipping-taxable","11":"product-type-simple","12":"col-xxl","13":"col-xl-4","14":"col-lg-6","15":"col-sm-6"},"_links":{"self":[{"href":"https:\/\/kpn.com.uy\/web\/wp-json\/wp\/v2\/product\/20194","targetHints":{"allow":["GET"]}}],"collection":[{"href":"https:\/\/kpn.com.uy\/web\/wp-json\/wp\/v2\/product"}],"about":[{"href":"https:\/\/kpn.com.uy\/web\/wp-json\/wp\/v2\/types\/product"}],"wp:featuredmedia":[{"embeddable":true,"href":"https:\/\/kpn.com.uy\/web\/wp-json\/wp\/v2\/media\/21335"}],"wp:attachment":[{"href":"https:\/\/kpn.com.uy\/web\/wp-json\/wp\/v2\/media?parent=20194"}],"wp:term":[{"taxonomy":"product_brand","embeddable":true,"href":"https:\/\/kpn.com.uy\/web\/wp-json\/wp\/v2\/product_brand?post=20194"},{"taxonomy":"product_cat","embeddable":true,"href":"https:\/\/kpn.com.uy\/web\/wp-json\/wp\/v2\/product_cat?post=20194"},{"taxonomy":"product_tag","embeddable":true,"href":"https:\/\/kpn.com.uy\/web\/wp-json\/wp\/v2\/product_tag?post=20194"}],"curies":[{"name":"wp","href":"https:\/\/api.w.org\/{rel}","templated":true}]}}