{"id":20238,"date":"2017-06-08T12:06:10","date_gmt":"2017-06-08T15:06:10","guid":{"rendered":"https:\/\/kpn.com.uy\/web\/?product=16-radio-tdl-450l-y-450h"},"modified":"2017-08-23T12:15:03","modified_gmt":"2017-08-23T15:15:03","slug":"16-radio-tdl-450l-y-450h","status":"publish","type":"product","link":"https:\/\/kpn.com.uy\/web\/producto\/16-radio-tdl-450l-y-450h\/","title":{"rendered":"Radio TDL 450L y 450H"},"content":{"rendered":"<p><strong>PRINCIPALES CARACTER\u00cdSTICAS:<\/strong><br \/>\n&#8211; F\u00e1cil ajuste y configuraci\u00f3n, incluso sobre el terreno<br \/>\n&#8211; Utiliza la \u00faltima tecnolog\u00eda de radio de Trimble para ofrecer un rendimiento \u00f3ptimo<br \/>\n&#8211; Armaz\u00f3n extremadamente robusto para una m\u00e1xima fiabilidad<\/p>\n<p><a href=\"https:\/\/kpn.com.uy\/web\/wp-content\/uploads\/2017\/08\/Hoja-de-datos_Trimble450.pdf\" target=\"_blank\" rel=\"noopener noreferrer\"><span class=\"btn btn-sm btn-primary\">Descargar PDF<\/span><\/a><\/p>\n","protected":false},"excerpt":{"rendered":"<p>La serie Trimble\u00ae TDL 450L, dise\u00f1ada para cubrir todos los aspectos de la topograf\u00eda GNSS, ofrece opciones flexibles de configuraci\u00f3n y una robusta fiabilidad. Este sofisticado radiom\u00f3dem pone la \u00faltima tecnolog\u00eda de enlace de datos de baja potencia de Trimble al alcance de su mano. Para los top\u00f3grafos que deben sacar el m\u00e1ximo rendimiento a su trabajo cotidiano, la serie Trimble TDL 450L supone un avance enorme en cuanto a tecnolog\u00eda de radio.<\/p>\n","protected":false},"featured_media":21639,"template":"","meta":{"_exactmetrics_skip_tracking":false,"_exactmetrics_sitenote_active":false,"_exactmetrics_sitenote_note":"","_exactmetrics_sitenote_category":0,"_monsterinsights_skip_tracking":false,"_monsterinsights_sitenote_active":false,"_monsterinsights_sitenote_note":"","_monsterinsights_sitenote_category":0},"product_brand":[],"product_cat":[80,93],"product_tag":[],"class_list":{"0":"post-20238","1":"product","2":"type-product","3":"status-publish","4":"has-post-thumbnail","6":"product_cat-radios","7":"product_cat-trimble","9":"first","10":"instock","11":"shipping-taxable","12":"product-type-simple","13":"col-xxl","14":"col-xl-4","15":"col-lg-6","16":"col-sm-6"},"_links":{"self":[{"href":"https:\/\/kpn.com.uy\/web\/wp-json\/wp\/v2\/product\/20238","targetHints":{"allow":["GET"]}}],"collection":[{"href":"https:\/\/kpn.com.uy\/web\/wp-json\/wp\/v2\/product"}],"about":[{"href":"https:\/\/kpn.com.uy\/web\/wp-json\/wp\/v2\/types\/product"}],"wp:featuredmedia":[{"embeddable":true,"href":"https:\/\/kpn.com.uy\/web\/wp-json\/wp\/v2\/media\/21639"}],"wp:attachment":[{"href":"https:\/\/kpn.com.uy\/web\/wp-json\/wp\/v2\/media?parent=20238"}],"wp:term":[{"taxonomy":"product_brand","embeddable":true,"href":"https:\/\/kpn.com.uy\/web\/wp-json\/wp\/v2\/product_brand?post=20238"},{"taxonomy":"product_cat","embeddable":true,"href":"https:\/\/kpn.com.uy\/web\/wp-json\/wp\/v2\/product_cat?post=20238"},{"taxonomy":"product_tag","embeddable":true,"href":"https:\/\/kpn.com.uy\/web\/wp-json\/wp\/v2\/product_tag?post=20238"}],"curies":[{"name":"wp","href":"https:\/\/api.w.org\/{rel}","templated":true}]}}