{"id":20240,"date":"2017-06-08T12:06:11","date_gmt":"2017-06-08T15:06:11","guid":{"rendered":"https:\/\/kpn.com.uy\/web\/?product=14-gps-netr9"},"modified":"2017-08-23T15:16:31","modified_gmt":"2017-08-23T18:16:31","slug":"14-gps-netr9","status":"publish","type":"product","link":"https:\/\/kpn.com.uy\/web\/producto\/14-gps-netr9\/","title":{"rendered":"GPS NetR9"},"content":{"rendered":"","protected":false},"excerpt":{"rendered":"<p>Sistema de\u00a0ESTACI\u00d3N DE REFERENCIA DE OPERACI\u00d3N CONTINUA (CORS) GNSS\u00a0; es el m\u00e1s moderno y vers\u00e1til sistema CORS para aplicaciones en modos Postproceso (Est\u00e1ticos y Cinematicos) y Tiempo Real de Trimble.<\/p>\n<p><a href=\"https:\/\/kpn.com.uy\/web\/wp-content\/uploads\/2017\/08\/Trimble-Net-R9.pdf\" target=\"_blank\" rel=\"noopener noreferrer\"><span class=\"btn btn-sm btn-primary\">Descargar PDF<\/span><\/a><\/p>\n","protected":false},"featured_media":20454,"template":"","meta":{"_exactmetrics_skip_tracking":false,"_exactmetrics_sitenote_active":false,"_exactmetrics_sitenote_note":"","_exactmetrics_sitenote_category":0,"_monsterinsights_skip_tracking":false,"_monsterinsights_sitenote_active":false,"_monsterinsights_sitenote_note":"","_monsterinsights_sitenote_category":0},"product_brand":[],"product_cat":[88,93],"product_tag":[],"class_list":{"0":"post-20240","1":"product","2":"type-product","3":"status-publish","4":"has-post-thumbnail","6":"product_cat-estacionespermanentes","7":"product_cat-trimble","9":"first","10":"instock","11":"shipping-taxable","12":"product-type-simple","13":"col-xxl","14":"col-xl-4","15":"col-lg-6","16":"col-sm-6"},"_links":{"self":[{"href":"https:\/\/kpn.com.uy\/web\/wp-json\/wp\/v2\/product\/20240","targetHints":{"allow":["GET"]}}],"collection":[{"href":"https:\/\/kpn.com.uy\/web\/wp-json\/wp\/v2\/product"}],"about":[{"href":"https:\/\/kpn.com.uy\/web\/wp-json\/wp\/v2\/types\/product"}],"wp:featuredmedia":[{"embeddable":true,"href":"https:\/\/kpn.com.uy\/web\/wp-json\/wp\/v2\/media\/20454"}],"wp:attachment":[{"href":"https:\/\/kpn.com.uy\/web\/wp-json\/wp\/v2\/media?parent=20240"}],"wp:term":[{"taxonomy":"product_brand","embeddable":true,"href":"https:\/\/kpn.com.uy\/web\/wp-json\/wp\/v2\/product_brand?post=20240"},{"taxonomy":"product_cat","embeddable":true,"href":"https:\/\/kpn.com.uy\/web\/wp-json\/wp\/v2\/product_cat?post=20240"},{"taxonomy":"product_tag","embeddable":true,"href":"https:\/\/kpn.com.uy\/web\/wp-json\/wp\/v2\/product_tag?post=20240"}],"curies":[{"name":"wp","href":"https:\/\/api.w.org\/{rel}","templated":true}]}}