{"id":20244,"date":"2017-06-08T12:06:13","date_gmt":"2017-06-08T15:06:13","guid":{"rendered":"https:\/\/kpn.com.uy\/web\/?product=18a-trimble-access"},"modified":"2021-05-21T17:22:50","modified_gmt":"2021-05-21T20:22:50","slug":"18a-trimble-access","status":"publish","type":"product","link":"https:\/\/kpn.com.uy\/web\/producto\/18a-trimble-access\/","title":{"rendered":"Trimble Access"},"content":{"rendered":"<p><strong>Principales Caracter\u00edsticas:<\/strong><br \/>\n&#8211; Dise\u00f1ado para las operaciones de levantamientos s\u00edsmicos terrestres.<br \/>\n&#8211; Potentes funciones de replanteo que incluyen un sistema de navegaci\u00f3n basado en la cuadr\u00edcula y navegaci\u00f3n a las ubicaciones desplazadas sin necesidad de c\u00e1lculos.<br \/>\n&#8211; Notificaciones y advertencias al operar el equipo en zonas de exclusi\u00f3n.<\/p>\n<p><a href=\"https:\/\/kpn.com.uy\/web\/wp-content\/uploads\/2017\/08\/Trimble_Access-HOJA-DE-DATOS.pdf\" target=\"_blank\" rel=\"noopener noreferrer\"><span class=\"btn btn-sm btn-primary\">Descargar PDF<\/span><\/a><\/p>\n","protected":false},"excerpt":{"rendered":"<p>Los aspectos topogr\u00e1ficos de un levantamiento s\u00edsmico exigen precisi\u00f3n y velocidad.<br \/>\nEl m\u00f3dulo Trimble\u00ae Access\u2122 S\u00edsmica Terrestre est\u00e1 dise\u00f1ado para simplificar el trabajo del replanteo s\u00edsmico aumentando la velocidad y reduciendo los errores.<\/p>\n","protected":false},"featured_media":21731,"template":"","meta":{"_exactmetrics_skip_tracking":false,"_exactmetrics_sitenote_active":false,"_exactmetrics_sitenote_note":"","_exactmetrics_sitenote_category":0,"_monsterinsights_skip_tracking":false,"_monsterinsights_sitenote_active":false,"_monsterinsights_sitenote_note":"","_monsterinsights_sitenote_category":0},"product_brand":[],"product_cat":[381,71,93],"product_tag":[],"class_list":{"0":"post-20244","1":"product","2":"type-product","3":"status-publish","4":"has-post-thumbnail","6":"product_cat-software-de-campo","7":"product_cat-softwareingenieria","8":"product_cat-trimble","10":"first","11":"instock","12":"shipping-taxable","13":"product-type-simple","14":"col-xxl","15":"col-xl-4","16":"col-lg-6","17":"col-sm-6"},"_links":{"self":[{"href":"https:\/\/kpn.com.uy\/web\/wp-json\/wp\/v2\/product\/20244","targetHints":{"allow":["GET"]}}],"collection":[{"href":"https:\/\/kpn.com.uy\/web\/wp-json\/wp\/v2\/product"}],"about":[{"href":"https:\/\/kpn.com.uy\/web\/wp-json\/wp\/v2\/types\/product"}],"wp:featuredmedia":[{"embeddable":true,"href":"https:\/\/kpn.com.uy\/web\/wp-json\/wp\/v2\/media\/21731"}],"wp:attachment":[{"href":"https:\/\/kpn.com.uy\/web\/wp-json\/wp\/v2\/media?parent=20244"}],"wp:term":[{"taxonomy":"product_brand","embeddable":true,"href":"https:\/\/kpn.com.uy\/web\/wp-json\/wp\/v2\/product_brand?post=20244"},{"taxonomy":"product_cat","embeddable":true,"href":"https:\/\/kpn.com.uy\/web\/wp-json\/wp\/v2\/product_cat?post=20244"},{"taxonomy":"product_tag","embeddable":true,"href":"https:\/\/kpn.com.uy\/web\/wp-json\/wp\/v2\/product_tag?post=20244"}],"curies":[{"name":"wp","href":"https:\/\/api.w.org\/{rel}","templated":true}]}}