{"id":20260,"date":"2017-06-08T12:06:26","date_gmt":"2017-06-08T15:06:26","guid":{"rendered":"https:\/\/kpn.com.uy\/web\/?product=software-de-campo-terrasync"},"modified":"2018-04-10T10:14:26","modified_gmt":"2018-04-10T13:14:26","slug":"software-de-campo-terrasync","status":"publish","type":"product","link":"https:\/\/kpn.com.uy\/web\/producto\/software-de-campo-terrasync\/","title":{"rendered":"Software de campo TerraSync"},"content":{"rendered":"<p><strong>Inteligente captura de datos de campo con muy\u00a0<\/strong><strong>poco esfuerzo<\/strong><br \/>\nIndependientemente de la aplicaci\u00f3n de campo y de\u00a0 la complejidad de los datos SIG a capturar, el software Trimble TerraSync le permite registrar datos de alta calidad r\u00e1pida y f\u00e1cilmente mediante flujos de trabajo sencillos y\u00a0eficientes.<\/p>\n<p>El software Trimble TerraSync hace que el procedimiento de captura de datos de campo sea ininterrumpido gracias a la integraci\u00f3n de funciones inteligentes tales como la operaci\u00f3n centrada en mapas, la pantalla gr\u00e1fica de estado y la posibilidad de grabar desplazamientos de posici\u00f3n; todo ello al alcance de la\u00a0mano.<br \/>\nAl trabajar en el modo de captura de datos Trimble QuickPoint\u2122, pueden capturarse caracter\u00edsticas de punto SIG con tan solo presionar un bot\u00f3n, tocar la pantalla, o apuntar un tel\u00e9metro de rayos l\u00e1ser de Trimble y usar sus sencillas funciones de visado y observaci\u00f3n.<\/p>\n<p>F\u00e1cil de aprender y usar, el modo QuickPoint ahorra tiempo a los trabajadores durante la grabaci\u00f3n de posiciones e informaci\u00f3n de atributo para las caracter\u00edsticas de un mismo tipo. Adem\u00e1s, el software Trimble TerraSync le permite incorporar f\u00e1cilmente tomas fotogr\u00e1ficas en el flujo de trabajo de la captura de datos usando un colector de mano Trimble con una c\u00e1mara integrada o el sistema Trimble TrimPix\u2122 Pro con cualquier c\u00e1mara compatible.<br \/>\nLos trabajadores pueden tomar fotos y previsualizarlas en el campo, adjuntarlas autom\u00e1ticamente a la caracter\u00edstica actual y marcar cada una de las fotos con la hora, fecha y\u00a0ubicaci\u00f3n en que fueron tomadas.<br \/>\nEl software Trimble TerraSync soporta una gran variedad de receptores de precisi\u00f3n centim\u00e9trica \u2014al optimizar el uso de receptores RTK, los trabajadores de campo SIG pueden lograr precisiones centim\u00e9tricas utilizando los flujos de trabajo SIG existentes.<br \/>\nEl software Trimble TerraSync incluye tambi\u00e9n la posibilidad de usar diccionarios de datos ya creados en el software Trimble GPS Pathfinder\u00ae Office, seg\u00fan los requisitos del sistema de informaci\u00f3n geogr\u00e1fica de la empresa. Los diccionarios de datos permiten a los trabajadores de campo crear caracter\u00edsticas y asignar valores de atributo que no solo cumplan con la estructura de los datos SIG sino que tambi\u00e9n mantengan la integridad de los datos. Asimismo, pueden adaptarse formularios en forma din\u00e1mica a los valores de atributo anteriormente ingresados para maximizar la eficacia de la captura de datos con un m\u00ednimo de capacitaci\u00f3n.<\/p>\n<p>&nbsp;<\/p>\n<a class=\"maxbutton-1 maxbutton maxbutton-descargarpdf\" target=\"_blank\" rel=\"noopener\" href=\"https:\/\/drive.google.com\/file\/d\/0BxW3dqQ5gdnTQnBOUGw5OV9YdDg\/view\"><span class='mb-text'>DESCARGAR PDF<\/span><\/a>\n","protected":false},"excerpt":{"rendered":"<p>SOFTWARE PARA LA CAPTURA Y MANTENIMIENTO DE DATOS DE CAMPO SIG ALTAMENTE PRODUCTIVO<br \/>\nEl software Trimble\u00ae TerraSync\u2122 est\u00e1 dise\u00f1ado para registrar y mantener datos SIG de forma r\u00e1pida y eficaz.<br \/>\nEs un potente sistema que permite capturar datos de posici\u00f3n y caracter\u00edstica de alta calidad para mantener y actualizar las bases de datos SIG mediante la integraci\u00f3n de todos los m\u00e9todos de captura de datos: con una computadora de mano GNSS, con un tel\u00e9metro de rayos l\u00e1ser, o con equipos de precisi\u00f3n centim\u00e9trica.<\/p>\n<p>PRINCIPALES CARACTER\u00cdSTICAS:<\/p>\n<ul>\n<li>Captura y mantenimiento de datos SIG eficaz.<\/li>\n<li>Modo de captura de datos QuickPoint con un solo clic.<\/li>\n<li>Interfaz del usuario personalizable que simplifica la operaci\u00f3n en el campo.<\/li>\n<li>Compatible con m\u00e9todos de captura de datos con computadoras de mano GNSS, tel\u00e9metros de rayos l\u00e1ser c\u00e1maras, o equipos de precisi\u00f3n centim\u00e9trica.<\/li>\n<\/ul>\n","protected":false},"featured_media":20464,"template":"","meta":{"_exactmetrics_skip_tracking":false,"_exactmetrics_sitenote_active":false,"_exactmetrics_sitenote_note":"","_exactmetrics_sitenote_category":0,"_monsterinsights_skip_tracking":false,"_monsterinsights_sitenote_active":false,"_monsterinsights_sitenote_note":"","_monsterinsights_sitenote_category":0},"product_brand":[],"product_cat":[91,93],"product_tag":[],"class_list":{"0":"post-20260","1":"product","2":"type-product","3":"status-publish","4":"has-post-thumbnail","6":"product_cat-softwaremapping","7":"product_cat-trimble","9":"first","10":"instock","11":"shipping-taxable","12":"product-type-simple","13":"col-xxl","14":"col-xl-4","15":"col-lg-6","16":"col-sm-6"},"_links":{"self":[{"href":"https:\/\/kpn.com.uy\/web\/wp-json\/wp\/v2\/product\/20260","targetHints":{"allow":["GET"]}}],"collection":[{"href":"https:\/\/kpn.com.uy\/web\/wp-json\/wp\/v2\/product"}],"about":[{"href":"https:\/\/kpn.com.uy\/web\/wp-json\/wp\/v2\/types\/product"}],"wp:featuredmedia":[{"embeddable":true,"href":"https:\/\/kpn.com.uy\/web\/wp-json\/wp\/v2\/media\/20464"}],"wp:attachment":[{"href":"https:\/\/kpn.com.uy\/web\/wp-json\/wp\/v2\/media?parent=20260"}],"wp:term":[{"taxonomy":"product_brand","embeddable":true,"href":"https:\/\/kpn.com.uy\/web\/wp-json\/wp\/v2\/product_brand?post=20260"},{"taxonomy":"product_cat","embeddable":true,"href":"https:\/\/kpn.com.uy\/web\/wp-json\/wp\/v2\/product_cat?post=20260"},{"taxonomy":"product_tag","embeddable":true,"href":"https:\/\/kpn.com.uy\/web\/wp-json\/wp\/v2\/product_tag?post=20260"}],"curies":[{"name":"wp","href":"https:\/\/api.w.org\/{rel}","templated":true}]}}