{"id":20262,"date":"2017-06-08T12:06:26","date_gmt":"2017-06-08T15:06:26","guid":{"rendered":"https:\/\/kpn.com.uy\/web\/?product=software-de-oficina-pathfinder"},"modified":"2018-03-27T12:24:24","modified_gmt":"2018-03-27T15:24:24","slug":"software-de-oficina-pathfinder","status":"publish","type":"product","link":"https:\/\/kpn.com.uy\/web\/producto\/software-de-oficina-pathfinder\/","title":{"rendered":"Software de Oficina Pathfinder"},"content":{"rendered":"","protected":false},"excerpt":{"rendered":"<p>El software Trimble\u00ae GPS Pathfinder\u00ae Office es un paquete de software potente y f\u00e1cil de usar de herramientas de postprocesamiento GNSS, dise\u00f1adas para desarrollar informaci\u00f3n SIG que sea consistente, fiables y precisos a partir de los datos GNSS recopilados en el campo.<\/p>\n<p>CARACTER\u00cdSTICAS PRINCIPALES:<\/p>\n<ul>\n<li>Correcciones diferenciales para mejorar la calidad de los datos GNSS recogidos sobre el terreno.<\/li>\n<li>Control de calidad de los datos GNSS antes de la exportaci\u00f3n a GIS.<\/li>\n<li>Importaci\u00f3n y exportaci\u00f3n de datos en una variedad de SIG y formatos CAD.<\/li>\n<li>Sofisticado editor de diccionarios de datos para garantizar la coherencia entre el campo y la oficina.<\/li>\n<\/ul>\n<p>&nbsp;<\/p>\n","protected":false},"featured_media":22467,"template":"","meta":{"_exactmetrics_skip_tracking":false,"_exactmetrics_sitenote_active":false,"_exactmetrics_sitenote_note":"","_exactmetrics_sitenote_category":0,"_monsterinsights_skip_tracking":false,"_monsterinsights_sitenote_active":false,"_monsterinsights_sitenote_note":"","_monsterinsights_sitenote_category":0},"product_brand":[],"product_cat":[91,93],"product_tag":[],"class_list":{"0":"post-20262","1":"product","2":"type-product","3":"status-publish","4":"has-post-thumbnail","6":"product_cat-softwaremapping","7":"product_cat-trimble","9":"first","10":"instock","11":"shipping-taxable","12":"product-type-simple","13":"col-xxl","14":"col-xl-4","15":"col-lg-6","16":"col-sm-6"},"_links":{"self":[{"href":"https:\/\/kpn.com.uy\/web\/wp-json\/wp\/v2\/product\/20262","targetHints":{"allow":["GET"]}}],"collection":[{"href":"https:\/\/kpn.com.uy\/web\/wp-json\/wp\/v2\/product"}],"about":[{"href":"https:\/\/kpn.com.uy\/web\/wp-json\/wp\/v2\/types\/product"}],"wp:featuredmedia":[{"embeddable":true,"href":"https:\/\/kpn.com.uy\/web\/wp-json\/wp\/v2\/media\/22467"}],"wp:attachment":[{"href":"https:\/\/kpn.com.uy\/web\/wp-json\/wp\/v2\/media?parent=20262"}],"wp:term":[{"taxonomy":"product_brand","embeddable":true,"href":"https:\/\/kpn.com.uy\/web\/wp-json\/wp\/v2\/product_brand?post=20262"},{"taxonomy":"product_cat","embeddable":true,"href":"https:\/\/kpn.com.uy\/web\/wp-json\/wp\/v2\/product_cat?post=20262"},{"taxonomy":"product_tag","embeddable":true,"href":"https:\/\/kpn.com.uy\/web\/wp-json\/wp\/v2\/product_tag?post=20262"}],"curies":[{"name":"wp","href":"https:\/\/api.w.org\/{rel}","templated":true}]}}