{"id":20266,"date":"2017-06-08T12:06:29","date_gmt":"2017-06-08T15:06:29","guid":{"rendered":"https:\/\/kpn.com.uy\/web\/?product=controladora-slate"},"modified":"2017-11-02T15:28:46","modified_gmt":"2017-11-02T18:28:46","slug":"controladora-slate","status":"publish","type":"product","link":"https:\/\/kpn.com.uy\/web\/producto\/controladora-slate\/","title":{"rendered":"Trimble Slate"},"content":{"rendered":"<p>Una soluci\u00f3n de topograf\u00eda m\u00f3vil inteligente<\/p>\n","protected":false},"excerpt":{"rendered":"<p>Una soluci\u00f3n de topograf\u00eda m\u00f3vil inteligente<\/p>\n","protected":false},"featured_media":21732,"template":"","meta":{"_exactmetrics_skip_tracking":false,"_exactmetrics_sitenote_active":false,"_exactmetrics_sitenote_note":"","_exactmetrics_sitenote_category":0,"_monsterinsights_skip_tracking":false,"_monsterinsights_sitenote_active":false,"_monsterinsights_sitenote_note":"","_monsterinsights_sitenote_category":0},"product_brand":[],"product_cat":[86,93],"product_tag":[],"class_list":{"0":"post-20266","1":"product","2":"type-product","3":"status-publish","4":"has-post-thumbnail","6":"product_cat-controladoras","7":"product_cat-trimble","9":"first","10":"instock","11":"shipping-taxable","12":"product-type-simple","13":"col-xxl","14":"col-xl-4","15":"col-lg-6","16":"col-sm-6"},"_links":{"self":[{"href":"https:\/\/kpn.com.uy\/web\/wp-json\/wp\/v2\/product\/20266","targetHints":{"allow":["GET"]}}],"collection":[{"href":"https:\/\/kpn.com.uy\/web\/wp-json\/wp\/v2\/product"}],"about":[{"href":"https:\/\/kpn.com.uy\/web\/wp-json\/wp\/v2\/types\/product"}],"wp:featuredmedia":[{"embeddable":true,"href":"https:\/\/kpn.com.uy\/web\/wp-json\/wp\/v2\/media\/21732"}],"wp:attachment":[{"href":"https:\/\/kpn.com.uy\/web\/wp-json\/wp\/v2\/media?parent=20266"}],"wp:term":[{"taxonomy":"product_brand","embeddable":true,"href":"https:\/\/kpn.com.uy\/web\/wp-json\/wp\/v2\/product_brand?post=20266"},{"taxonomy":"product_cat","embeddable":true,"href":"https:\/\/kpn.com.uy\/web\/wp-json\/wp\/v2\/product_cat?post=20266"},{"taxonomy":"product_tag","embeddable":true,"href":"https:\/\/kpn.com.uy\/web\/wp-json\/wp\/v2\/product_tag?post=20266"}],"curies":[{"name":"wp","href":"https:\/\/api.w.org\/{rel}","templated":true}]}}