{"id":20272,"date":"2017-06-08T12:06:32","date_gmt":"2017-06-08T15:06:32","guid":{"rendered":"https:\/\/kpn.com.uy\/web\/?product=software-de-campo-terraflex"},"modified":"2018-03-27T12:12:47","modified_gmt":"2018-03-27T15:12:47","slug":"software-de-campo-terraflex","status":"publish","type":"product","link":"https:\/\/kpn.com.uy\/web\/producto\/software-de-campo-terraflex\/","title":{"rendered":"Software de campo TerraFlex"},"content":{"rendered":"<h3>Usa tus dispositivos existentes<\/h3>\n<p>Admite iOS, Android, WEHH y tabletas seleccionadas que ejecutan Windows.\u00a0Los trabajadores de campo pueden trabajar con su elecci\u00f3n de dispositivo, desde su tel\u00e9fono personal a una computadora de mano de alta precisi\u00f3n, y recopilar datos de la misma manera.\u00a0Elimine la necesidad de llevar un dispositivo GPS, c\u00e1mara, portapapeles y mapas impresos, centraliz\u00e1ndolos en un solo dispositivo.<\/p>\n<h3>Posicionamiento de alta precisi\u00f3n<\/h3>\n<p>Cuando la precisi\u00f3n es importante, con\u00e9ctese al receptor Trimble\u00ae R1 o R2 GNSS y reciba datos de posicionamiento de alta precisi\u00f3n directamente en su dispositivo m\u00f3vil.\u00a0Para organizaciones o individuos que tienen requisitos de captura de datos estacionales o poco frecuentes, Trimble Catalyst\u00a0es la soluci\u00f3n conveniente y asequible que le permite acceder a flujos de trabajo de posicionamiento altamente precisos a pedido.<\/p>\n<h3>Actualice sus datos existentes<\/h3>\n<p>Importe datos de activos o GIS preexistentes en sus proyectos con TerraFlex Advanced y realice actualizaciones en tiempo real en el campo.\u00a0Comparta esa informaci\u00f3n en toda la organizaci\u00f3n del proyecto, de modo que todos los miembros del proyecto, desde el campo hasta la oficina, trabajen con los datos m\u00e1s actualizados disponibles.<\/p>\n<h3>Mantengase sincronizado<\/h3>\n<p>Los datos de campo se sincronizan autom\u00e1ticamente con un servidor central, agilizando las operaciones de la oficina e impulsando una mayor productividad y ahorro de costos.\u00a0No es necesario regresar a la oficina para ingresar datos de campo.\u00a0No hay entrada doble de formularios en papel para volver a escribir la informaci\u00f3n.\u00a0Ahorre tiempo, reduzca los errores.<\/p>\n<h3>Trabaja donde sea<\/h3>\n<p>Trabaja incluso en \u00e1reas remotas, con recolecci\u00f3n de datos que es totalmente funcional fuera de l\u00ednea.\u00a0Cuando los trabajadores de campo vuelvan a estar dentro del alcance, los datos se sincronizar\u00e1n autom\u00e1ticamente con la oficina.<\/p>\n<div class=\"sf_cols\">\n<div class=\"sf_colsOut sf_1col_1_100\">\n<div id=\"C120_Col00\" class=\"sf_colsIn sf_1col_1in_100\">\n<div class=\"sfContentBlock\">\n<h2>Ediciones TerraFlex<\/h2>\n<p>Elija la licencia de TerraFlex que se adapte a sus necesidades:<\/p>\n<\/div>\n<\/div>\n<\/div>\n<\/div>\n<div class=\"sf_cols\">\n<div class=\"sf_colsOut sf_2cols_1_50\">\n<div id=\"C119_Col00\" class=\"sf_colsIn sf_2cols_1in_50\">\n<div class=\"sfContentBlock\">\n<div class=\"Feature\">\n<div class=\"Feature-Row Header\"><strong>TerraFlex Basic<\/strong><\/div>\n<div class=\"Feature-Row\">\n<p>Si busca recopilar datos nuevos en el campo, la edici\u00f3n TerraFlex Basic le permite configurar plantillas de formulario para capturar datos precisos y ricos en atributos en el campo.<\/p>\n<\/div>\n<\/div>\n<\/div>\n<\/div>\n<\/div>\n<div class=\"sf_colsOut sf_2cols_2_50\">\n<div id=\"C119_Col01\" class=\"sf_colsIn sf_2cols_2in_50\">\n<div class=\"sfContentBlock\">\n<div class=\"Feature\">\n<div class=\"Feature-Row Header\"><strong>TerraFlex Advanced<\/strong><\/div>\n<div class=\"Feature-Row\">\n<p>Si tiene datos de GIS o servicios existentes y necesita mantener esa informaci\u00f3n actualizada, TerraFlex Advanced Edition le permite importar esos datos y actualizarlos en el campo\u00a0<sup>*<\/sup><\/p>\n<p><sup>*\u00a0<\/sup><em>La funcionalidad de edici\u00f3n b\u00e1sica est\u00e1 disponible con la edici\u00f3n avanzada.<\/em><\/p>\n<\/div>\n<\/div>\n<\/div>\n<\/div>\n<\/div>\n<\/div>\n","protected":false},"excerpt":{"rendered":"<p>Soluci\u00f3n flexible y f\u00e1cil de usar basada en la nube para la recopilaci\u00f3n de datos de campo, lo que le permite crear un conjunto de plantillas de formularios digitales para recopilar informaci\u00f3n de activos y SIG geolocalizados y ricos en atributos.<\/p>\n<p>CARACTER\u00cdSTICAS PRINCIPALES:<\/p>\n<ul>\n<li>Recopilaci\u00f3n de datos geoespaciales r\u00e1pidos y eficientes en una flota de dispositivos mixtos<\/li>\n<li>Importe y actualice datos existentes para obtener informaci\u00f3n actualizada al minuto<\/li>\n<li>Gesti\u00f3n de datos optimizada para mantener sus datos organizados<\/li>\n<li>Integraci\u00f3n directa con su entorno Esri<\/li>\n<\/ul>\n","protected":false},"featured_media":22463,"template":"","meta":{"_exactmetrics_skip_tracking":false,"_exactmetrics_sitenote_active":false,"_exactmetrics_sitenote_note":"","_exactmetrics_sitenote_category":0,"_monsterinsights_skip_tracking":false,"_monsterinsights_sitenote_active":false,"_monsterinsights_sitenote_note":"","_monsterinsights_sitenote_category":0},"product_brand":[],"product_cat":[91,93],"product_tag":[],"class_list":{"0":"post-20272","1":"product","2":"type-product","3":"status-publish","4":"has-post-thumbnail","6":"product_cat-softwaremapping","7":"product_cat-trimble","9":"first","10":"instock","11":"shipping-taxable","12":"product-type-simple","13":"col-xxl","14":"col-xl-4","15":"col-lg-6","16":"col-sm-6"},"_links":{"self":[{"href":"https:\/\/kpn.com.uy\/web\/wp-json\/wp\/v2\/product\/20272","targetHints":{"allow":["GET"]}}],"collection":[{"href":"https:\/\/kpn.com.uy\/web\/wp-json\/wp\/v2\/product"}],"about":[{"href":"https:\/\/kpn.com.uy\/web\/wp-json\/wp\/v2\/types\/product"}],"wp:featuredmedia":[{"embeddable":true,"href":"https:\/\/kpn.com.uy\/web\/wp-json\/wp\/v2\/media\/22463"}],"wp:attachment":[{"href":"https:\/\/kpn.com.uy\/web\/wp-json\/wp\/v2\/media?parent=20272"}],"wp:term":[{"taxonomy":"product_brand","embeddable":true,"href":"https:\/\/kpn.com.uy\/web\/wp-json\/wp\/v2\/product_brand?post=20272"},{"taxonomy":"product_cat","embeddable":true,"href":"https:\/\/kpn.com.uy\/web\/wp-json\/wp\/v2\/product_cat?post=20272"},{"taxonomy":"product_tag","embeddable":true,"href":"https:\/\/kpn.com.uy\/web\/wp-json\/wp\/v2\/product_tag?post=20272"}],"curies":[{"name":"wp","href":"https:\/\/api.w.org\/{rel}","templated":true}]}}