{"id":20280,"date":"2017-06-08T12:06:37","date_gmt":"2017-06-08T15:06:37","guid":{"rendered":"https:\/\/kpn.com.uy\/web\/?product=pro-series-receivers"},"modified":"2017-08-23T11:31:29","modified_gmt":"2017-08-23T14:31:29","slug":"pro-series-receivers","status":"publish","type":"product","link":"https:\/\/kpn.com.uy\/web\/producto\/pro-series-receivers\/","title":{"rendered":"Pro Series Receivers"},"content":{"rendered":"<p><strong>PRINCIPALES CARACTER\u00cdSTICAS:<\/strong><br \/>\n<strong>Tecnolog\u00eda de reducci\u00f3n de sombra satelital Floodlight<\/strong><br \/>\nM\u00e1s posiciones y mayor precisi\u00f3n en entornos dif\u00edciles<br \/>\n<strong>Trabaje a su manera<\/strong><br \/>\nElija la configuraci\u00f3n, colector de datos, y software<br \/>\n<strong>Precisi\u00f3n decim\u00e9trica en tiempo real<\/strong><br \/>\nConf\u00ede en los datos que registra en el campo<br \/>\n<strong>Dise\u00f1o robusto, constru\u00eddo para el campo<\/strong><br \/>\nFunciona en las condiciones ambientales rigurosas en las que usted trabaja<br \/>\n<strong>Bater\u00eda reemplazable en el campo<\/strong><br \/>\nFunciona todo el d\u00eda y est\u00e1 lista para reemplazar y usar inmediatamente en en campo<\/p>\n<p><a href=\"https:\/\/kpn.com.uy\/web\/wp-content\/uploads\/2017\/08\/GPS-Trimble-Pro-6H-y-6T.pdf\" target=\"_blank\" rel=\"noopener noreferrer\"><span class=\"btn btn-sm btn-primary\">Descargar PDF<\/span><\/a><\/p>\n","protected":false},"excerpt":{"rendered":"<p>Con la flexibilidad que permite hacerlo todo, los receptores de la serie Trimble\u00ae Pro ofrecen opciones sin precedente en cuanto a la captura profesional de datos de sistemas de informaci\u00f3n geogr\u00e1fica SIG Los modelos de la serie Trimble Pro constituyen la siguiente generaci\u00f3n de receptores Trimble GPS Pathfinder\u00ae y como tales permiten configurar una soluci\u00f3n que satisface una amplia variedad de modos de trabajo:<br \/>\n\u2022 Colector de mano o colector de datos tipo tablet<br \/>\n\u2022 Flujos de trabajo con posprocesamiento o en tiempo real<br \/>\n\u2022 Conectividad Bluetooth\u00ae, en serie, o USB a dispositivos externos<br \/>\n\u2022 En una mochila, en el jal\u00f3n, o montado en un veh\u00edculo<\/p>\n","protected":false},"featured_media":20474,"template":"","meta":{"_exactmetrics_skip_tracking":false,"_exactmetrics_sitenote_active":false,"_exactmetrics_sitenote_note":"","_exactmetrics_sitenote_category":0,"_monsterinsights_skip_tracking":false,"_monsterinsights_sitenote_active":false,"_monsterinsights_sitenote_note":"","_monsterinsights_sitenote_category":0},"product_brand":[],"product_cat":[87,93],"product_tag":[],"class_list":{"0":"post-20280","1":"product","2":"type-product","3":"status-publish","4":"has-post-thumbnail","6":"product_cat-receptoresgnss","7":"product_cat-trimble","9":"first","10":"instock","11":"shipping-taxable","12":"product-type-simple","13":"col-xxl","14":"col-xl-4","15":"col-lg-6","16":"col-sm-6"},"_links":{"self":[{"href":"https:\/\/kpn.com.uy\/web\/wp-json\/wp\/v2\/product\/20280","targetHints":{"allow":["GET"]}}],"collection":[{"href":"https:\/\/kpn.com.uy\/web\/wp-json\/wp\/v2\/product"}],"about":[{"href":"https:\/\/kpn.com.uy\/web\/wp-json\/wp\/v2\/types\/product"}],"wp:featuredmedia":[{"embeddable":true,"href":"https:\/\/kpn.com.uy\/web\/wp-json\/wp\/v2\/media\/20474"}],"wp:attachment":[{"href":"https:\/\/kpn.com.uy\/web\/wp-json\/wp\/v2\/media?parent=20280"}],"wp:term":[{"taxonomy":"product_brand","embeddable":true,"href":"https:\/\/kpn.com.uy\/web\/wp-json\/wp\/v2\/product_brand?post=20280"},{"taxonomy":"product_cat","embeddable":true,"href":"https:\/\/kpn.com.uy\/web\/wp-json\/wp\/v2\/product_cat?post=20280"},{"taxonomy":"product_tag","embeddable":true,"href":"https:\/\/kpn.com.uy\/web\/wp-json\/wp\/v2\/product_tag?post=20280"}],"curies":[{"name":"wp","href":"https:\/\/api.w.org\/{rel}","templated":true}]}}