{"id":20298,"date":"2017-06-08T12:06:45","date_gmt":"2017-06-08T15:06:45","guid":{"rendered":"https:\/\/kpn.com.uy\/web\/?product=trimble-r1"},"modified":"2021-03-25T16:40:22","modified_gmt":"2021-03-25T19:40:22","slug":"trimble-r1","status":"publish","type":"product","link":"https:\/\/kpn.com.uy\/web\/producto\/trimble-r1\/","title":{"rendered":"R1 GNSS"},"content":{"rendered":"<p><a href=\"https:\/\/kpn.com.uy\/web\/wp-content\/uploads\/2017\/08\/HOJA-DE-DATOS-R1.pdf\" target=\"_blank\" rel=\"noopener noreferrer\"><span class=\"btn btn-sm btn-primary\">Descargar PDF<\/span><\/a><\/p>\n<p>&nbsp;<\/p>\n<p><strong>PRINCIPALES CARACTER\u00cdSTICAS:<\/strong><br \/>\n&#8211; Receptor GNSS peque\u00f1o, robusto y liviano ideal para desplazarse de un sitio a otro<br \/>\n&#8211; Flexibilidad a la hora de elegir un colector de datos<br \/>\n&#8211; Conexi\u00f3n Bluetooth a dispositivos de mano Trimble o dispositivos de gran consumo<br \/>\n&#8211; Ofrece datos de ubicaci\u00f3n con niveles de precisi\u00f3n m\u00e1s altos<br \/>\n&#8211; Captura de datos flexible y profesional en m\u00e1s lugares<\/p>\n<p>&nbsp;<\/p>\n","protected":false},"excerpt":{"rendered":"<p><strong>PRECISI\u00d3N A MEDIDA<\/strong><br \/>\nEl Trimble\u00ae R1 es un receptor robusto, compacto y liviano que brinda informaci\u00f3n de posicionamiento de grado profesional a cualquier dispositivo m\u00f3vil conectado por Bluetooth\u00ae. El receptor aut\u00f3nomo Trimble R1 le permite capturar datos de ubicaci\u00f3n de un nivel de precisi\u00f3n m\u00e1s alto con su dispositivo habitual \u2014ya sea un moderno modelo inteligente, tal como un tel\u00e9fono celular o una tableta, o un colector de datos tradicional integrado en un dispositivo o tableta. Este receptor ha sido especialmente dise\u00f1ado para los profesionales de la cartograf\u00eda y de los sistemas de informaci\u00f3n geogr\u00e1fica en una variedad de organizaciones, entre las cuales se incluyen las agencias medioambientales, los departamentos gubernamentales y las empresas de servicios p\u00fablicos.<\/p>\n","protected":false},"featured_media":20483,"template":"","meta":{"_exactmetrics_skip_tracking":false,"_exactmetrics_sitenote_active":false,"_exactmetrics_sitenote_note":"","_exactmetrics_sitenote_category":0,"_monsterinsights_skip_tracking":false,"_monsterinsights_sitenote_active":false,"_monsterinsights_sitenote_note":"","_monsterinsights_sitenote_category":0},"product_brand":[],"product_cat":[363,87,287],"product_tag":[],"class_list":{"0":"post-20298","1":"product","2":"type-product","3":"status-publish","4":"has-post-thumbnail","6":"product_cat-controladoras-trimble","7":"product_cat-receptoresgnss","8":"product_cat-sig-mapping-trimble","10":"first","11":"instock","12":"shipping-taxable","13":"product-type-simple","14":"col-xxl","15":"col-xl-4","16":"col-lg-6","17":"col-sm-6"},"_links":{"self":[{"href":"https:\/\/kpn.com.uy\/web\/wp-json\/wp\/v2\/product\/20298","targetHints":{"allow":["GET"]}}],"collection":[{"href":"https:\/\/kpn.com.uy\/web\/wp-json\/wp\/v2\/product"}],"about":[{"href":"https:\/\/kpn.com.uy\/web\/wp-json\/wp\/v2\/types\/product"}],"wp:featuredmedia":[{"embeddable":true,"href":"https:\/\/kpn.com.uy\/web\/wp-json\/wp\/v2\/media\/20483"}],"wp:attachment":[{"href":"https:\/\/kpn.com.uy\/web\/wp-json\/wp\/v2\/media?parent=20298"}],"wp:term":[{"taxonomy":"product_brand","embeddable":true,"href":"https:\/\/kpn.com.uy\/web\/wp-json\/wp\/v2\/product_brand?post=20298"},{"taxonomy":"product_cat","embeddable":true,"href":"https:\/\/kpn.com.uy\/web\/wp-json\/wp\/v2\/product_cat?post=20298"},{"taxonomy":"product_tag","embeddable":true,"href":"https:\/\/kpn.com.uy\/web\/wp-json\/wp\/v2\/product_tag?post=20298"}],"curies":[{"name":"wp","href":"https:\/\/api.w.org\/{rel}","templated":true}]}}