{"id":20302,"date":"2017-06-08T12:06:47","date_gmt":"2017-06-08T15:06:47","guid":{"rendered":"https:\/\/kpn.com.uy\/web\/?product=trimble-v10-imaging-rover"},"modified":"2017-08-23T15:47:37","modified_gmt":"2017-08-23T18:47:37","slug":"trimble-v10-imaging-rover","status":"publish","type":"product","link":"https:\/\/kpn.com.uy\/web\/producto\/trimble-v10-imaging-rover\/","title":{"rendered":"Trimble V10 Imaging Rover"},"content":{"rendered":"<p><strong>PRINCIPALES CARACTER\u00cdSTICAS:<\/strong><br \/>\n&#8211; 12 c\u00e1maras calibradas capturan una imagen panor\u00e1mica de 60 MP para visualizar todo el sitio de la obra<br \/>\n&#8211; Generaci\u00f3n de posiciones con precisi\u00f3n cartogr\u00e1fica, SIG o topogr\u00e1fica<br \/>\n&#8211; R\u00e1pido registro de datos a partir de una imagen panor\u00e1mica simplemente presionando un bot\u00f3n<br \/>\n&#8211; Creaci\u00f3n de modelos 3D y nubes de puntos a partir de im\u00e1genes<br \/>\n&#8211; Se integra perfectamente con los receptores Trimble serie R GNSS o con las estaciones totales rob\u00f3ticas de Trimble<br \/>\n&#8211; Procesamiento flexible y sencillo en Trimble Business Center para generar resultados finales<\/p>\n<p><a href=\"https:\/\/kpn.com.uy\/web\/wp-content\/uploads\/2017\/08\/TrimbleV10_HOJA-DE-DATOS.pdf\" target=\"_blank\" rel=\"noopener noreferrer\"><span class=\"btn btn-sm btn-primary\">Descargar PDF<\/span><\/a><\/p>\n","protected":false},"excerpt":{"rendered":"<p>El Trimble V10 Imaging Rover con tecnolog\u00eda Trimble VISION\u2122 es un sistema con c\u00e1mara integrada que captura, con precisi\u00f3n, im\u00e1genes panor\u00e1micas digitales de 360 grados para la documentaci\u00f3n visual y medici\u00f3n eficaz del entorno que nos rodea. Ya se use como equipo independiente o combinado con un sensor de posicionamiento de Trimble, el Trimble V10 Imaging Rover permite capturar r\u00e1pidamente datos abundantes y crear resultados completos. Junto con el software de campo Trimble Access\u2122 y el software de oficina Trimble Business Center, el<br \/>\nTrimble V10 es la soluci\u00f3n geoespacial completa.<\/p>\n","protected":false},"featured_media":20485,"template":"","meta":{"_exactmetrics_skip_tracking":false,"_exactmetrics_sitenote_active":false,"_exactmetrics_sitenote_note":"","_exactmetrics_sitenote_category":0,"_monsterinsights_skip_tracking":false,"_monsterinsights_sitenote_active":false,"_monsterinsights_sitenote_note":"","_monsterinsights_sitenote_category":0},"product_brand":[],"product_cat":[83,93],"product_tag":[],"class_list":{"0":"post-20302","1":"product","2":"type-product","3":"status-publish","4":"has-post-thumbnail","6":"product_cat-gpstopografia","7":"product_cat-trimble","9":"first","10":"instock","11":"shipping-taxable","12":"product-type-simple","13":"col-xxl","14":"col-xl-4","15":"col-lg-6","16":"col-sm-6"},"_links":{"self":[{"href":"https:\/\/kpn.com.uy\/web\/wp-json\/wp\/v2\/product\/20302","targetHints":{"allow":["GET"]}}],"collection":[{"href":"https:\/\/kpn.com.uy\/web\/wp-json\/wp\/v2\/product"}],"about":[{"href":"https:\/\/kpn.com.uy\/web\/wp-json\/wp\/v2\/types\/product"}],"wp:featuredmedia":[{"embeddable":true,"href":"https:\/\/kpn.com.uy\/web\/wp-json\/wp\/v2\/media\/20485"}],"wp:attachment":[{"href":"https:\/\/kpn.com.uy\/web\/wp-json\/wp\/v2\/media?parent=20302"}],"wp:term":[{"taxonomy":"product_brand","embeddable":true,"href":"https:\/\/kpn.com.uy\/web\/wp-json\/wp\/v2\/product_brand?post=20302"},{"taxonomy":"product_cat","embeddable":true,"href":"https:\/\/kpn.com.uy\/web\/wp-json\/wp\/v2\/product_cat?post=20302"},{"taxonomy":"product_tag","embeddable":true,"href":"https:\/\/kpn.com.uy\/web\/wp-json\/wp\/v2\/product_tag?post=20302"}],"curies":[{"name":"wp","href":"https:\/\/api.w.org\/{rel}","templated":true}]}}