{"id":20304,"date":"2017-06-08T12:06:49","date_gmt":"2017-06-08T15:06:49","guid":{"rendered":"https:\/\/kpn.com.uy\/web\/?product=inpho-uasmaster"},"modified":"2021-05-21T17:15:06","modified_gmt":"2021-05-21T20:15:06","slug":"inpho-uasmaster","status":"publish","type":"product","link":"https:\/\/kpn.com.uy\/web\/producto\/inpho-uasmaster\/","title":{"rendered":"Inpho UASMaster"},"content":{"rendered":"<p>Flujo de trabajo fotogrametrico en un producto:<\/p>\n<ul>\n<li>Georeferenciaci\u00f3n, calibraci\u00f3n, refinamiento y an\u00e1lisis totalmente autom\u00e1ticos.<\/li>\n<li>Cree densas nubes de puntos de color, modelos de superficie y de terreno.<\/li>\n<li>Refine y edite\u00a0 modelos de terreno, recopile datos SIG y mapas vectoriales sobre imagenes 3D.<\/li>\n<li>Cree ortoimagenes.<\/li>\n<\/ul>\n<p>Genere nube de puntos por im\u00e1genes como una alternativa a los escaneos l\u00e1ser, aproveche las im\u00e1genes detalladas para adquirir datos SIG y transfiera la mayor parte de su trabajo a su conveniencia en la oficina.<\/p>\n<p>Con su concepto de mercado abierto, UAS Master puede procesar datos de casi todos los proveedores de hardware para UAS.<\/p>\n<p>Para los proyectos de reconstrucci\u00f3n 3D, dependiendo de los requisitos del proyecto, los \u00fanicos datos obligatorios son las im\u00e1genes, sin necesidad de conocer los par\u00e1metros de la c\u00e1mara, las georeferencias aproximadas de las im\u00e1genes o el control en tierra.<\/p>\n<p>Obtenga excelentes resultados sin necesidad de tener experiencia especializada en fotogrametr\u00eda.<\/p>\n<p>&nbsp;<\/p>\n","protected":false},"excerpt":{"rendered":"<p>UASMaster es una herramienta precisa para procesar datos obtenidos con sistemas UAS, combinando facilidad de uso con todo el poder de las estaciones de trabajo fotogram\u00e9tricos, profesionalizando y entregando alta calidad en los resultados.<\/p>\n<p><a href=\"https:\/\/kpn.com.uy\/web\/wp-content\/uploads\/2017\/08\/INPHO_HOJA-DE-DATOS.pdf\" target=\"_blank\" rel=\"noopener noreferrer\"><span class=\"btn btn-sm btn-primary\">Descargar PDF<\/span><\/a><\/p>\n","protected":false},"featured_media":20486,"template":"","meta":{"_exactmetrics_skip_tracking":false,"_exactmetrics_sitenote_active":false,"_exactmetrics_sitenote_note":"","_exactmetrics_sitenote_category":0,"_monsterinsights_skip_tracking":false,"_monsterinsights_sitenote_active":false,"_monsterinsights_sitenote_note":"","_monsterinsights_sitenote_category":0},"product_brand":[],"product_cat":[380,272,71,93,270,271],"product_tag":[],"class_list":{"0":"post-20304","1":"product","2":"type-product","3":"status-publish","4":"has-post-thumbnail","6":"product_cat-procesamiento-de-imagenes","7":"product_cat-software-fotogrametria","8":"product_cat-softwareingenieria","9":"product_cat-trimble","10":"product_cat-uas-drones","11":"product_cat-uas-drones-forestacion","13":"first","14":"instock","15":"shipping-taxable","16":"product-type-simple","17":"col-xxl","18":"col-xl-4","19":"col-lg-6","20":"col-sm-6"},"_links":{"self":[{"href":"https:\/\/kpn.com.uy\/web\/wp-json\/wp\/v2\/product\/20304","targetHints":{"allow":["GET"]}}],"collection":[{"href":"https:\/\/kpn.com.uy\/web\/wp-json\/wp\/v2\/product"}],"about":[{"href":"https:\/\/kpn.com.uy\/web\/wp-json\/wp\/v2\/types\/product"}],"wp:featuredmedia":[{"embeddable":true,"href":"https:\/\/kpn.com.uy\/web\/wp-json\/wp\/v2\/media\/20486"}],"wp:attachment":[{"href":"https:\/\/kpn.com.uy\/web\/wp-json\/wp\/v2\/media?parent=20304"}],"wp:term":[{"taxonomy":"product_brand","embeddable":true,"href":"https:\/\/kpn.com.uy\/web\/wp-json\/wp\/v2\/product_brand?post=20304"},{"taxonomy":"product_cat","embeddable":true,"href":"https:\/\/kpn.com.uy\/web\/wp-json\/wp\/v2\/product_cat?post=20304"},{"taxonomy":"product_tag","embeddable":true,"href":"https:\/\/kpn.com.uy\/web\/wp-json\/wp\/v2\/product_tag?post=20304"}],"curies":[{"name":"wp","href":"https:\/\/api.w.org\/{rel}","templated":true}]}}