{"id":20900,"date":"2017-07-28T23:02:01","date_gmt":"2017-07-29T02:02:01","guid":{"rendered":"https:\/\/kpn.com.uy\/web\/?post_type=product&#038;p=20900"},"modified":"2017-07-29T12:37:37","modified_gmt":"2017-07-29T15:37:37","slug":"echo-map-chirp-42cv","status":"publish","type":"product","link":"https:\/\/kpn.com.uy\/web\/producto\/echo-map-chirp-42cv\/","title":{"rendered":"Echo Map Chirp 42cv"},"content":{"rendered":"<p>Es el momento de comenzar a pescar con la potencia de la sonda CHIRP. \u00bfEl plotter echoMAP CHIRP 42cv de 11 cm (4,3 pulgadas), f\u00e1cil de instalar y usar, incluye un transductor para la sonda CHIRP de alta y amplia frecuencia, y CHIRP ClearV\u00fc?  de Garmin para obtener im\u00e1genes de la sonda de exploraci\u00f3n m\u00e1s n\u00edtidas. Incluye el software Quickdraw Contours para crear instant\u00e1neamente sus propios mapas en HD con contornos de 30 cm (1 pie) mientras pesca. El GPS interno de 5 Hz actualiza la posici\u00f3n y el rumbo 5 veces por segundo. Los cables se conectan directamente al soporte, lo que le permite instalar y quitar r\u00e1pidamente el dispositivo de la fuente de alimentaci\u00f3n y del soporte. Se incluyen soportes para motor para pesca de curric\u00e1n y para espejo de popa.<\/p>\n<p><strong>La diferencia que aporta CHIRP de Garmin<\/strong><br \/>\nLas capacidades de sonda integradas de echoMAP CHIRP 42cv incluyen una sonda CHIRP, la tecnolog\u00eda de sonda m\u00e1s sofisticada disponible para el p\u00fablico que gusta de la pesca y la navegaci\u00f3n. La sonda CHIRP ofrece una definici\u00f3n y una separaci\u00f3n del objetivo incre\u00edblemente n\u00edtidas, puesto que coloca a\u00fan m\u00e1s energ\u00eda hacia el objetivo que una sonda tradicional. Tambi\u00e9n incluye funciones que permiten grabar la informaci\u00f3n de la sonda para coordinar la sincronizaci\u00f3n del retorno de esta con la posici\u00f3n de su embarcaci\u00f3n y guardar la informaci\u00f3n digital para reproducirla en una computadora mediante el software de planificaci\u00f3n HomePort. Utilice el cable de uso compartido de datos del usuario para compartir puntos intermedios y rutas entre diversos dispositivos.<\/p>\n","protected":false},"excerpt":{"rendered":"<p>Pantalla en color de 4,3 pulgadas con control de teclado.<br \/>\nIncluye transductor con CHIRP (77\/200 kHz) y CHIRP ClearV\u00fc (455\/800 kHz, 500 W).<br \/>\nPrecargado con mapa base internacional para referencia general.<br \/>\nIncluye el software de creaci\u00f3n de mapas en HD personalizados Quickdraw Contours.<br \/>\nEl GPS interno de 5 Hz actualiza la posici\u00f3n y el rumbo 5 veces por segundo.<\/p>\n","protected":false},"featured_media":20901,"template":"","meta":{"_exactmetrics_skip_tracking":false,"_exactmetrics_sitenote_active":false,"_exactmetrics_sitenote_note":"","_exactmetrics_sitenote_category":0,"_monsterinsights_skip_tracking":false,"_monsterinsights_sitenote_active":false,"_monsterinsights_sitenote_note":"","_monsterinsights_sitenote_category":0},"product_brand":[],"product_cat":[72,95,112],"product_tag":[],"class_list":{"0":"post-20900","1":"product","2":"type-product","3":"status-publish","4":"has-post-thumbnail","6":"product_cat-ecosondasypesca","7":"product_cat-garmin","8":"product_cat-hidrografia","10":"first","11":"instock","12":"shipping-taxable","13":"product-type-simple","14":"col-xxl","15":"col-xl-4","16":"col-lg-6","17":"col-sm-6"},"_links":{"self":[{"href":"https:\/\/kpn.com.uy\/web\/wp-json\/wp\/v2\/product\/20900","targetHints":{"allow":["GET"]}}],"collection":[{"href":"https:\/\/kpn.com.uy\/web\/wp-json\/wp\/v2\/product"}],"about":[{"href":"https:\/\/kpn.com.uy\/web\/wp-json\/wp\/v2\/types\/product"}],"wp:featuredmedia":[{"embeddable":true,"href":"https:\/\/kpn.com.uy\/web\/wp-json\/wp\/v2\/media\/20901"}],"wp:attachment":[{"href":"https:\/\/kpn.com.uy\/web\/wp-json\/wp\/v2\/media?parent=20900"}],"wp:term":[{"taxonomy":"product_brand","embeddable":true,"href":"https:\/\/kpn.com.uy\/web\/wp-json\/wp\/v2\/product_brand?post=20900"},{"taxonomy":"product_cat","embeddable":true,"href":"https:\/\/kpn.com.uy\/web\/wp-json\/wp\/v2\/product_cat?post=20900"},{"taxonomy":"product_tag","embeddable":true,"href":"https:\/\/kpn.com.uy\/web\/wp-json\/wp\/v2\/product_tag?post=20900"}],"curies":[{"name":"wp","href":"https:\/\/api.w.org\/{rel}","templated":true}]}}