{"id":20910,"date":"2017-07-29T12:24:34","date_gmt":"2017-07-29T15:24:34","guid":{"rendered":"https:\/\/kpn.com.uy\/web\/?post_type=product&#038;p=20910"},"modified":"2017-07-29T12:36:30","modified_gmt":"2017-07-29T15:36:30","slug":"striker-4","status":"publish","type":"product","link":"https:\/\/kpn.com.uy\/web\/producto\/striker-4\/","title":{"rendered":"Striker 4"},"content":{"rendered":"<p>Encontrar peces es m\u00e1s f\u00e1cil que nunca con la sonda STRIKER 4.<br \/>\nMarca y vuelve a tus puntos, varaderos y diques y comparte tus waypoints y rutas favoritos con otros STRIKER o combinaciones echoMAP.<\/p>\n<p>Los gr\u00e1ficos Smooth Scaling te permiten una visualizaci\u00f3n ininterrumpida de la imagen al cambiar entre escalas de profundidad. El retroceso del historial de sonda te permite retroceder en las im\u00e1genes de sonda para marcar waypoints que no hayas visto en un primer momento. Adem\u00e1s, cuenta con un destellador integrado y muestra datos de velocidad. Incluye un soporte giratorio\/inclinable y un transductor CHIRP (77\/200 kHz) con componentes y un cable de montaje para espejo de popa y motor para pesca de curric\u00e1n. Para obtener el CHIRP de alto rendimiento, compra un transductor GT8 o GT15 (cada uno se vende por separado).<\/p>\n<p><strong>Caracter\u00edsticas f\u00edsicas y de rendimiento<\/strong><br \/>\nDimensiones de la unidad (Ancho\/Alto\/Profundidad)     9.1 x 15.0 x 4.1 cm<br \/>\nTama\u00f1o de la pantalla (Ancho\/Alto)     4,9 cm x 7,3 cm; 8,7 cm (3,5 en diagonal)<br \/>\nResoluci\u00f3n de pantalla (Ancho\/Alto)     480 x 320 p\u00edxeles<br \/>\nTipo de pantalla     HVGA a color<br \/>\nPeso     230 g<br \/>\nClasificaci\u00f3n de resistencia al agua     IPX7<br \/>\nAlarmas sonoras<br \/>\nEspecificaciones y funciones de sonda<br \/>\nCompatible con sonda de doble frecuencia<br \/>\nCompatible con sonda de doble haz     <\/p>\n<p><strong>Frecuencia  <\/strong><br \/>\nTradicional: 50\/77\/200 kHz<br \/>\nCHIRP (alta y media frecuencia)<br \/>\nPotencia de transmisi\u00f3n     200 W (RMS)<br \/>\nProfundidad m\u00e1xima     488 m (1.600 ft) en agua dulce*, 229 m (750 ft) en agua salada*<br \/>\nBloqueo en el fondo (muestra las se\u00f1ales que devuelve del fondo a la superficie)<br \/>\nGr\u00e1fico y registro de la temperatura del agua     <\/p>\n<p><strong>Funciones de Fishfinder<\/strong><br \/>\nZoom con pantalla dividida<br \/>\nUltrascroll? (r\u00e1pida actualizaci\u00f3n de pantalla)<br \/>\nS\u00edmbolo de peces (ayuda a identificar los peces)<br \/>\nTecnolog\u00eda de Ganancia Autom\u00e1tica (permite obtener im\u00e1genes detalladas de estructuras y densidades del fondo)<br \/>\nL\u00ednea de profundidad ajustable (mide la profundidad de los objetos bajo el agua)<br \/>\nA-scope (muestra en tiempo real los peces que pasan a trav\u00e9s del transductor de haz)<br \/>\nSensor de temperatura incluido     <\/p>\n<p><strong>Caracter\u00edsticas adicionales<\/strong>     <\/p>\n<p>   \u2022 Soporte giratorio\/inclinable<br \/>\n   \u2022 GPS integrado<br \/>\n   \u2022 Marcado de waypoints<br \/>\n   \u2022 Trayectoria sobre tierra (COG)<\/p>\n","protected":false},"excerpt":{"rendered":"<p>Sonda a color de 8,9 cent\u00edmetros (3,5 pulgadas) f\u00e1cil de usar con GPS de alta sensibilidad incorporado.<br \/>\nEncuentra peces y marca puntos, diques y varaderos para volver a ellos.<br \/>\nFuncionamiento c\u00f3modo del teclado<br \/>\nIncluye un transductor de sonda CHIRP (77\/200 kHz); potencia de transmisi\u00f3n (200 W RMS)\/(1.600 W pico a pico).<br \/>\nActualiza al CHIRP de alto rendimiento con el transductor GT8 o GT15 (cada uno se vende por separado).<\/p>\n","protected":false},"featured_media":20911,"template":"","meta":{"_exactmetrics_skip_tracking":false,"_exactmetrics_sitenote_active":false,"_exactmetrics_sitenote_note":"","_exactmetrics_sitenote_category":0,"_monsterinsights_skip_tracking":false,"_monsterinsights_sitenote_active":false,"_monsterinsights_sitenote_note":"","_monsterinsights_sitenote_category":0},"product_brand":[],"product_cat":[72,95,112],"product_tag":[],"class_list":{"0":"post-20910","1":"product","2":"type-product","3":"status-publish","4":"has-post-thumbnail","6":"product_cat-ecosondasypesca","7":"product_cat-garmin","8":"product_cat-hidrografia","10":"first","11":"instock","12":"shipping-taxable","13":"product-type-simple","14":"col-xxl","15":"col-xl-4","16":"col-lg-6","17":"col-sm-6"},"_links":{"self":[{"href":"https:\/\/kpn.com.uy\/web\/wp-json\/wp\/v2\/product\/20910","targetHints":{"allow":["GET"]}}],"collection":[{"href":"https:\/\/kpn.com.uy\/web\/wp-json\/wp\/v2\/product"}],"about":[{"href":"https:\/\/kpn.com.uy\/web\/wp-json\/wp\/v2\/types\/product"}],"wp:featuredmedia":[{"embeddable":true,"href":"https:\/\/kpn.com.uy\/web\/wp-json\/wp\/v2\/media\/20911"}],"wp:attachment":[{"href":"https:\/\/kpn.com.uy\/web\/wp-json\/wp\/v2\/media?parent=20910"}],"wp:term":[{"taxonomy":"product_brand","embeddable":true,"href":"https:\/\/kpn.com.uy\/web\/wp-json\/wp\/v2\/product_brand?post=20910"},{"taxonomy":"product_cat","embeddable":true,"href":"https:\/\/kpn.com.uy\/web\/wp-json\/wp\/v2\/product_cat?post=20910"},{"taxonomy":"product_tag","embeddable":true,"href":"https:\/\/kpn.com.uy\/web\/wp-json\/wp\/v2\/product_tag?post=20910"}],"curies":[{"name":"wp","href":"https:\/\/api.w.org\/{rel}","templated":true}]}}