{"id":20914,"date":"2017-07-29T12:30:35","date_gmt":"2017-07-29T15:30:35","guid":{"rendered":"https:\/\/kpn.com.uy\/web\/?post_type=product&#038;p=20914"},"modified":"2017-07-29T12:37:08","modified_gmt":"2017-07-29T15:37:08","slug":"striker-4-portable","status":"publish","type":"product","link":"https:\/\/kpn.com.uy\/web\/producto\/striker-4-portable\/","title":{"rendered":"Striker 4 Portable"},"content":{"rendered":"<p>Asciende a piar de alto rendimiento con un transductor o GT8 GT15 (cada uno se vende por separado)<br \/>\n4 de enganche localizador con estuche port\u00e1til es ideal para la pesca desde un kayak o canoa y es especialmente \u00fatil para la pesca de hielo. Mark y retorno a sus puntos calientes, rampas para botes y muelles. Usted tambi\u00e9n puede compartir sus waypoints y rutas favoritas con otra HUELGUISTA y combos plotter echomapa. gr\u00e1ficos suaves Scaling proporcionan im\u00e1genes sin interrupci\u00f3n cuando se cambia entre las escalas de profundidad de alcance. S\u00f3nar de rebobinado de la historia le permite desplazarse hacia atr\u00e1s a trav\u00e9s de im\u00e1genes de sonar para marcar puntos de ruta que inicialmente puede haber perdido. Incluye estuche de transporte, bater\u00eda recargable, chirrido de montaje (77\/200 kHz) transductor, inclinada \/ m\u00f3vil y travesa\u00f1o y curric\u00e1n kit de montaje del motor. Para CHIRP de alto rendimiento, la compra de un transductor o GT8 GT15 (cada uno se vende por separado).<\/p>\n<p><strong>Desempe\u00f1o f\u00edsico<\/strong><\/p>\n<p>Dimensiones f\u00edsicas<br \/>\n3.6 &#8221; x 5.9 &#8221; x 1,6 &#8221; (91,6 x 150,8 x 42,8 cm)<\/p>\n<p>Tama\u00f1o de la pantalla, WxH<br \/>\n1.9 &#8221; x 2,9 &#8221; (4,9 x 7,3 cm); 3.5 &#8221; diag (8,7 cm)<\/p>\n<p>Resoluci\u00f3n de la pantalla, WxH<br \/>\n480 x 320 p\u00edxeles<\/p>\n<p>Tipo de visualizaci\u00f3n<br \/>\ncolor HVGA<\/p>\n<p>peso<br \/>\n10,8 lbs (4,9 kg)<\/p>\n<p>Producci\u00f3n de agua<br \/>\nIPX7<\/p>\n<p><strong>Caracter\u00edsticas y especificaciones del sonar<\/strong><\/p>\n<p>Doble frecuencia (50\/200 kHz) s\u00f3nar capaces<\/p>\n<p>Dual-haz (77\/200 kHz) sonar capaz<\/p>\n<p>Las frecuencias compatibles<br \/>\nTradicional: 50\/77\/200 kHz<br \/>\nCHIRRIDO (media y alta)<\/p>\n<p>La potencia de transmisi\u00f3n<br \/>\n200 W (RMS)<\/p>\n<p>La m\u00e1xima profundidad<br \/>\n1.600 pies de agua dulce *, 750 pies de agua salada*<\/p>\n<p>Seguimiento de fondo (espect\u00e1culos regresan de abajo hacia arriba)<\/p>\n<p>registro de la temperatura del agua y el gr\u00e1fico<\/p>\n<p><strong>Caracter\u00edsticas de sonda<\/strong><\/p>\n<p>zoom de pantalla dividida<\/p>\n<p>Ultrascroll\u00ae (muestra los blancos de pesca cuando la embarcaci\u00f3n)<\/p>\n<p>Del s\u00edmbolo de identificaci\u00f3n (ayuda a identificar los peces)<\/p>\n<p>Tecnolog\u00eda de Ganancia Autom\u00e1tica (minimiza el desorden, maximiza objetivos)<\/p>\n<p>L\u00ednea de profundidad ajustable (mide la profundidad de los objetos bajo el agua)<\/p>\n<p>A-scope (muestra en tiempo real los peces que pasan a trav\u00e9s del transductor de haz)<\/p>\n<p>sensor de temperatura de agua incluido<\/p>\n<p><strong>Adicional<\/strong><\/p>\n<p>\u2022 Montaje inclinada \/ m\u00f3vil<br \/>\n\u2022 GPS integrado<br \/>\n\u2022 Marcar waypoints<br \/>\n\u2022 Curso sobre el fondo (COG)<\/p>\n","protected":false},"excerpt":{"rendered":"<p>F\u00e1cil de usar.<br \/>\nLocalizador de color de 3,5 pulgadas con una funci\u00f3n de alta sensibilidad GPS.<br \/>\nEstuche port\u00e1til es perfecto para kayak, canoa o pescar en el hielo.<br \/>\nEncuentra los peces; marca y el retorno a los puntos calientes, muelles y rampas.<br \/>\nIncluye transductor CHIRRIDO (77\/200 kHz) de sonar; transmitir potencia (200 W RMS) \/ (1.600 W de pico a pico).<\/p>\n","protected":false},"featured_media":20915,"template":"","meta":{"_exactmetrics_skip_tracking":false,"_exactmetrics_sitenote_active":false,"_exactmetrics_sitenote_note":"","_exactmetrics_sitenote_category":0,"_monsterinsights_skip_tracking":false,"_monsterinsights_sitenote_active":false,"_monsterinsights_sitenote_note":"","_monsterinsights_sitenote_category":0},"product_brand":[],"product_cat":[72,95,112],"product_tag":[],"class_list":{"0":"post-20914","1":"product","2":"type-product","3":"status-publish","4":"has-post-thumbnail","6":"product_cat-ecosondasypesca","7":"product_cat-garmin","8":"product_cat-hidrografia","10":"first","11":"instock","12":"shipping-taxable","13":"product-type-simple","14":"col-xxl","15":"col-xl-4","16":"col-lg-6","17":"col-sm-6"},"_links":{"self":[{"href":"https:\/\/kpn.com.uy\/web\/wp-json\/wp\/v2\/product\/20914","targetHints":{"allow":["GET"]}}],"collection":[{"href":"https:\/\/kpn.com.uy\/web\/wp-json\/wp\/v2\/product"}],"about":[{"href":"https:\/\/kpn.com.uy\/web\/wp-json\/wp\/v2\/types\/product"}],"wp:featuredmedia":[{"embeddable":true,"href":"https:\/\/kpn.com.uy\/web\/wp-json\/wp\/v2\/media\/20915"}],"wp:attachment":[{"href":"https:\/\/kpn.com.uy\/web\/wp-json\/wp\/v2\/media?parent=20914"}],"wp:term":[{"taxonomy":"product_brand","embeddable":true,"href":"https:\/\/kpn.com.uy\/web\/wp-json\/wp\/v2\/product_brand?post=20914"},{"taxonomy":"product_cat","embeddable":true,"href":"https:\/\/kpn.com.uy\/web\/wp-json\/wp\/v2\/product_cat?post=20914"},{"taxonomy":"product_tag","embeddable":true,"href":"https:\/\/kpn.com.uy\/web\/wp-json\/wp\/v2\/product_tag?post=20914"}],"curies":[{"name":"wp","href":"https:\/\/api.w.org\/{rel}","templated":true}]}}