{"id":20917,"date":"2017-07-29T12:40:18","date_gmt":"2017-07-29T15:40:18","guid":{"rendered":"https:\/\/kpn.com.uy\/web\/?post_type=product&#038;p=20917"},"modified":"2017-07-29T12:40:19","modified_gmt":"2017-07-29T15:40:19","slug":"striker-5cv","status":"publish","type":"product","link":"https:\/\/kpn.com.uy\/web\/producto\/striker-5cv\/","title":{"rendered":"Striker 5CV"},"content":{"rendered":"<p>Incluye transductor de Garmin con CHIRRIDO (77\/200 kHz) y CHIRRIDO Clearvu (455\/800 kHz) y una potencia de 600 W.<br \/>\nIncluye una funci\u00f3n de luz intermitente.<br \/>\nDatos de velocidad que aparecen directamente en la pantalla.<br \/>\nEncontrar el pescado es m\u00e1s f\u00e1cil que nunca con el delantero localizador 5 cv.<br \/>\nMark y retorno a sus puntos calientes, rampas para botes y muelles.<br \/>\nUsted tambi\u00e9n puede compartir sus waypoints y rutas favoritas con otra HUELGUISTA y combos echomapa.<br \/>\nAdem\u00e1s, tiene una luz intermitente incorporada y muestra la velocidad de datos.<br \/>\nIncluye un soporte inclinable \/ giratoria, transductor sonar CHIRRIDO (77\/200 kHz) con el travesa\u00f1o y motor de arrastre de cable y hardware de montaje.<\/p>\n<p><strong>La experiencia de la claridad de CHIRRIDO<\/strong><br \/>\nHUELGUISTA 5 cv incluye un transductor de Garmin CHIRRIDO (77\/200 kHz), lo que proporciona un nivel visiblemente m\u00e1s alto de claridad y detalle para los peces y la estructura de 77\/200 kHz transductores tradicionales.<br \/>\nEn lugar de enviar s\u00f3lo 1 sola frecuencia, chirrido env\u00eda un barrido continuo de frecuencias, que van de menos a m\u00e1s, a continuaci\u00f3n, los interpreta de forma individual a su regreso. Dado que las frecuencias proporcionan una gama m\u00e1s amplia de informaci\u00f3n, tecnolog\u00eda de sonar CHIRRIDO puede crear m\u00e1s n\u00edtidas arcos de peces con mayor separaci\u00f3n de objetivos.<\/p>\n","protected":false},"excerpt":{"rendered":"<p>F\u00e1cil de usar.<br \/>\nLocalizador color de 5 pulgadas con una funci\u00f3n de alta sensibilidad GPS y Garmin CHIRRIDO Clearvu s\u00f3nar de barrido.<br \/>\nEncuentra los peces; marca y el retorno a los puntos calientes, muelles y rampas.<\/p>\n","protected":false},"featured_media":20918,"template":"","meta":{"_exactmetrics_skip_tracking":false,"_exactmetrics_sitenote_active":false,"_exactmetrics_sitenote_note":"","_exactmetrics_sitenote_category":0,"_monsterinsights_skip_tracking":false,"_monsterinsights_sitenote_active":false,"_monsterinsights_sitenote_note":"","_monsterinsights_sitenote_category":0},"product_brand":[],"product_cat":[72,95,112],"product_tag":[],"class_list":{"0":"post-20917","1":"product","2":"type-product","3":"status-publish","4":"has-post-thumbnail","6":"product_cat-ecosondasypesca","7":"product_cat-garmin","8":"product_cat-hidrografia","10":"first","11":"instock","12":"shipping-taxable","13":"product-type-simple","14":"col-xxl","15":"col-xl-4","16":"col-lg-6","17":"col-sm-6"},"_links":{"self":[{"href":"https:\/\/kpn.com.uy\/web\/wp-json\/wp\/v2\/product\/20917","targetHints":{"allow":["GET"]}}],"collection":[{"href":"https:\/\/kpn.com.uy\/web\/wp-json\/wp\/v2\/product"}],"about":[{"href":"https:\/\/kpn.com.uy\/web\/wp-json\/wp\/v2\/types\/product"}],"wp:featuredmedia":[{"embeddable":true,"href":"https:\/\/kpn.com.uy\/web\/wp-json\/wp\/v2\/media\/20918"}],"wp:attachment":[{"href":"https:\/\/kpn.com.uy\/web\/wp-json\/wp\/v2\/media?parent=20917"}],"wp:term":[{"taxonomy":"product_brand","embeddable":true,"href":"https:\/\/kpn.com.uy\/web\/wp-json\/wp\/v2\/product_brand?post=20917"},{"taxonomy":"product_cat","embeddable":true,"href":"https:\/\/kpn.com.uy\/web\/wp-json\/wp\/v2\/product_cat?post=20917"},{"taxonomy":"product_tag","embeddable":true,"href":"https:\/\/kpn.com.uy\/web\/wp-json\/wp\/v2\/product_tag?post=20917"}],"curies":[{"name":"wp","href":"https:\/\/api.w.org\/{rel}","templated":true}]}}