{"id":20921,"date":"2017-07-29T13:00:58","date_gmt":"2017-07-29T16:00:58","guid":{"rendered":"https:\/\/kpn.com.uy\/web\/?post_type=product&#038;p=20921"},"modified":"2017-07-29T13:00:58","modified_gmt":"2017-07-29T16:00:58","slug":"striker-7sv","status":"publish","type":"product","link":"https:\/\/kpn.com.uy\/web\/producto\/striker-7sv\/","title":{"rendered":"Striker 7sv"},"content":{"rendered":"<p>Encontrar peces es m\u00e1s f\u00e1cil que nunca con la sonda STRIKER 7sv. Marca y vuelve a tus puntos, varaderos y diques. Tambi\u00e9n puedes compartir tus waypoints y rutas favoritos con otros STRIKER o combinaciones de plotters echoMAP. Los gr\u00e1ficos Smooth Scaling te permiten una visualizaci\u00f3n ininterrumpida de la imagen al cambiar entre escalas de profundidad. El retroceso del historial de sonda te permite retroceder en las im\u00e1genes de sonda para marcar waypoints que no hayas visto en un primer momento. Adem\u00e1s, cuenta con un destellador integrado y muestra datos de velocidad. Incluye un soporte giratorio\/inclinable adem\u00e1s de componentes y un cable de montaje para espejo de popa y motor para pesca de curric\u00e1n.<\/p>\n<p><strong>Experimenta la gran claridad de CHIRP<\/strong><br \/>\nSTRIKER 7sv incluye un transductor de frecuencia alta con haz ancho que proporciona un nivel de claridad y detalle de peces y estructuras visiblemente superior a los transductores tradicionales de 77\/200 kHz.<\/p>\n<p>En lugar de emitir una sola frecuencia, CHIRP emite barridos de frecuencias continuos con una intensidad que abarca desde niveles bajos a altos y, a continuaci\u00f3n, las interpreta una a una a medida que las recibe. Gracias a que las frecuencias proporcionan un espectro de informaci\u00f3n m\u00e1s amplio, la tecnolog\u00eda de sonda CHIRP es capaz de crear arcos de peces de forma n\u00edtida con una separaci\u00f3n de objetivos superior.<\/p>\n<p>Tambi\u00e9n puedes actualizar a la tecnolog\u00eda CHIRP de alto rendimiento de Garmin, que proporciona im\u00e1genes de sonda de gran calidad con una resoluci\u00f3n y separaci\u00f3n de objetivos a\u00fan m\u00e1s destacables entre aguas de distintas profundidades. Para una mejor experiencia de pesca, los contornos del fondo son m\u00e1s visibles, incluso a las velocidades m\u00e1s altas, y es posible suprimir el ruido de la se\u00f1al a grandes profundidades, lo que proporciona una interpretaci\u00f3n m\u00e1s oportuna de lo que hay debajo.<\/p>\n<p><strong>Caracter\u00edsticas f\u00edsicas y de rendimiento<\/strong><br \/>\nDimensiones de la unidad (Ancho\/Alto\/Profundidad)     23,5 cm x 14 cm x 5,8 cm<br \/>\nTama\u00f1o de la pantalla (Ancho\/Alto)     9,1 cm x 15,2 cm (3,6 in x 6 in); 12,7 cm (7 in) en diagonal<br \/>\nResoluci\u00f3n de pantalla (Ancho\/Alto)     800 x 480 p\u00edxeles<br \/>\nTipo de pantalla     WVGA a color<br \/>\nPeso     680 g<br \/>\nClasificaci\u00f3n de resistencia al agua     IPX7<br \/>\nAlarmas sonoras     S\u00ed<\/p>\n<p><strong>Especificaciones y funciones de sonda<\/strong><br \/>\nCompatible con sonda de doble frecuencia     S\u00ed<br \/>\nCompatible con sonda de doble haz     S\u00ed<br \/>\nFrecuencia     <\/p>\n<p>Tradicional: 50\/77\/200 kHz<\/p>\n<p>CHIRP (alta y media frecuencia)<\/p>\n<p>DownV\u00fc: 260\/455\/800 kHz<\/p>\n<p>SideV\u00fc: 260\/455\/800 kHz<br \/>\nPotencia de transmisi\u00f3n     500 W (RMS)<br \/>\nProfundidad m\u00e1xima     701 m (2.300 ft) en agua dulce*, 335 m (1.100 ft) en agua salada*<br \/>\nBloqueo en el fondo (muestra las se\u00f1ales que devuelve del fondo a la superficie)     S\u00ed<br \/>\nGr\u00e1fico y registro de la temperatura del agua     S\u00ed<\/p>\n<p><strong>Funciones de Fishfinder<\/strong><br \/>\nZoom con pantalla dividida     S\u00ed<br \/>\nUltrascroll? (r\u00e1pida actualizaci\u00f3n de pantalla)     S\u00ed<br \/>\nS\u00edmbolo de peces (ayuda a identificar los peces)     S\u00ed<br \/>\nTecnolog\u00eda de Ganancia Autom\u00e1tica (permite obtener im\u00e1genes detalladas de estructuras y densidades del fondo)     S\u00ed<br \/>\nL\u00ednea de profundidad ajustable (mide la profundidad de los objetos bajo el agua)     S\u00ed<br \/>\nA-scope (muestra en tiempo real los peces que pasan a trav\u00e9s del transductor de haz)     S\u00ed<br \/>\nSensor de temperatura incluido     S\u00ed<\/p>\n<p><strong>Adicional<\/strong><br \/>\nCaracter\u00edsticas adicionales:<br \/>\n\u2022 Soporte giratorio\/inclinable<br \/>\n\u2022 GPS integrado<br \/>\n\u2022 Marcado de waypoints<br \/>\n\u2022 Trayectoria sobre tierra (COG)<\/p>\n","protected":false},"excerpt":{"rendered":"<p><strong>Sonda CHIRP con sonda de exploraci\u00f3n DownV\u00fc\/SideV\u00fc<\/strong><\/p>\n<p>Sonda a color de 17,8 cent\u00edmetros (7 pulgadas) f\u00e1cil de usar con GPS de alta sensibilidad y sonda CHIRP incorporados.<br \/>\nTambi\u00e9n incluye sonda de exploraci\u00f3n CHIRP DownV\u00fc y CHIRP SideV\u00fc de Garmin.<br \/>\nEncuentra peces y marca puntos, diques y varaderos para volver a ellos.<br \/>\nIncluye el transductor GT52 de Garmin con CHIRP de alta frecuencia con haz ancho de 250 W, CHIRP DownV\u00fc de 455\/800 kHz y CHIRP SideV\u00fc con 350 W de potencia.<br \/>\nComparte waypoints y rutas con otros STRIKER o combinaciones de plotters echoMAP.<br \/>\nTecnolog\u00eda de software Smooth Scaling para ajustes de escala de profundidad.<\/p>\n","protected":false},"featured_media":20922,"template":"","meta":{"_exactmetrics_skip_tracking":false,"_exactmetrics_sitenote_active":false,"_exactmetrics_sitenote_note":"","_exactmetrics_sitenote_category":0,"_monsterinsights_skip_tracking":false,"_monsterinsights_sitenote_active":false,"_monsterinsights_sitenote_note":"","_monsterinsights_sitenote_category":0},"product_brand":[],"product_cat":[72,95,112],"product_tag":[],"class_list":{"0":"post-20921","1":"product","2":"type-product","3":"status-publish","4":"has-post-thumbnail","6":"product_cat-ecosondasypesca","7":"product_cat-garmin","8":"product_cat-hidrografia","10":"first","11":"instock","12":"shipping-taxable","13":"product-type-simple","14":"col-xxl","15":"col-xl-4","16":"col-lg-6","17":"col-sm-6"},"_links":{"self":[{"href":"https:\/\/kpn.com.uy\/web\/wp-json\/wp\/v2\/product\/20921","targetHints":{"allow":["GET"]}}],"collection":[{"href":"https:\/\/kpn.com.uy\/web\/wp-json\/wp\/v2\/product"}],"about":[{"href":"https:\/\/kpn.com.uy\/web\/wp-json\/wp\/v2\/types\/product"}],"wp:featuredmedia":[{"embeddable":true,"href":"https:\/\/kpn.com.uy\/web\/wp-json\/wp\/v2\/media\/20922"}],"wp:attachment":[{"href":"https:\/\/kpn.com.uy\/web\/wp-json\/wp\/v2\/media?parent=20921"}],"wp:term":[{"taxonomy":"product_brand","embeddable":true,"href":"https:\/\/kpn.com.uy\/web\/wp-json\/wp\/v2\/product_brand?post=20921"},{"taxonomy":"product_cat","embeddable":true,"href":"https:\/\/kpn.com.uy\/web\/wp-json\/wp\/v2\/product_cat?post=20921"},{"taxonomy":"product_tag","embeddable":true,"href":"https:\/\/kpn.com.uy\/web\/wp-json\/wp\/v2\/product_tag?post=20921"}],"curies":[{"name":"wp","href":"https:\/\/api.w.org\/{rel}","templated":true}]}}