{"id":20925,"date":"2017-07-29T13:06:17","date_gmt":"2017-07-29T16:06:17","guid":{"rendered":"https:\/\/kpn.com.uy\/web\/?post_type=product&#038;p=20925"},"modified":"2017-07-29T18:07:36","modified_gmt":"2017-07-29T21:07:36","slug":"gpsmap-78","status":"publish","type":"product","link":"https:\/\/kpn.com.uy\/web\/producto\/gpsmap-78\/","title":{"rendered":"Gpsmap 78"},"content":{"rendered":"<p><strong>Explora<\/strong><\/p>\n<p>La unidad GPSMAP 78 se proporciona con un mapa base mundial incorporado, para que puedas navegar a cualquier lugar con facilidad. Y, como el resto de la serie 78, es resistente al agua seg\u00fan la norma IPX7, e incluso flota.<\/p>\n<p><strong>Seguridad ante todo<\/strong><\/p>\n<p>Con receptor GPS con WAAS de alta sensibilidad y predicci\u00f3n por sat\u00e9lite HotFix?, la unidad GPSMAP 78 localiza tu posici\u00f3n de forma r\u00e1pida y precisa, y mantiene la ubicaci\u00f3n GPS incluso en bosques espesos y en ca\u00f1ones de gran profundidad. La ventaja es clara, tanto si te encuentras en la frondosidad de un bosque o simplemente cerca de edificios o \u00e1rboles altos, puedes contar con la unidad GPSMAP 78 para que te ayude a encontrar el camino cuando m\u00e1s lo necesitas.<\/p>\n<p><strong>A\u00f1ade mapas<\/strong><\/p>\n<p>La incorporaci\u00f3n de m\u00e1s mapas es muy sencilla con la amplia selecci\u00f3n de detallados mapas n\u00e1uticos, topogr\u00e1ficos y de carreteras de Garmin, disponibles en tarjetas microSD. Conecta con comodidad tarjetas precargadas BlueChart\u00ae g2 para pasar un d\u00eda estupendo en el agua o la cartograf\u00eda Urunav para obtener rutas giro a giro. La ranura para tarjetas se encuentra en el interior del compartimento resistente al agua de las pilas para que no te preocupes de que pueda mojarse. La unidad GPSMAP 78 tambi\u00e9n es compatible con BirdsEye? (es necesaria una suscripci\u00f3n), que permite descargar im\u00e1gen<\/p>\n<p><strong>ESPECIFICACIONES<\/strong><br \/>\n<strong>F\u00edsicas y de rendimiento:<\/strong><br \/>\nDimensiones de la unidad (Ancho\/Alto\/Profundidad) 6,6 x 15,2 x 3 cm<br \/>\nTama\u00f1o de la pantalla (Ancho\/Alto) 4,1 x 5,6 cm<br \/>\nResoluci\u00f3n de pantalla (Ancho\/Alto) 160 x 240 p\u00edxeles<br \/>\nTipo de pantalla TFT transflectiva de 65.000 colores<br \/>\nPeso 218,3 g con pilas<br \/>\nBater\u00eda 2 pilas AA (no incluidas); se recomienda NiMH o litio<br \/>\nDuraci\u00f3n de la bater\u00eda 20 horas<br \/>\nClasificaci\u00f3n de resistencia al agua IPX7<br \/>\nFlotante S\u00ed<br \/>\nReceptor de alta sensibilidad S\u00ed<br \/>\nInterfaz del equipo Compatible con USB y NMEA 0183<br \/>\n<strong><br \/>\nMapas y memoria:<\/strong><br \/>\nMapa base S\u00ed<br \/>\nPreloaded maps No<br \/>\nPosibilidad de agregar mapas S\u00ed<br \/>\nMemoria interna 1,7 GB<br \/>\nAdmite tarjetas de datos tarjeta microSD? (no incluida)<br \/>\nWaypoints 2000<br \/>\nRutas 200<br \/>\nTrack log 10.000 puntos, 200 tracks guardados<\/p>\n<p><strong>Funciones y ventajas:<\/strong><br \/>\nCreaci\u00f3n autom\u00e1tica de rutas (giro a giro en carretera) S\u00ed (con mapas opcionales con informaci\u00f3n detallada de las carreteras)<br \/>\nBr\u00fajula electr\u00f3nica No<br \/>\nPantalla t\u00e1ctil No<br \/>\nAlt\u00edmetro barom\u00e9trico No<br \/>\nCamera No<br \/>\nModo geocaching S\u00ed (paperless)<br \/>\nCustom maps compatible S\u00ed<br \/>\nNavegaci\u00f3n hacia fotos S\u00ed<br \/>\nCalendario de caza y pesca S\u00ed<br \/>\nInformaci\u00f3n astron\u00f3mica S\u00ed<br \/>\nPredicci\u00f3n de mareas S\u00ed<br \/>\nC\u00e1lculo de \u00e1reas S\u00ed<br \/>\nPuntos de inter\u00e9s personalizables (posibilidad de agregar puntos de inter\u00e9s adicionales) S\u00ed<br \/>\nTransferencia de unidad a unidad (comparte datos con unidades similares de forma inal\u00e1mbrica) No<br \/>\nVisor de im\u00e1genes S\u00ed<br \/>\nCompatible con Garmin Connect (comunidad online en la que puedes analizar, clasificar y compartir datos) S\u00ed<\/p>\n","protected":false},"excerpt":{"rendered":"<p>Para los amantes de la navegaci\u00f3n y de los deportes acu\u00e1ticos que buscan lo mejor, el resistente GPSMAP 78 dispone de n\u00edtidos mapas en color, receptor de alta sensibilidad, asideros laterales de goma moldeada y ranura para tarjetas microSD, para cargar mapas adicionales.<br \/>\n\u00a1Y adem\u00e1s flota!<\/p>\n","protected":false},"featured_media":21095,"template":"","meta":{"_exactmetrics_skip_tracking":false,"_exactmetrics_sitenote_active":false,"_exactmetrics_sitenote_note":"","_exactmetrics_sitenote_category":0,"_monsterinsights_skip_tracking":false,"_monsterinsights_sitenote_active":false,"_monsterinsights_sitenote_note":"","_monsterinsights_sitenote_category":0},"product_brand":[],"product_cat":[72,95,112],"product_tag":[],"class_list":{"0":"post-20925","1":"product","2":"type-product","3":"status-publish","4":"has-post-thumbnail","6":"product_cat-ecosondasypesca","7":"product_cat-garmin","8":"product_cat-hidrografia","10":"first","11":"instock","12":"shipping-taxable","13":"product-type-simple","14":"col-xxl","15":"col-xl-4","16":"col-lg-6","17":"col-sm-6"},"_links":{"self":[{"href":"https:\/\/kpn.com.uy\/web\/wp-json\/wp\/v2\/product\/20925","targetHints":{"allow":["GET"]}}],"collection":[{"href":"https:\/\/kpn.com.uy\/web\/wp-json\/wp\/v2\/product"}],"about":[{"href":"https:\/\/kpn.com.uy\/web\/wp-json\/wp\/v2\/types\/product"}],"wp:featuredmedia":[{"embeddable":true,"href":"https:\/\/kpn.com.uy\/web\/wp-json\/wp\/v2\/media\/21095"}],"wp:attachment":[{"href":"https:\/\/kpn.com.uy\/web\/wp-json\/wp\/v2\/media?parent=20925"}],"wp:term":[{"taxonomy":"product_brand","embeddable":true,"href":"https:\/\/kpn.com.uy\/web\/wp-json\/wp\/v2\/product_brand?post=20925"},{"taxonomy":"product_cat","embeddable":true,"href":"https:\/\/kpn.com.uy\/web\/wp-json\/wp\/v2\/product_cat?post=20925"},{"taxonomy":"product_tag","embeddable":true,"href":"https:\/\/kpn.com.uy\/web\/wp-json\/wp\/v2\/product_tag?post=20925"}],"curies":[{"name":"wp","href":"https:\/\/api.w.org\/{rel}","templated":true}]}}