{"id":20928,"date":"2017-07-29T13:26:40","date_gmt":"2017-07-29T16:26:40","guid":{"rendered":"https:\/\/kpn.com.uy\/web\/?post_type=product&#038;p=20928"},"modified":"2017-07-29T13:26:40","modified_gmt":"2017-07-29T16:26:40","slug":"quatix","status":"publish","type":"product","link":"https:\/\/kpn.com.uy\/web\/producto\/quatix\/","title":{"rendered":"Quatix"},"content":{"rendered":"<p>quatix es un reloj n\u00e1utico con GPS de alta precisi\u00f3n que incluye funciones de navegaci\u00f3n t\u00e1cticas nunca antes reunidas en un solo dispositivo, como temporizador de cuenta atr\u00e1s, l\u00ednea de salida virtual y ayuda de virada.<br \/>\nEst\u00e1 equipado, adem\u00e1s, con bar\u00f3metro, alt\u00edmetro de calibraci\u00f3n autom\u00e1tica, br\u00fajula de tres ejes y sensor de temperatura. Asimismo, comparte datos de forma inal\u00e1mbrica con otras aplicaciones de Garmin.<\/p>\n<p>Dise\u00f1ado para todo tipo marinos apasionados, desde aficionados a la vela hasta patrones de yates, pasando por regatistas de vela ligera y kayakistas, quatix ofrece conocimiento y rendimiento sin igual en un reloj n\u00e1utico resistente.<br \/>\nYa sea a bordo de una embarcaci\u00f3n de carreras de alto rendimiento o simplemente para disfrutar de un d\u00eda de navegaci\u00f3n, quatix se encarga de todo.<br \/>\nEs el \u00fanico dispositivo con GPS del mercado que proporciona esta incre\u00edble gama de funciones de navegaci\u00f3n n\u00e1utica, incluida detecci\u00f3n de hombre al agua, control remoto de equipamiento Garmin y transmisi\u00f3n de datos en tiempo real, como informaci\u00f3n sobre el viento y la profundidad, al reloj.<\/p>\n<p><strong>ESPECIFICACIONES<\/strong><\/p>\n<p><strong>F\u00edsicas y de rendimiento:<\/strong><br \/>\nDimensiones de la unidad (Ancho\/Alto\/Profundidad)     1,9&#8243; x 1,9&#8243; x 0,7&#8243; (4,9 x 4,9 x 1,7 cm)<br \/>\nTama\u00f1o de la pantalla (Ancho\/Alto)     Di\u00e1metro de 3,1 cm (1,2&#8243;)<br \/>\nResoluci\u00f3n de pantalla (Ancho\/Alto)     70 x 70 p\u00edxeles<br \/>\nPantalla t\u00e1ctil     No<br \/>\nPantalla en color     No<br \/>\nPantalla modo negativo     No<br \/>\nPeso     82 g (2,9 oz)<br \/>\nBater\u00eda     I\u00f3n-litio recargable<br \/>\nDuraci\u00f3n de la bater\u00eda     16 horas (modo GPS)<br \/>\nClasificaci\u00f3n de resistencia al agua     5 ATM<br \/>\nGPS integrado     S\u00ed<br \/>\nGLONASS     No<br \/>\nReceptor de alta sensibilidad     S\u00ed<br \/>\nAlt\u00edmetro barom\u00e9trico     S\u00ed<br \/>\nBr\u00fajula electr\u00f3nica     S\u00ed (tres ejes con inclinaci\u00f3n compensada)<br \/>\nNotificaciones inteligentes (muestra correo electr\u00f3nico, texto y otras alertas cuando est\u00e1 vinculado a tu tel\u00e9fono compatible)     No<br \/>\nAlerta por Vibraci\u00f3n     S\u00ed<br \/>\nControl de la m\u00fasica     No<br \/>\nBuscar mi tel\u00e9fono     No<br \/>\nFunciones del reloj     Hora, fecha, alarma, temporizador, cron\u00f3grafo, sonidos y vibraci\u00f3n<br \/>\nMapas y memoria:<br \/>\nMemoria interna     20 MB<br \/>\nFull Color CourseView Maps     No<br \/>\nWaypoints     1000<br \/>\nRutas     50<br \/>\nTrack log     10.000 puntos<\/p>\n<p><strong>Funciones de carrera:<\/strong><br \/>\nVirtual Pacer? (compara el ritmo actual con el ritmo objetivo)     No<br \/>\nEstimaci\u00f3n consumo m\u00e1ximo de ox\u00edgeno     No<br \/>\nControl de recuperaci\u00f3n     No<br \/>\nPron\u00f3stico de carrera     No<br \/>\nDin\u00e1mica de carrera     No<br \/>\nAceler\u00f3metro (calcula distancias de entrenamiento en interiores, sin necesidad de pod\u00f3metro)     S\u00ed<br \/>\nRegistros personales     No<br \/>\nFunciones de ciclismo:<br \/>\nCompatible con Vector?     No<br \/>\nVarios perfiles de bicicleta     No<br \/>\nSensor de velocidad\/cadencia de bicicletas     No<br \/>\nFunciones de carrera y ciclismo:<br \/>\nPuls\u00f3metro     S\u00ed (opcional)<br \/>\nVirtual Partner\u00ae (competici\u00f3n con sesiones de ejercicio anteriores)     No<br \/>\nVirtual Racer? (compite contra tus actividades anteriores)     No<br \/>\nAuto Pause (el temporizador se detiene y reinicia en funci\u00f3n de tu ritmo)     No<br \/>\nMultideporte (cambia autom\u00e1ticamente el modo de deporte con s\u00f3lo pulsar un bot\u00f3n)     No<br \/>\nDetecci\u00f3n autom\u00e1tica de deporte (cambio de modo de deporte pulsando 1 bot\u00f3n)     No<br \/>\nSesiones de ejercicio avanzadas (creaci\u00f3n de sesiones de ejercicio personalizadas y dise\u00f1adas para lograr una meta)     No<br \/>\nAlertas de ritmo (activa una alarma si var\u00eda el ritmo preestablecido)     No<br \/>\nEntrenamiento a intervalos (configuraci\u00f3n de intervalos entre ejercicios y descansos)     No<br \/>\nC\u00e1lculo de las calor\u00edas en funci\u00f3n del ritmo card\u00edaco     S\u00ed<br \/>\nC\u00e1lculo de calor\u00edas quemadas     S\u00ed<br \/>\nTraining Effect (medidas de impacto de una actividad en su capacidad aer\u00f3bica)     No<\/p>\n<p><strong>Funciones de nataci\u00f3n:<\/strong><br \/>\nSwim metrics (stroke type, stroke count and pool lengths)     No<br \/>\nReconocimiento de brazada     No<br \/>\nReconocimiento de vuelta a piscina     No<br \/>\nDistancia nadada en aguas abiertas     No<br \/>\nEntrenamientos a nado     No<br \/>\nFunciones de seguimiento en vivo de la actividad:<br \/>\nContador de pasos     No<br \/>\nObjetivo autom\u00e1tico (aprende tu nivel de actividad y asigna una meta diaria)     No<br \/>\nBarra de movimiento (muestra en el dispositivo tras un periodo de inactividad; camina unos minutos para restablecerlo)     No<br \/>\nMonitorizar sue\u00f1o (monitoriza el periodo total de sue\u00f1o y los periodos de movimiento o de sue\u00f1o profundo)     No<br \/>\nFunciones de actividades al aire libre:<br \/>\nCalendario de caza y pesca     S\u00ed<br \/>\nInformaci\u00f3n astron\u00f3mica     S\u00ed<br \/>\nPredicci\u00f3n de mareas     S\u00ed<br \/>\nC\u00e1lculo de \u00e1reas     S\u00ed<br \/>\nCustom maps compatible     No<br \/>\nJumpmaster     No<\/p>\n<p><strong>Funciones de golf:<\/strong><br \/>\nManual pin positioning (tap and drag flag on green for precise yardage)     No<br \/>\nMeasures shot distance (calculates exact yardage for shots from anywhere on course)     No<br \/>\nDistancia en yardas a D\/C\/T (distancia a la zona delantera, central y trasera del green)     No<br \/>\nDistancia en yardas a aproximaci\u00f3n\/dogleg     No<br \/>\nPinPointer     No<br \/>\nSwingTempo (mide los tiempos de backswing y downswing como una relaci\u00f3n)     No<br \/>\nTempoTraining (tonos audibles te informan de la relaci\u00f3n ideal 3:1 entre tu backswing y downswing)     No<br \/>\nSwingStrength? (mide la fuerza que aplicas en tu swing)     No<br \/>\nTracks stats (putts per round, greens &#038; fairways hit, average distance)     No<br \/>\nSave locations (mark course points of interest for future reference)     No<\/p>\n<p><strong>Funciones de vela:<\/strong><br \/>\nL\u00ednea de salida virtual     S\u00ed<br \/>\nTemporizador de cuenta atr\u00e1s     S\u00ed<br \/>\nModo de ayuda de virada     S\u00ed<br \/>\nMando a distancia de piloto autom\u00e1tico     S\u00ed<br \/>\nActivaci\u00f3n de hombre al agua inal\u00e1mbrica autom\u00e1tica     S\u00ed<br \/>\nBar\u00f3metro incorporado e informaci\u00f3n sobre las mareas     S\u00ed<\/p>\n<p><strong>Funciones avi\u00f3nicas:<\/strong><br \/>\nAlt\u00edmetro con configuraci\u00f3n barom\u00e9trica ajustable     No<br \/>\nBr\u00fajula de 3 ejes con HSI     No<br \/>\nHusos horarios m\u00faltiples con Zulu\/UTC     No<br \/>\nRecepci\u00f3n de planes de vuelo inal\u00e1mbricos de Garmin Pilot?     No<br \/>\nGarmin Connect\u00ae:<br \/>\nCompatible con Garmin Connect? (comunidad online en la que puedes analizar, clasificar y compartir datos)     No<br \/>\nSincronizaci\u00f3n autom\u00e1tica (transfiere autom\u00e1ticamente sesiones de ejercicios al equipo)     No<\/p>\n<p><strong>Especificaciones adicionales<\/strong><br \/>\nFunciones de reloj: hora, fecha, alarma, temporizador, cron\u00f3grafo y vibraci\u00f3n<\/p>\n","protected":false},"excerpt":{"rendered":"<p><strong>quatix\u00ae &#8212; El \u00fanico reloj de navegaci\u00f3n n\u00e1utica con GPS.<\/strong><\/p>\n<p>Reloj n\u00e1utico de alta sensibilidad con GPS, alt\u00edmetro, bar\u00f3metro y br\u00fajula de tres ejes.<br \/>\nTransmisi\u00f3n de datos NMEA 2000.<br \/>\nFunciones de competici\u00f3n n\u00e1utica especiales.<br \/>\nFunciones de mando a distancia de piloto autom\u00e1tico n\u00e1utico de Garmin.<br \/>\nDetecci\u00f3n autom\u00e1tica de hombre al agua.<\/p>\n","protected":false},"featured_media":20929,"template":"","meta":{"_exactmetrics_skip_tracking":false,"_exactmetrics_sitenote_active":false,"_exactmetrics_sitenote_note":"","_exactmetrics_sitenote_category":0,"_monsterinsights_skip_tracking":false,"_monsterinsights_sitenote_active":false,"_monsterinsights_sitenote_note":"","_monsterinsights_sitenote_category":0},"product_brand":[],"product_cat":[72,95,112],"product_tag":[],"class_list":{"0":"post-20928","1":"product","2":"type-product","3":"status-publish","4":"has-post-thumbnail","6":"product_cat-ecosondasypesca","7":"product_cat-garmin","8":"product_cat-hidrografia","10":"first","11":"instock","12":"shipping-taxable","13":"product-type-simple","14":"col-xxl","15":"col-xl-4","16":"col-lg-6","17":"col-sm-6"},"_links":{"self":[{"href":"https:\/\/kpn.com.uy\/web\/wp-json\/wp\/v2\/product\/20928","targetHints":{"allow":["GET"]}}],"collection":[{"href":"https:\/\/kpn.com.uy\/web\/wp-json\/wp\/v2\/product"}],"about":[{"href":"https:\/\/kpn.com.uy\/web\/wp-json\/wp\/v2\/types\/product"}],"wp:featuredmedia":[{"embeddable":true,"href":"https:\/\/kpn.com.uy\/web\/wp-json\/wp\/v2\/media\/20929"}],"wp:attachment":[{"href":"https:\/\/kpn.com.uy\/web\/wp-json\/wp\/v2\/media?parent=20928"}],"wp:term":[{"taxonomy":"product_brand","embeddable":true,"href":"https:\/\/kpn.com.uy\/web\/wp-json\/wp\/v2\/product_brand?post=20928"},{"taxonomy":"product_cat","embeddable":true,"href":"https:\/\/kpn.com.uy\/web\/wp-json\/wp\/v2\/product_cat?post=20928"},{"taxonomy":"product_tag","embeddable":true,"href":"https:\/\/kpn.com.uy\/web\/wp-json\/wp\/v2\/product_tag?post=20928"}],"curies":[{"name":"wp","href":"https:\/\/api.w.org\/{rel}","templated":true}]}}