{"id":20932,"date":"2017-07-29T13:35:34","date_gmt":"2017-07-29T16:35:34","guid":{"rendered":"https:\/\/kpn.com.uy\/web\/?post_type=product&#038;p=20932"},"modified":"2017-07-29T13:35:34","modified_gmt":"2017-07-29T16:35:34","slug":"etrex-10","status":"publish","type":"product","link":"https:\/\/kpn.com.uy\/web\/producto\/etrex-10\/","title":{"rendered":"Etrex 10"},"content":{"rendered":"<p>S\u00f3lo Garmin pod\u00eda mejorar la unidad eTrex. La nueva unidad eTrex 10 mantiene las funciones b\u00e1sicas, el dise\u00f1o resistente, la asequibilidad y la autonom\u00eda de la bater\u00eda prolongada que hacen que sea el dispositivo GPS m\u00e1s asequible. Hemos mejorado la interfaz de usuario y a\u00f1adido un mapa base mundial, geocaching &#8220;sin papeles&#8221; y accesorios de montaje para la carcasa. Reconocer\u00e1s su nombre. Reconocer\u00e1s su calidad. Sin embargo, la unidad eTrex 10 es un dispositivo totalmente nuevo: un gran paso en la sucesi\u00f3n legendaria de la l\u00ednea de productos eTrex desde 1999. Un dispositivo que s\u00f3lo Garmin podr\u00eda ofrecerte.<\/p>\n<p><strong>ESPECIFICACIONES<\/strong><br \/>\n<strong>F\u00edsicas y de rendimiento:<\/strong><br \/>\nDimensiones de la unidad (Ancho\/Alto\/Profundidad)     2,1&#8243; x 4&#8243; x 1,3&#8243; (5,4 x 10,3 x 3,3 cm)<br \/>\nTama\u00f1o de la pantalla (Ancho\/Alto)     1,4&#8243; x 1,7&#8243; (3,6 x 4,3 cm); 2,2&#8243; en diagonal (5,6 cm)<br \/>\nResoluci\u00f3n de pantalla (Ancho\/Alto)     128 x 160 p\u00edxeles<br \/>\nTipo de pantalla     transflectiva, monocroma<br \/>\nPeso     5 oz (141,7 g) con pilas<br \/>\nBater\u00eda     2 pilas AA (no incluidas); se recomienda NiMH o litio<br \/>\nDuraci\u00f3n de la bater\u00eda     25 horas<br \/>\nClasificaci\u00f3n de resistencia al agua     IPX7<br \/>\nFlotante     No<br \/>\nReceptor de alta sensibilidad     S\u00ed<br \/>\nInterfaz del equipo     USB<br \/>\nMapas y memoria:<br \/>\nMapa base     S\u00ed<br \/>\nPreloaded maps     no<br \/>\nPosibilidad de agregar mapas     No<br \/>\nMemoria interna     no<br \/>\nAdmite tarjetas de datos     no<br \/>\nWaypoints     1000<br \/>\nRutas     50<br \/>\nTrack log     10.000 puntos, 100 tracks guardados<br \/>\nFunciones y ventajas:<br \/>\nCreaci\u00f3n autom\u00e1tica de rutas (giro a giro en carretera)     No<br \/>\nBr\u00fajula electr\u00f3nica     No<br \/>\nPantalla t\u00e1ctil     No<br \/>\nAlt\u00edmetro barom\u00e9trico     No<br \/>\nCamera     no<br \/>\nModo geocaching     S\u00ed (paperless)<br \/>\nCustom maps compatible     No<br \/>\nNavegaci\u00f3n hacia fotos     No<br \/>\nCalendario de caza y pesca     S\u00ed<br \/>\nInformaci\u00f3n astron\u00f3mica     S\u00ed<br \/>\nPredicci\u00f3n de mareas     No<br \/>\nC\u00e1lculo de \u00e1reas     S\u00ed<br \/>\nPuntos de inter\u00e9s personalizables (posibilidad de agregar puntos de inter\u00e9s adicionales)     S\u00ed<br \/>\nTransferencia de unidad a unidad (comparte datos con unidades similares de forma inal\u00e1mbrica)     No<br \/>\nVisor de im\u00e1genes     No<br \/>\nCompatible con Garmin Connect? (comunidad online en la que puedes analizar, clasificar y compartir datos)     S\u00ed<\/p>\n","protected":false},"excerpt":{"rendered":"<p><strong>GPS de mano compacto con funciones mejoradas<\/strong><\/p>\n<p>Mapa base mundial.<br \/>\nPantalla monocroma de 2,2&#8243; f\u00e1cil de leer en cualquier situaci\u00f3n de iluminaci\u00f3n.<br \/>\nSat\u00e9lites GPS y GLONASS para adquirir la posici\u00f3n de forma m\u00e1s r\u00e1pida.<br \/>\nGeocaching sin papeles.<br \/>\nAutonom\u00eda de la bater\u00eda de 25 horas con 2 pilas AA.<\/p>\n","protected":false},"featured_media":20933,"template":"","meta":{"_exactmetrics_skip_tracking":false,"_exactmetrics_sitenote_active":false,"_exactmetrics_sitenote_note":"","_exactmetrics_sitenote_category":0,"_monsterinsights_skip_tracking":false,"_monsterinsights_sitenote_active":false,"_monsterinsights_sitenote_note":"","_monsterinsights_sitenote_category":0},"product_brand":[],"product_cat":[95,73,114],"product_tag":[],"class_list":{"0":"post-20932","1":"product","2":"type-product","3":"status-publish","4":"has-post-thumbnail","6":"product_cat-garmin","7":"product_cat-multiproposito","8":"product_cat-navegacion","10":"first","11":"instock","12":"shipping-taxable","13":"product-type-simple","14":"col-xxl","15":"col-xl-4","16":"col-lg-6","17":"col-sm-6"},"_links":{"self":[{"href":"https:\/\/kpn.com.uy\/web\/wp-json\/wp\/v2\/product\/20932","targetHints":{"allow":["GET"]}}],"collection":[{"href":"https:\/\/kpn.com.uy\/web\/wp-json\/wp\/v2\/product"}],"about":[{"href":"https:\/\/kpn.com.uy\/web\/wp-json\/wp\/v2\/types\/product"}],"wp:featuredmedia":[{"embeddable":true,"href":"https:\/\/kpn.com.uy\/web\/wp-json\/wp\/v2\/media\/20933"}],"wp:attachment":[{"href":"https:\/\/kpn.com.uy\/web\/wp-json\/wp\/v2\/media?parent=20932"}],"wp:term":[{"taxonomy":"product_brand","embeddable":true,"href":"https:\/\/kpn.com.uy\/web\/wp-json\/wp\/v2\/product_brand?post=20932"},{"taxonomy":"product_cat","embeddable":true,"href":"https:\/\/kpn.com.uy\/web\/wp-json\/wp\/v2\/product_cat?post=20932"},{"taxonomy":"product_tag","embeddable":true,"href":"https:\/\/kpn.com.uy\/web\/wp-json\/wp\/v2\/product_tag?post=20932"}],"curies":[{"name":"wp","href":"https:\/\/api.w.org\/{rel}","templated":true}]}}