{"id":20937,"date":"2017-07-29T13:39:27","date_gmt":"2017-07-29T16:39:27","guid":{"rendered":"https:\/\/kpn.com.uy\/web\/?post_type=product&#038;p=20937"},"modified":"2017-07-29T13:39:27","modified_gmt":"2017-07-29T16:39:27","slug":"etrex-20x","status":"publish","type":"product","link":"https:\/\/kpn.com.uy\/web\/producto\/etrex-20x\/","title":{"rendered":"Etrex 20x"},"content":{"rendered":"<p><strong>Caracter\u00edsticas f\u00edsicas y de rendimiento<\/strong><br \/>\nDimensiones de la unidad (Ancho\/Alto\/Profundidad)     5,4 x 10,3 x 3,3 cm<br \/>\nTama\u00f1o de la pantalla (Ancho\/Alto)     3,5 x 4,4 cm; 5,6 cm en diagonal<br \/>\nResoluci\u00f3n de pantalla (Ancho\/Alto)     240 x 320 p\u00edxeles<br \/>\nTipo de pantalla     TFT de 2,2 pulgadas transflectiva de 65.000 colores<br \/>\nPeso     141,7 g con pilas<br \/>\nBater\u00eda     2 pilas AA (no incluidas); se recomienda NiMH o litio<br \/>\nDuraci\u00f3n de la bater\u00eda     Hasta 25 horas<br \/>\nClasificaci\u00f3n de resistencia al agua     IPX7<br \/>\nReceptor de alta sensibilidad<br \/>\nInterfaz del equipo     USB<br \/>\nCamara:     No<br \/>\nPosibilidad de agregar mapas: Si<br \/>\nMemoria interna     3,7 GB incluidos los mapas preinstalados<br \/>\nAdmite tarjetas de datos     Tarjeta microSD? (no incluida)<br \/>\nPuntos de inter\u00e9s personalizables (posibilidad de agregar puntos de inter\u00e9s adicionales)<br \/>\nWaypoints     2000<br \/>\nRutas     200<br \/>\nTrack log     10.000 puntos, 200 tracks guardados<\/p>\n<p><strong>Funciones de actividades al aire libre<\/strong><br \/>\nCreaci\u00f3n autom\u00e1tica de rutas (giro a giro en carretera)     S\u00ed (con mapas opcionales con informaci\u00f3n detallada de las carreteras)<br \/>\nModo geocaching     S\u00ed (paperless)<br \/>\nPredicci\u00f3n de mareas     S\u00ed (con opcional BlueChart)<br \/>\nC\u00e1lculo de \u00e1reas: Si<br \/>\nVisor de im\u00e1genes: Si<\/p>\n","protected":false},"excerpt":{"rendered":"<p>El popular GPS de mano con pantalla mejorada y mapas preinstalados<\/p>\n<p>Pantalla con colores n\u00edtidos de 2,2 pulgadas<br \/>\nReceptor GPS de alta sensibilidad compatible con HotFix\u00ae y GLONASS<br \/>\n4 GB de memoria interna. Se puede ampliar con una tarjeta microSD? (no incluida).<br \/>\nMapa base mundial con relieve sombreado<\/p>\n<p>eTrex 20x es nuestra versi\u00f3n mejorada del popular eTrex 20, con una resoluci\u00f3n de pantalla mejorada y memoria interna ampliada con capacidad para un mayor n\u00famero de mapas. El eTrex 20x dispone de funciones mejoradas con respecto al modelo eTrex 20, a la vez que mantiene su facilidad de uso, asequibilidad y excelente durabilidad.<\/p>\n","protected":false},"featured_media":20938,"template":"","meta":{"_exactmetrics_skip_tracking":false,"_exactmetrics_sitenote_active":false,"_exactmetrics_sitenote_note":"","_exactmetrics_sitenote_category":0,"_monsterinsights_skip_tracking":false,"_monsterinsights_sitenote_active":false,"_monsterinsights_sitenote_note":"","_monsterinsights_sitenote_category":0},"product_brand":[],"product_cat":[95,73,114],"product_tag":[],"class_list":{"0":"post-20937","1":"product","2":"type-product","3":"status-publish","4":"has-post-thumbnail","6":"product_cat-garmin","7":"product_cat-multiproposito","8":"product_cat-navegacion","10":"first","11":"instock","12":"shipping-taxable","13":"product-type-simple","14":"col-xxl","15":"col-xl-4","16":"col-lg-6","17":"col-sm-6"},"_links":{"self":[{"href":"https:\/\/kpn.com.uy\/web\/wp-json\/wp\/v2\/product\/20937","targetHints":{"allow":["GET"]}}],"collection":[{"href":"https:\/\/kpn.com.uy\/web\/wp-json\/wp\/v2\/product"}],"about":[{"href":"https:\/\/kpn.com.uy\/web\/wp-json\/wp\/v2\/types\/product"}],"wp:featuredmedia":[{"embeddable":true,"href":"https:\/\/kpn.com.uy\/web\/wp-json\/wp\/v2\/media\/20938"}],"wp:attachment":[{"href":"https:\/\/kpn.com.uy\/web\/wp-json\/wp\/v2\/media?parent=20937"}],"wp:term":[{"taxonomy":"product_brand","embeddable":true,"href":"https:\/\/kpn.com.uy\/web\/wp-json\/wp\/v2\/product_brand?post=20937"},{"taxonomy":"product_cat","embeddable":true,"href":"https:\/\/kpn.com.uy\/web\/wp-json\/wp\/v2\/product_cat?post=20937"},{"taxonomy":"product_tag","embeddable":true,"href":"https:\/\/kpn.com.uy\/web\/wp-json\/wp\/v2\/product_tag?post=20937"}],"curies":[{"name":"wp","href":"https:\/\/api.w.org\/{rel}","templated":true}]}}