{"id":20949,"date":"2017-07-29T13:51:55","date_gmt":"2017-07-29T16:51:55","guid":{"rendered":"https:\/\/kpn.com.uy\/web\/?post_type=product&#038;p=20949"},"modified":"2017-07-29T13:51:56","modified_gmt":"2017-07-29T16:51:56","slug":"gpsmap-276cx-2","status":"publish","type":"product","link":"https:\/\/kpn.com.uy\/web\/producto\/gpsmap-276cx-2\/","title":{"rendered":"GPSMAP 276Cx"},"content":{"rendered":"<p><strong>Caracter\u00edsticas f\u00edsicas y de rendimiento<\/strong><br \/>\nDimensiones de la unidad (Ancho\/Alto\/Profundidad)    191,5 x 94,5 x 44,0 mm<br \/>\nPeso    450 g con la bater\u00eda recargable incluida; 415 g con pilas AA (no incluidas)<br \/>\nResistencia al agua    IPX7<br \/>\nBater\u00eda    Bater\u00eda recargable de ion-litio (incluida) o 3 pilas AA (no incluidas); se recomienda NiMH o litio<br \/>\nTipo de pantalla    Brillante pantalla WVGA que puede leerse a la luz del sol<br \/>\nTama\u00f1o de la pantalla (Ancho\/Alto)    127,0 mm (5,0&#8243;) de diagonal<br \/>\nResoluci\u00f3n de pantalla (Ancho\/Alto)    800 x 480 p\u00edxeles<br \/>\nAutonom\u00eda de la pila\/bater\u00eda    Hasta 16 horas (ion-litio); hasta 8 horas (pilas AA)<br \/>\nMemoria\/historial    3.2 GB (se pueden usar 6 GB)<br \/>\nReceptor de alta sensibilidad<br \/>\nInterfaz del equipo    Compatible con USB de alta velocidad y NMEA 0183<\/p>\n<p><strong>Mapas y memoria<\/strong><br \/>\nMapa base<br \/>\nMapas preinstalados    Mapa preinstalado de Uruguay<br \/>\nPosibilidad de agregar mapas<br \/>\nAdmite tarjetas de datos    Tarjeta microSD? (no incluida)<br \/>\nPuntos de inter\u00e9s personalizables (posibilidad de agregar puntos de inter\u00e9s adicionales)<br \/>\nWaypoints    10.000<br \/>\nRutas    250<br \/>\nTracks    20.000 puntos, 250 tracks guardados<\/p>\n<p><strong>Sensores<\/strong><br \/>\nAlt\u00edmetro barom\u00e9trico<br \/>\nBr\u00fajula    S\u00ed (tres ejes con inclinaci\u00f3n compensada)<\/p>\n<p><strong>Funciones de ocio al aire libre<\/strong><br \/>\nCreaci\u00f3n autom\u00e1tica de rutas (giro a giro en carretera)    S\u00ed (con mapas opcionales con informaci\u00f3n detallada de las carreteras)<br \/>\nCompatible con los mapas personalizados<br \/>\nCalendario de caza y pesca<br \/>\nInformaci\u00f3n astron\u00f3mica<br \/>\nCamera    No<\/p>\n<p><strong>Garmin Connect<\/strong><br \/>\nCompatible con Garmin Connect? (comunidad online en la que puedes analizar, clasificar y compartir datos)    <\/p>\n<p><strong>Caracter\u00edsticas adicionales <\/strong><br \/>\nN\u00famero m\u00e1ximo de segmentos de mapas: 15.000<br \/>\nWi-Fi: s\u00ed<br \/>\nANT+: s\u00ed<br \/>\nBluetooth: s\u00ed<br \/>\nTiempo activo: s\u00ed<\/p>\n","protected":false},"excerpt":{"rendered":"<p>Desarrollado a partir del vers\u00e1til GPSMAP 276C, y con su misma fant\u00e1stica capacidad de personalizaci\u00f3n.<br \/>\nCon m\u00e1s sensores: GPS+GLONASS, alt\u00edmetro y br\u00fajula en 3D.<br \/>\nEnorme pantalla WVGA de 5&#8243; legible a la luz del sol.<br \/>\nNavegaci\u00f3n avanzada (opcional): modo automoci\u00f3n, indicaciones por voz TTS, carreteras con curvas, etc.<br \/>\nM\u00e1xima conectividad mediante Bluetooth\u00ae, ANT+\u00ae y WiFi\u00ae, para que nunca dejes de estar comunicado.<br \/>\nMapa preinstalado de Uruguay.<br \/>\nCon m\u00e1s opciones de mapas, incluida la compatibilidad con BlueChart\u00ae g2 y TOPO Map.<\/p>\n","protected":false},"featured_media":20950,"template":"","meta":{"_exactmetrics_skip_tracking":false,"_exactmetrics_sitenote_active":false,"_exactmetrics_sitenote_note":"","_exactmetrics_sitenote_category":0,"_monsterinsights_skip_tracking":false,"_monsterinsights_sitenote_active":false,"_monsterinsights_sitenote_note":"","_monsterinsights_sitenote_category":0},"product_brand":[],"product_cat":[95,73,114],"product_tag":[],"class_list":{"0":"post-20949","1":"product","2":"type-product","3":"status-publish","4":"has-post-thumbnail","6":"product_cat-garmin","7":"product_cat-multiproposito","8":"product_cat-navegacion","10":"first","11":"instock","12":"shipping-taxable","13":"product-type-simple","14":"col-xxl","15":"col-xl-4","16":"col-lg-6","17":"col-sm-6"},"_links":{"self":[{"href":"https:\/\/kpn.com.uy\/web\/wp-json\/wp\/v2\/product\/20949","targetHints":{"allow":["GET"]}}],"collection":[{"href":"https:\/\/kpn.com.uy\/web\/wp-json\/wp\/v2\/product"}],"about":[{"href":"https:\/\/kpn.com.uy\/web\/wp-json\/wp\/v2\/types\/product"}],"wp:featuredmedia":[{"embeddable":true,"href":"https:\/\/kpn.com.uy\/web\/wp-json\/wp\/v2\/media\/20950"}],"wp:attachment":[{"href":"https:\/\/kpn.com.uy\/web\/wp-json\/wp\/v2\/media?parent=20949"}],"wp:term":[{"taxonomy":"product_brand","embeddable":true,"href":"https:\/\/kpn.com.uy\/web\/wp-json\/wp\/v2\/product_brand?post=20949"},{"taxonomy":"product_cat","embeddable":true,"href":"https:\/\/kpn.com.uy\/web\/wp-json\/wp\/v2\/product_cat?post=20949"},{"taxonomy":"product_tag","embeddable":true,"href":"https:\/\/kpn.com.uy\/web\/wp-json\/wp\/v2\/product_tag?post=20949"}],"curies":[{"name":"wp","href":"https:\/\/api.w.org\/{rel}","templated":true}]}}