{"id":20954,"date":"2017-07-29T14:38:09","date_gmt":"2017-07-29T17:38:09","guid":{"rendered":"https:\/\/kpn.com.uy\/web\/?post_type=product&#038;p=20954"},"modified":"2017-07-29T14:38:10","modified_gmt":"2017-07-29T17:38:10","slug":"montana-680","status":"publish","type":"product","link":"https:\/\/kpn.com.uy\/web\/producto\/montana-680\/","title":{"rendered":"Montana 680"},"content":{"rendered":"<p>Dise\u00f1ado para su uso en senderos, en carreteras o en agua, el dispositivo Montana 680 de Garmin te guiar\u00e1 a donde quiera que vayas.<br \/>\nCon una gran pantalla t\u00e1ctil de 4&#8243; mejorada, orientaci\u00f3n doble y posicionamiento GPS y GLONASS para controlar tu posici\u00f3n m\u00e1s r\u00e1pido y con mayor precisi\u00f3n, incluso en los entornos m\u00e1s dif\u00edciles.<br \/>\nCon el nuevo Track Manager, es f\u00e1cil ver d\u00f3nde est\u00e1s en todo momento y controlar c\u00f3modamente tu grabaci\u00f3n del track.<br \/>\nEl Montana 680 incluye una br\u00fajula electr\u00f3nica de tres ejes con alt\u00edmetro barom\u00e9trico y 1 a\u00f1o gratis de suscripci\u00f3n a im\u00e1genes por sat\u00e9lite BirdsEye1.<br \/>\nEl Montana 680 es Robusto, resistente al agua, incluye una c\u00e1mara de 8 megap\u00edxeles y est\u00e1 dise\u00f1ado para soportar las inclemencias meteorol\u00f3gicas.<\/p>\n<p><strong>Fotograf\u00edas con georeferenciadas<\/strong><br \/>\nCaptura ubicaciones y recuerdos con la c\u00e1mara digital de 8 megap\u00edxeles del Montana 680. Cada fotograf\u00eda se geoetiqueta autom\u00e1ticamente con la ubicaci\u00f3n donde fue tomada, lo que te permitir\u00e1 navegar de nuevo a ese punto exacto en el futuro. Realiza y visualiza las fotograf\u00edas con una orientaci\u00f3n horizontal o vertical. Realiza un seguimiento de tus fotograf\u00edas y comprueba sus ubicaciones en un mapa con BaseCamp?. Introduce una tarjeta microSD? para obtener m\u00e1s espacio de almacenamiento o para ver las fotograf\u00edas de otros dispositivos.<\/p>\n<p><strong>ESPECIFICACIONES<\/strong><br \/>\n<strong>Caracter\u00edsticas f\u00edsicas y de rendimiento<\/strong><br \/>\nDimensiones de la unidad (Ancho\/Alto\/Profundidad)    7,48 x 14,42 x 3,64 cm<br \/>\nPeso    289 g (10,2 oz) con una bater\u00eda de i\u00f3n-litio (incluida); 333 g (11,7 oz) con tres pilas AA (no incluidas)<br \/>\nResistencia al agua    IPX7<br \/>\nBater\u00eda    Bater\u00eda recargable de i\u00f3n-litio (incluida) o 3 pilas AA (no incluidas); se recomienda NiMH o litio<br \/>\nPantalla t\u00e1ctil     si<br \/>\nTipo de pantalla    Pantalla t\u00e1ctil TFT brillante y transflectiva de 65.000 colores, con orientaci\u00f3n doble y que puede leerse a la luz del sol<br \/>\nTama\u00f1o de la pantalla (Ancho\/Alto)    5,06 x 8,93 cm; 4&#8243; en diagonal (10,2 cm)<br \/>\nResoluci\u00f3n de pantalla (Ancho\/Alto)    272 x 480 p\u00edxeles<br \/>\nAutonom\u00eda de la pila\/bater\u00eda    Hasta 16 horas (i\u00f3n-litio); hasta 22 horas (pilas AA)<br \/>\nMemoria\/historial    2,7 GB<br \/>\nReceptor de alta sensibilidad<br \/>\nInterfaz del equipo    Compatible con USB de alta velocidad y NMEA 0183<\/p>\n<p><strong>Mapas y memoria<\/strong><br \/>\nMapa base<br \/>\nMapas preinstalados    1 a\u00f1o de suscripci\u00f3n a im\u00e1genes por sat\u00e9lite BirdsEye listo para descargar una vez hayas registrado el dispositivo.<br \/>\nPosibilidad de agregar mapas<br \/>\nAdmite tarjetas de datos    Tarjeta microSD? (no incluida)<br \/>\nPuntos de inter\u00e9s personalizables (posibilidad de agregar puntos de inter\u00e9s adicionales)<br \/>\nWaypoints    4000<br \/>\nRutas    200<br \/>\nTracks    10.000 puntos, 200 tracks guardados<\/p>\n<p><strong>Sensores<\/strong><br \/>\nAlt\u00edmetro barom\u00e9trico<br \/>\nBr\u00fajula    S\u00ed (tres ejes con inclinaci\u00f3n compensada)<\/p>\n<p><strong>Funciones de ocio al aire libre<\/strong><br \/>\nC\u00e1lculo de \u00e1reas<br \/>\nCreaci\u00f3n autom\u00e1tica de rutas (giro a giro en carretera)    S\u00ed (con mapas opcionales con informaci\u00f3n detallada de las carreteras)<br \/>\nModo geocaching    S\u00ed (paperless)<br \/>\nCompatible con los mapas personalizados<br \/>\nCalendario de caza y pesca<br \/>\nInformaci\u00f3n astron\u00f3mica<br \/>\nCamera    S\u00ed (8 megap\u00edxeles con enfoque y geoetiquetado autom\u00e1ticos)<br \/>\nVisor de im\u00e1genes    <\/p>\n<p><strong>Garmin Connect<\/strong><br \/>\nCompatible con Garmin Connect (comunidad online en la que puedes analizar, clasificar y compartir datos)    <\/p>\n<p><strong>Adicional<\/strong><br \/>\nCaracter\u00edsticas adicionales    Receptor GPS de alta sensibilidad para se\u00f1ales de GPS y GLONASS<br \/>\n250 000 geocach\u00e9s preinstalados<br \/>\nNuevo y mejorado track manager<\/p>\n","protected":false},"excerpt":{"rendered":"<p>GPS y GLONASS: posicionamiento por sat\u00e9lite mejor y m\u00e1s r\u00e1pido.<br \/>\nPantalla de 4&#8243; con orientaci\u00f3n doble optimizada para outdoor: para una lectura f\u00e1cil en cualquier condici\u00f3n.<br \/>\nContenido preinstalado: 250 000 geocach\u00e9s de Geocaching.com y 1 a\u00f1o gratis de im\u00e1genes por sat\u00e9lite BirdsEye.<br \/>\nIncluye un nuevo Track Manager que ofrece una mejor experiencia de usuario y m\u00e1s control.<br \/>\nC\u00e1mara de 8 megap\u00edxeles para fotograf\u00edas con geoetiquetas de alta resoluci\u00f3n.<br \/>\nNavegaci\u00f3n completa en cualquier sitio con funciones, pantalla y soporte m\u00e1s vers\u00e1tiles.<br \/>\nAlt\u00edmetro barom\u00e9trico y br\u00fajula de tres ejes.<\/p>\n","protected":false},"featured_media":20955,"template":"","meta":{"_exactmetrics_skip_tracking":false,"_exactmetrics_sitenote_active":false,"_exactmetrics_sitenote_note":"","_exactmetrics_sitenote_category":0,"_monsterinsights_skip_tracking":false,"_monsterinsights_sitenote_active":false,"_monsterinsights_sitenote_note":"","_monsterinsights_sitenote_category":0},"product_brand":[],"product_cat":[95,73,114],"product_tag":[],"class_list":{"0":"post-20954","1":"product","2":"type-product","3":"status-publish","4":"has-post-thumbnail","6":"product_cat-garmin","7":"product_cat-multiproposito","8":"product_cat-navegacion","10":"first","11":"instock","12":"shipping-taxable","13":"product-type-simple","14":"col-xxl","15":"col-xl-4","16":"col-lg-6","17":"col-sm-6"},"_links":{"self":[{"href":"https:\/\/kpn.com.uy\/web\/wp-json\/wp\/v2\/product\/20954","targetHints":{"allow":["GET"]}}],"collection":[{"href":"https:\/\/kpn.com.uy\/web\/wp-json\/wp\/v2\/product"}],"about":[{"href":"https:\/\/kpn.com.uy\/web\/wp-json\/wp\/v2\/types\/product"}],"wp:featuredmedia":[{"embeddable":true,"href":"https:\/\/kpn.com.uy\/web\/wp-json\/wp\/v2\/media\/20955"}],"wp:attachment":[{"href":"https:\/\/kpn.com.uy\/web\/wp-json\/wp\/v2\/media?parent=20954"}],"wp:term":[{"taxonomy":"product_brand","embeddable":true,"href":"https:\/\/kpn.com.uy\/web\/wp-json\/wp\/v2\/product_brand?post=20954"},{"taxonomy":"product_cat","embeddable":true,"href":"https:\/\/kpn.com.uy\/web\/wp-json\/wp\/v2\/product_cat?post=20954"},{"taxonomy":"product_tag","embeddable":true,"href":"https:\/\/kpn.com.uy\/web\/wp-json\/wp\/v2\/product_tag?post=20954"}],"curies":[{"name":"wp","href":"https:\/\/api.w.org\/{rel}","templated":true}]}}