{"id":20985,"date":"2017-07-29T15:15:30","date_gmt":"2017-07-29T18:15:30","guid":{"rendered":"https:\/\/kpn.com.uy\/web\/?post_type=product&#038;p=20985"},"modified":"2022-05-23T16:44:05","modified_gmt":"2022-05-23T19:44:05","slug":"kolida-kl32","status":"publish","type":"product","link":"https:\/\/kpn.com.uy\/web\/producto\/kolida-kl32\/","title":{"rendered":"KOLIDA KL32x"},"content":{"rendered":"","protected":false},"excerpt":{"rendered":"<p>El nivel autom\u00e1tico,Kolida modelo KLA-32 es un equipo dise\u00f1ado para ser usado en nivelaciones de tercer y cuarto orden, para control geod\u00e9sico, construcci\u00f3n de caminos, y en aplicaciones industriales.<br \/>\nTrabaja a temperaduras de -30\u2103 a +50\u2103.<\/p>\n<p><strong>Caracter\u00edsticas:<\/strong><br \/>\n&#8211; Excelente funci\u00f3n a prueba de golpes con patente<br \/>\n&#8211; Campo magn\u00e9tico cerrado exclusivo, compensador amortiguado y magn\u00e9tico<br \/>\n&#8211; Estructura totalmente sellada para uso en cualquier clima<br \/>\n&#8211; Observaci\u00f3n del frasco circular tipo reflector<\/p>\n<p><a href=\"https:\/\/kpn.com.uy\/web\/wp-content\/uploads\/2017\/07\/Descargar-Folleto.pdf\" target=\"_blank\" rel=\"noopener noreferrer\"><span class=\"btn btn-sm btn-primary\">Descargar PDF<\/span><\/a><\/p>\n","protected":false},"featured_media":20986,"template":"","meta":{"_exactmetrics_skip_tracking":false,"_exactmetrics_sitenote_active":false,"_exactmetrics_sitenote_note":"","_exactmetrics_sitenote_category":0,"_monsterinsights_skip_tracking":false,"_monsterinsights_sitenote_active":false,"_monsterinsights_sitenote_note":"","_monsterinsights_sitenote_category":0},"product_brand":[],"product_cat":[258,109,96,264,394,76],"product_tag":[],"class_list":{"0":"post-20985","1":"product","2":"type-product","3":"status-publish","4":"has-post-thumbnail","6":"product_cat-arquitectura","7":"product_cat-ingenieria","8":"product_cat-kolida","9":"product_cat-nivel-optico","10":"product_cat-niveles","11":"product_cat-nivelesopticos","13":"first","14":"instock","15":"shipping-taxable","16":"product-type-simple","17":"col-xxl","18":"col-xl-4","19":"col-lg-6","20":"col-sm-6"},"_links":{"self":[{"href":"https:\/\/kpn.com.uy\/web\/wp-json\/wp\/v2\/product\/20985","targetHints":{"allow":["GET"]}}],"collection":[{"href":"https:\/\/kpn.com.uy\/web\/wp-json\/wp\/v2\/product"}],"about":[{"href":"https:\/\/kpn.com.uy\/web\/wp-json\/wp\/v2\/types\/product"}],"wp:featuredmedia":[{"embeddable":true,"href":"https:\/\/kpn.com.uy\/web\/wp-json\/wp\/v2\/media\/20986"}],"wp:attachment":[{"href":"https:\/\/kpn.com.uy\/web\/wp-json\/wp\/v2\/media?parent=20985"}],"wp:term":[{"taxonomy":"product_brand","embeddable":true,"href":"https:\/\/kpn.com.uy\/web\/wp-json\/wp\/v2\/product_brand?post=20985"},{"taxonomy":"product_cat","embeddable":true,"href":"https:\/\/kpn.com.uy\/web\/wp-json\/wp\/v2\/product_cat?post=20985"},{"taxonomy":"product_tag","embeddable":true,"href":"https:\/\/kpn.com.uy\/web\/wp-json\/wp\/v2\/product_tag?post=20985"}],"curies":[{"name":"wp","href":"https:\/\/api.w.org\/{rel}","templated":true}]}}