{"id":20988,"date":"2017-07-29T15:20:13","date_gmt":"2017-07-29T18:20:13","guid":{"rendered":"https:\/\/kpn.com.uy\/web\/?post_type=product&#038;p=20988"},"modified":"2017-07-29T15:22:21","modified_gmt":"2017-07-29T18:22:21","slug":"midland-lxt-600","status":"publish","type":"product","link":"https:\/\/kpn.com.uy\/web\/producto\/midland-lxt-600\/","title":{"rendered":"Midland LXT 600"},"content":{"rendered":"","protected":false},"excerpt":{"rendered":"<p><strong>Caracter\u00edsticas:<\/strong><\/p>\n<p>&#8211; 22 Canales mas 14 canales extras, clara comunicaci\u00f3n con un facil acceso mediante botones.<br \/>\n&#8211; Rango de hasta 48 Km.<br \/>\n&#8211; 121 Codigos de Privacidad.<br \/>\n&#8211; Operaci\u00f3n silenciosa &#8211;\u00a0Permite desactivar todos los tonos de la radio.<br \/>\n&#8211; Configuraci\u00f3n\u00a0de poder HI\/LO- Permite ajustar el poder de transmisi\u00f3n para aumentar la duraci\u00f3n de las bater\u00edas.<br \/>\n&#8211; eVOX: Funci\u00f3n de manos libres con activaci\u00f3n por voz.<br \/>\n&#8211; Monitor: Revisa la actividad en otros canales sin necesidad de abandonar tu canal.<\/p>\n","protected":false},"featured_media":20991,"template":"","meta":{"_exactmetrics_skip_tracking":false,"_exactmetrics_sitenote_active":false,"_exactmetrics_sitenote_note":"","_exactmetrics_sitenote_category":0,"_monsterinsights_skip_tracking":false,"_monsterinsights_sitenote_active":false,"_monsterinsights_sitenote_note":"","_monsterinsights_sitenote_category":0},"product_brand":[],"product_cat":[98,80],"product_tag":[],"class_list":{"0":"post-20988","1":"product","2":"type-product","3":"status-publish","4":"has-post-thumbnail","6":"product_cat-midland","7":"product_cat-radios","9":"first","10":"instock","11":"shipping-taxable","12":"product-type-simple","13":"col-xxl","14":"col-xl-4","15":"col-lg-6","16":"col-sm-6"},"_links":{"self":[{"href":"https:\/\/kpn.com.uy\/web\/wp-json\/wp\/v2\/product\/20988","targetHints":{"allow":["GET"]}}],"collection":[{"href":"https:\/\/kpn.com.uy\/web\/wp-json\/wp\/v2\/product"}],"about":[{"href":"https:\/\/kpn.com.uy\/web\/wp-json\/wp\/v2\/types\/product"}],"wp:featuredmedia":[{"embeddable":true,"href":"https:\/\/kpn.com.uy\/web\/wp-json\/wp\/v2\/media\/20991"}],"wp:attachment":[{"href":"https:\/\/kpn.com.uy\/web\/wp-json\/wp\/v2\/media?parent=20988"}],"wp:term":[{"taxonomy":"product_brand","embeddable":true,"href":"https:\/\/kpn.com.uy\/web\/wp-json\/wp\/v2\/product_brand?post=20988"},{"taxonomy":"product_cat","embeddable":true,"href":"https:\/\/kpn.com.uy\/web\/wp-json\/wp\/v2\/product_cat?post=20988"},{"taxonomy":"product_tag","embeddable":true,"href":"https:\/\/kpn.com.uy\/web\/wp-json\/wp\/v2\/product_tag?post=20988"}],"curies":[{"name":"wp","href":"https:\/\/api.w.org\/{rel}","templated":true}]}}